{"id":50555,"date":"2024-03-04T14:10:59","date_gmt":"2024-03-04T14:10:59","guid":{"rendered":"https:\/\/pfkeepers.com\/produto\/hikari-goldfish-staple-baby-pellets-100g\/"},"modified":"2026-04-19T00:16:23","modified_gmt":"2026-04-19T00:16:23","slug":"hikari-goldfish-staple-baby-pellets-100g","status":"publish","type":"product","link":"https:\/\/pfkeepers.com\/english\/product\/hikari-goldfish-staple-baby-pellets-100g\/","title":{"rendered":"Hikari GoldFish Staple Baby pellets 100g"},"content":{"rendered":"<p>Voc\u00ea sabia que o Goldfish prefere comer plantas vivas?<br \/>\nNa natureza, os peixes dourados procuram alimentos naturais, como plantas aqu\u00e1ticas, para saciar o apetite. Hikari\u00ae Goldfish Staple \u2122 cont\u00e9m n\u00edveis mais elevados de mat\u00e9ria vegetal, incluindo alfafa, couve e Mulukhiya para uma oferta naturalmente saborosa.<br \/>\nSem cores ou sabores artificiais adicionados<br \/>\nA cor verde natural \u00e9 derivada de ingredientes altamente nutritivos e n\u00e3o afetar\u00e1 negativamente a \u00e1gua do seu animal de estima\u00e7\u00e3o.<br \/>\nUma formula\u00e7\u00e3o cientificamente balanceada que n\u00e3o requer alimenta\u00e7\u00e3o suplementar<br \/>\nCont\u00e9m todas as vitaminas e nutrientes necess\u00e1rios para que seu animal de estima\u00e7\u00e3o tenha uma vida saud\u00e1vel. Nossas caracter\u00edsticas de crescimento verificadas em laborat\u00f3rio tornam esta dieta inicial ideal para a maioria das variedades de Goldfish.<br \/>\nSua melhor escolha para peixes dourados e filhotes de Koi maiores que 35 mm ou 1,5 polegadas<br \/>\nEsta pelota flutuante para beb\u00eas \u00e9 f\u00e1cil de alimentar e permite monitorar prontamente a ingest\u00e3o de seu animal de estima\u00e7\u00e3o para minimizar o desperd\u00edcio.<\/p>","protected":false},"excerpt":{"rendered":"<p>Voc\u00ea sabia que o Goldfish prefere comer plantas vivas? Na natureza, os peixes dourados procuram alimentos naturais, como plantas aqu\u00e1ticas, para saciar o apetite. Hikari\u00ae Goldfish Staple \u2122 cont\u00e9m n\u00edveis mais elevados de mat\u00e9ria vegetal, incluindo alfafa, couve e Mulukhiya para uma oferta naturalmente saborosa. Sem cores ou sabores artificiais adicionados A cor verde natural &hellip;<\/p>\n<p class=\"read-more\"> <a class=\"\" href=\"https:\/\/pfkeepers.com\/english\/product\/hikari-goldfish-staple-baby-pellets-100g\/\"> <span class=\"screen-reader-text\">Hikari GoldFish Staple Baby pellets 100g<\/span> Read More &raquo;<\/a><\/p>","protected":false},"featured_media":50556,"template":"","meta":{"site-sidebar-layout":"default","site-content-layout":"","ast-site-content-layout":"","site-content-style":"default","site-sidebar-style":"default","ast-global-header-display":"","ast-banner-title-visibility":"","ast-main-header-display":"","ast-hfb-above-header-display":"","ast-hfb-below-header-display":"","ast-hfb-mobile-header-display":"","site-post-title":"","ast-breadcrumbs-content":"","ast-featured-img":"","footer-sml-layout":"","theme-transparent-header-meta":"","adv-header-id-meta":"","stick-header-meta":"","header-above-stick-meta":"","header-main-stick-meta":"","header-below-stick-meta":"","astra-migrate-meta-layouts":""},"product_cat":[1479],"product_tag":[893],"_links":{"self":[{"href":"https:\/\/pfkeepers.com\/english\/wp-json\/wp\/v2\/product\/50555"}],"collection":[{"href":"https:\/\/pfkeepers.com\/english\/wp-json\/wp\/v2\/product"}],"about":[{"href":"https:\/\/pfkeepers.com\/english\/wp-json\/wp\/v2\/types\/product"}],"wp:featuredmedia":[{"embeddable":true,"href":"https:\/\/pfkeepers.com\/english\/wp-json\/wp\/v2\/media\/50556"}],"wp:attachment":[{"href":"https:\/\/pfkeepers.com\/english\/wp-json\/wp\/v2\/media?parent=50555"}],"wp:term":[{"taxonomy":"product_cat","embeddable":true,"href":"https:\/\/pfkeepers.com\/english\/wp-json\/wp\/v2\/product_cat?post=50555"},{"taxonomy":"product_tag","embeddable":true,"href":"https:\/\/pfkeepers.com\/english\/wp-json\/wp\/v2\/product_tag?post=50555"}],"curies":[{"name":"wp","href":"https:\/\/api.w.org\/{rel}","templated":true}]}}