{"id":50547,"date":"2024-03-04T14:10:45","date_gmt":"2024-03-04T14:10:45","guid":{"rendered":"https:\/\/pfkeepers.com\/produto\/red-fire-neocaridina-davidi\/"},"modified":"2025-05-03T14:35:28","modified_gmt":"2025-05-03T14:35:28","slug":"red-fire-neocaridina-davidi","status":"publish","type":"product","link":"https:\/\/pfkeepers.com\/english\/product\/red-fire-neocaridina-davidi\/","title":{"rendered":"Red Fire &#8211; Neocaridina davidi"},"content":{"rendered":"<p>Pode haver uma ligeira mancha nas pernas e pode haver alguma translucidez para a carapa\u00e7a de tal forma que a sela ainda seja vis\u00edvel, mas o corpo \u00e9 um vermelho vivo. S\u00e3o muito resistentes e vers\u00e1teis. Aqui na loja mantemo-los com ph de 6.5, GH de 5 e Kh de 4. A temperatura oscila entre os 22 e os 26\u00ba.<\/p>\n<p>Tamanho para venda: 1.2-1.7cm.<\/p>","protected":false},"excerpt":{"rendered":"<p>Pode haver uma ligeira mancha nas pernas e pode haver alguma translucidez para a carapa\u00e7a de tal forma que a sela ainda seja vis\u00edvel, mas o corpo \u00e9 um vermelho vivo. S\u00e3o muito resistentes e vers\u00e1teis. Aqui na loja mantemo-los com ph de 6.5, GH de 5 e Kh de 4. A temperatura oscila entre &hellip;<\/p>\n<p class=\"read-more\"> <a class=\"\" href=\"https:\/\/pfkeepers.com\/english\/product\/red-fire-neocaridina-davidi\/\"> <span class=\"screen-reader-text\">Red Fire &#8211; Neocaridina davidi<\/span> Read More &raquo;<\/a><\/p>","protected":false},"featured_media":50548,"template":"","meta":{"site-sidebar-layout":"default","site-content-layout":"","ast-site-content-layout":"","site-content-style":"default","site-sidebar-style":"default","ast-global-header-display":"","ast-banner-title-visibility":"","ast-main-header-display":"","ast-hfb-above-header-display":"","ast-hfb-below-header-display":"","ast-hfb-mobile-header-display":"","site-post-title":"","ast-breadcrumbs-content":"","ast-featured-img":"","footer-sml-layout":"","theme-transparent-header-meta":"","adv-header-id-meta":"","stick-header-meta":"","header-above-stick-meta":"","header-main-stick-meta":"","header-below-stick-meta":"","astra-migrate-meta-layouts":""},"product_cat":[1368],"product_tag":[],"_links":{"self":[{"href":"https:\/\/pfkeepers.com\/english\/wp-json\/wp\/v2\/product\/50547"}],"collection":[{"href":"https:\/\/pfkeepers.com\/english\/wp-json\/wp\/v2\/product"}],"about":[{"href":"https:\/\/pfkeepers.com\/english\/wp-json\/wp\/v2\/types\/product"}],"wp:featuredmedia":[{"embeddable":true,"href":"https:\/\/pfkeepers.com\/english\/wp-json\/wp\/v2\/media\/50548"}],"wp:attachment":[{"href":"https:\/\/pfkeepers.com\/english\/wp-json\/wp\/v2\/media?parent=50547"}],"wp:term":[{"taxonomy":"product_cat","embeddable":true,"href":"https:\/\/pfkeepers.com\/english\/wp-json\/wp\/v2\/product_cat?post=50547"},{"taxonomy":"product_tag","embeddable":true,"href":"https:\/\/pfkeepers.com\/english\/wp-json\/wp\/v2\/product_tag?post=50547"}],"curies":[{"name":"wp","href":"https:\/\/api.w.org\/{rel}","templated":true}]}}