{"id":50517,"date":"2024-03-04T14:09:52","date_gmt":"2024-03-04T14:09:52","guid":{"rendered":"https:\/\/pfkeepers.com\/produto\/coraffix-gel-cyanoacrylate-adhesive-gel-20g-two-little-fishies\/"},"modified":"2026-04-19T00:15:56","modified_gmt":"2026-04-19T00:15:56","slug":"coraffix-gel-cyanoacrylate-adhesive-gel-20g-two-little-fishies","status":"publish","type":"product","link":"https:\/\/pfkeepers.com\/english\/product\/coraffix-gel-cyanoacrylate-adhesive-gel-20g-two-little-fishies\/","title":{"rendered":"Two Little Fishies CorAffix Gel Cyanoacrylate Adhesive Gel 20g"},"content":{"rendered":"<p>CorAffix \u00e9 um composto de liga\u00e7\u00e3o de etil cianoacrilato com consist\u00eancia de gel espesso e liga\u00e7\u00e3o extremamente r\u00e1pida. \u00c9 muito f\u00e1cil de usar para anexar fragmentos de corais rochosos, zoant\u00eddeos e alguns corais moles a plugues ou bases.<\/p>\n<p>Adequado para anexar corais rochosos e outros invertebrados em posi\u00e7\u00f5es naturais na rocha viva em aqu\u00e1rios.<\/p>\n<p>Tamb\u00e9m \u00e9 bom para Aquascaping.<br \/>\nO v\u00ednculo se forma embaixo d&#8217;\u00e1gua em 10 segundos.<br \/>\nO prazo de validade \u00e9 de 2 anos.<\/p>\n<p>CorAffix Pro \u00e9 um composto de liga\u00e7\u00e3o de etil cianoacrilato com consist\u00eancia de gel espesso e liga\u00e7\u00e3o extremamente r\u00e1pida.<\/p>\n<p>\u00c9 muito f\u00e1cil de usar para prender fragmentos de corais rochosos, zoant\u00eddeos e alguns corais moles a plugues ou bases.<\/p>","protected":false},"excerpt":{"rendered":"<p>CorAffix \u00e9 um composto de liga\u00e7\u00e3o de etil cianoacrilato com consist\u00eancia de gel espesso e liga\u00e7\u00e3o extremamente r\u00e1pida. \u00c9 muito f\u00e1cil de usar para anexar fragmentos de corais rochosos, zoant\u00eddeos e alguns corais moles a plugues ou bases. Adequado para anexar corais rochosos e outros invertebrados em posi\u00e7\u00f5es naturais na rocha viva em aqu\u00e1rios. Tamb\u00e9m &hellip;<\/p>\n<p class=\"read-more\"> <a class=\"\" href=\"https:\/\/pfkeepers.com\/english\/product\/coraffix-gel-cyanoacrylate-adhesive-gel-20g-two-little-fishies\/\"> <span class=\"screen-reader-text\">Two Little Fishies CorAffix Gel Cyanoacrylate Adhesive Gel 20g<\/span> Read More &raquo;<\/a><\/p>","protected":false},"featured_media":50518,"template":"","meta":{"site-sidebar-layout":"default","site-content-layout":"","ast-site-content-layout":"","site-content-style":"default","site-sidebar-style":"default","ast-global-header-display":"","ast-banner-title-visibility":"","ast-main-header-display":"","ast-hfb-above-header-display":"","ast-hfb-below-header-display":"","ast-hfb-mobile-header-display":"","site-post-title":"","ast-breadcrumbs-content":"","ast-featured-img":"","footer-sml-layout":"","theme-transparent-header-meta":"","adv-header-id-meta":"","stick-header-meta":"","header-above-stick-meta":"","header-main-stick-meta":"","header-below-stick-meta":"","astra-migrate-meta-layouts":""},"product_cat":[1353],"product_tag":[1071],"_links":{"self":[{"href":"https:\/\/pfkeepers.com\/english\/wp-json\/wp\/v2\/product\/50517"}],"collection":[{"href":"https:\/\/pfkeepers.com\/english\/wp-json\/wp\/v2\/product"}],"about":[{"href":"https:\/\/pfkeepers.com\/english\/wp-json\/wp\/v2\/types\/product"}],"wp:featuredmedia":[{"embeddable":true,"href":"https:\/\/pfkeepers.com\/english\/wp-json\/wp\/v2\/media\/50518"}],"wp:attachment":[{"href":"https:\/\/pfkeepers.com\/english\/wp-json\/wp\/v2\/media?parent=50517"}],"wp:term":[{"taxonomy":"product_cat","embeddable":true,"href":"https:\/\/pfkeepers.com\/english\/wp-json\/wp\/v2\/product_cat?post=50517"},{"taxonomy":"product_tag","embeddable":true,"href":"https:\/\/pfkeepers.com\/english\/wp-json\/wp\/v2\/product_tag?post=50517"}],"curies":[{"name":"wp","href":"https:\/\/api.w.org\/{rel}","templated":true}]}}