{"id":50498,"date":"2024-03-04T14:09:01","date_gmt":"2024-03-04T14:09:01","guid":{"rendered":"https:\/\/pfkeepers.com\/produto\/loc-line1-2-npt-1-2-connector\/"},"modified":"2026-04-19T00:15:44","modified_gmt":"2026-04-19T00:15:44","slug":"loc-line1-2-npt-1-2-connector","status":"publish","type":"product","link":"https:\/\/pfkeepers.com\/english\/product\/loc-line1-2-npt-1-2-connector\/","title":{"rendered":"Peixe Borboleta Africano &#8211; Pantodon buchoili"},"content":{"rendered":"<p>Distribui\u00e7\u00e3o<\/p>\n<p>Rep\u00fablica do Congo, Rep\u00fablica Democr\u00e1tica do Congo, Camar\u00f5es, Rep\u00fablica Centro-Africana, Benim, Chade, Nig\u00e9ria, Serra Leoa, N\u00edger, Gab\u00e3o.<\/p>\n<p>Habitat<\/p>\n<p>Habita \u00e1guas calmas e calmas em riachos, lagos e p\u00e2ntanos. Estes habitats t\u00eam geralmente vegeta\u00e7\u00e3o aqu\u00e1tica densa ou suspensa.<\/p>\n<p>Comprimento Padr\u00e3o M\u00e1ximo<\/p>\n<p>4,8\u2033 (12 cm).<\/p>\n<p>Tamanho do aqu\u00e1rio<\/p>\n<p>36\u2033 x 12\u2033 x 12\u2033 (90x30x30cm) \u2013 80 litros. A largura do tanque \u00e9 muito mais importante do que a profundidade e, se poss\u00edvel, deve ser utilizado um tanque com mais de 15\u2033 de largura.<\/p>\n<p>Maintenence<\/p>\n<p>Esta esp\u00e9cie desenvolve-se melhor em \u00e1gua ligeiramente mole e \u00e1cida, de prefer\u00eancia tingida com taninos. Qualquer movimento de \u00e1gua deve ser reduzido ao m\u00ednimo. O aqu\u00e1rio deve ser pouco iluminado com plantas flutuantes para difundir mais a luz e permitir que o peixe-borboleta exiba o seu comportamento natural. A decora\u00e7\u00e3o abaixo da superf\u00edcie \u00e9 muito menos importante e pode ser adaptada para se adequar a qualquer outra esp\u00e9cie no tanque. No entanto, ele parece menos arisco quando mantido sobre um substrato escuro. Certifique-se de que a tampa do tanque est\u00e1 bem ajustada, pois este peixe \u00e9 um saltador incr\u00edvel para o seu tamanho.<\/p>\n<p>Condi\u00e7\u00f5es da \u00e1gua<\/p>\n<p>Temperatura: 23-30\u00b0C (73-86\u00b0F). Algures no meio desta gama, entre 25 e 27 \u00b0C \u00e9 a melhor temperatura.<\/p>\n<p>pH: 6,0-7,5<\/p>\n<p>Dureza: 5-15\u00b0H<\/p>\n<p>Dieta<\/p>\n<p>\u00c9 principalmente um insect\u00edvoro por natureza e uma dieta variada de alimentos vivos e congelados, como larvas de mosquito, art\u00e9mias, camar\u00f5es, pequenos vermes da farinha, etc., \u00e9 adequada para ele. Ele obviamente adora insetos vivos e apanhar\u00e1 avidamente qualquer aranha ou mosca que consiga capturar. A maioria dos esp\u00e9cimes tamb\u00e9m aceita flocos, mas isto n\u00e3o deve constituir a base da dieta. Os peixes alimentam-se apenas da superf\u00edcie, por isso certifique-se de que est\u00e3o a receber a sua parte.<\/p>\n<p>Comportamento e compatibilidade<\/p>\n<p>O peixe-borboleta \u00e9 geralmente bastante pac\u00edfico, mas as suas barbatanas rasteiras oferecem uma tenta\u00e7\u00e3o irresist\u00edvel para as esp\u00e9cies que gostam de mordiscar as barbatanas. Al\u00e9m disso, come qualquer peixe que caiba na boca e costuma ser agressivo com outras esp\u00e9cies que vivem \u00e0 superf\u00edcie. Os companheiros de aqu\u00e1rio recomendados incluem outras esp\u00e9cies africanas, como os tetras do Congo, os peixes-nariz-de-elefante, os peixes-gato Synodontis, os peixes-faca africanos, as esp\u00e9cies de Ctenopoma e os cicl\u00eddeos da \u00c1frica Ocidental de pequeno a m\u00e9dio porte. Tamb\u00e9m pode ser combinado com sucesso com Corydoras, muitos Loricari\u00eddeos e pac\u00edficos cicl\u00eddeos sul-americanos.<\/p>\n<p>Os peixes-borboleta podem ser um pouco agressivos com outros peixes da mesma esp\u00e9cie, mas num tanque espa\u00e7oso com bastante vegeta\u00e7\u00e3o de superf\u00edcie, um pequeno grupo pode geralmente ser mantido sem grandes problemas.<\/p>\n<p>Dimorfismo sexual<\/p>\n<p>\u00c9 poss\u00edvel diferenciar o sexo do peixe observando o bordo posterior da barbatana anal. \u00c9 direito nas f\u00eameas e convexo nos machos.<\/p>","protected":false},"excerpt":{"rendered":"<p>Distribui\u00e7\u00e3o Rep\u00fablica do Congo, Rep\u00fablica Democr\u00e1tica do Congo, Camar\u00f5es, Rep\u00fablica Centro-Africana, Benim, Chade, Nig\u00e9ria, Serra Leoa, N\u00edger, Gab\u00e3o. Habitat Habita \u00e1guas calmas e calmas em riachos, lagos e p\u00e2ntanos. Estes habitats t\u00eam geralmente vegeta\u00e7\u00e3o aqu\u00e1tica densa ou suspensa. Comprimento Padr\u00e3o M\u00e1ximo 4,8\u2033 (12 cm). Tamanho do aqu\u00e1rio 36\u2033 x 12\u2033 x 12\u2033 (90x30x30cm) \u2013 80 &hellip;<\/p>\n<p class=\"read-more\"> <a class=\"\" href=\"https:\/\/pfkeepers.com\/english\/product\/loc-line1-2-npt-1-2-connector\/\"> <span class=\"screen-reader-text\">Peixe Borboleta Africano &#8211; Pantodon buchoili<\/span> Read More &raquo;<\/a><\/p>","protected":false},"featured_media":131720,"template":"","meta":{"site-sidebar-layout":"default","site-content-layout":"","ast-site-content-layout":"","site-content-style":"default","site-sidebar-style":"default","ast-global-header-display":"","ast-banner-title-visibility":"","ast-main-header-display":"","ast-hfb-above-header-display":"","ast-hfb-below-header-display":"","ast-hfb-mobile-header-display":"","site-post-title":"","ast-breadcrumbs-content":"","ast-featured-img":"","footer-sml-layout":"","theme-transparent-header-meta":"","adv-header-id-meta":"","stick-header-meta":"","header-above-stick-meta":"","header-main-stick-meta":"","header-below-stick-meta":"","astra-migrate-meta-layouts":""},"product_cat":[1354],"product_tag":[],"_links":{"self":[{"href":"https:\/\/pfkeepers.com\/english\/wp-json\/wp\/v2\/product\/50498"}],"collection":[{"href":"https:\/\/pfkeepers.com\/english\/wp-json\/wp\/v2\/product"}],"about":[{"href":"https:\/\/pfkeepers.com\/english\/wp-json\/wp\/v2\/types\/product"}],"wp:featuredmedia":[{"embeddable":true,"href":"https:\/\/pfkeepers.com\/english\/wp-json\/wp\/v2\/media\/131720"}],"wp:attachment":[{"href":"https:\/\/pfkeepers.com\/english\/wp-json\/wp\/v2\/media?parent=50498"}],"wp:term":[{"taxonomy":"product_cat","embeddable":true,"href":"https:\/\/pfkeepers.com\/english\/wp-json\/wp\/v2\/product_cat?post=50498"},{"taxonomy":"product_tag","embeddable":true,"href":"https:\/\/pfkeepers.com\/english\/wp-json\/wp\/v2\/product_tag?post=50498"}],"curies":[{"name":"wp","href":"https:\/\/api.w.org\/{rel}","templated":true}]}}