{"id":50495,"date":"2024-03-04T14:08:57","date_gmt":"2024-03-04T14:08:57","guid":{"rendered":"https:\/\/pfkeepers.com\/produto\/silver-belly-wrasse-halichoeres-leucoxanthus\/"},"modified":"2026-04-19T00:15:38","modified_gmt":"2026-04-19T00:15:38","slug":"silver-belly-wrasse-halichoeres-leucoxanthus","status":"publish","type":"product","link":"https:\/\/pfkeepers.com\/english\/product\/silver-belly-wrasse-halichoeres-leucoxanthus\/","title":{"rendered":"Silver Belly Wrasse &#8211; Halichoeres leucoxanthus"},"content":{"rendered":"<p>Cuidado: iniciante<\/p>\n<p>Dieta: carn\u00edvora<\/p>\n<p>Local de origem: Oceano \u00cdndico Ocidental<\/p>\n<p>Oceano \u00cdndico Ocidental a Java. Ao longo das margens do recife, geralmente cerca de 15-30 m de profundidade. Em pequenos grupos. Facilmente identificado por ter corpo amarelo brilhante com branco abaixo. Comprimento at\u00e9 12cm.<\/p>\n<p>O bodi\u00e3o amarelo e roxo tamb\u00e9m \u00e9 conhecido como bodi\u00e3o branco ou de quatro manchas,tem origem nas \u00e1guas ricas em invertebrados do Sri Lanka. A forma Juvenil \u00e9 de colora\u00e7\u00e3o amarela e branca \/ roxa. A metade superior do peixe \u00e9 amarela, enquanto a metade inferior \u00e9 branca a roxa. \u00c0 medida que o peixe amadurece, a colora\u00e7\u00e3o amarela \u00e9 perdida para uma bela colora\u00e7\u00e3o rosa.<br \/>\nO Yellow &amp; Purple Wrasse requer um aqu\u00e1rio com bastante rocha viva e um leito de areia de alguns cent\u00edmetros de profundidade que ser\u00e1 usado para esconder e pastar. Esta esp\u00e9cie \u00e9 um saltador conhecido por isso recomenda-se uma cobertura no aqu\u00e1rio. Ele vai comer vermes de fogo e carac\u00f3is piramid\u00e9lidos, protegendo corais e mariscos. Al\u00e9m disso, ele tamb\u00e9m pode comer feather dusters, camar\u00f5es selvagens, vermes tubulares e platelmintos. No entanto, eles n\u00e3o devem incomodar p\u00f3lipos, cogumelos ou corais.<\/p>","protected":false},"excerpt":{"rendered":"<p>Cuidado: iniciante Dieta: carn\u00edvora Local de origem: Oceano \u00cdndico Ocidental Oceano \u00cdndico Ocidental a Java. Ao longo das margens do recife, geralmente cerca de 15-30 m de profundidade. Em pequenos grupos. Facilmente identificado por ter corpo amarelo brilhante com branco abaixo. Comprimento at\u00e9 12cm. O bodi\u00e3o amarelo e roxo tamb\u00e9m \u00e9 conhecido como bodi\u00e3o branco &hellip;<\/p>\n<p class=\"read-more\"> <a class=\"\" href=\"https:\/\/pfkeepers.com\/english\/product\/silver-belly-wrasse-halichoeres-leucoxanthus\/\"> <span class=\"screen-reader-text\">Silver Belly Wrasse &#8211; Halichoeres leucoxanthus<\/span> Read More &raquo;<\/a><\/p>","protected":false},"featured_media":50496,"template":"","meta":{"site-sidebar-layout":"default","site-content-layout":"","ast-site-content-layout":"default","site-content-style":"default","site-sidebar-style":"default","ast-global-header-display":"","ast-banner-title-visibility":"","ast-main-header-display":"","ast-hfb-above-header-display":"","ast-hfb-below-header-display":"","ast-hfb-mobile-header-display":"","site-post-title":"","ast-breadcrumbs-content":"","ast-featured-img":"","footer-sml-layout":"","theme-transparent-header-meta":"default","adv-header-id-meta":"","stick-header-meta":"","header-above-stick-meta":"","header-main-stick-meta":"","header-below-stick-meta":"","astra-migrate-meta-layouts":"set"},"product_cat":[1355],"product_tag":[],"_links":{"self":[{"href":"https:\/\/pfkeepers.com\/english\/wp-json\/wp\/v2\/product\/50495"}],"collection":[{"href":"https:\/\/pfkeepers.com\/english\/wp-json\/wp\/v2\/product"}],"about":[{"href":"https:\/\/pfkeepers.com\/english\/wp-json\/wp\/v2\/types\/product"}],"wp:featuredmedia":[{"embeddable":true,"href":"https:\/\/pfkeepers.com\/english\/wp-json\/wp\/v2\/media\/50496"}],"wp:attachment":[{"href":"https:\/\/pfkeepers.com\/english\/wp-json\/wp\/v2\/media?parent=50495"}],"wp:term":[{"taxonomy":"product_cat","embeddable":true,"href":"https:\/\/pfkeepers.com\/english\/wp-json\/wp\/v2\/product_cat?post=50495"},{"taxonomy":"product_tag","embeddable":true,"href":"https:\/\/pfkeepers.com\/english\/wp-json\/wp\/v2\/product_tag?post=50495"}],"curies":[{"name":"wp","href":"https:\/\/api.w.org\/{rel}","templated":true}]}}