{"id":50491,"date":"2024-03-04T14:08:50","date_gmt":"2024-03-04T14:08:50","guid":{"rendered":"https:\/\/pfkeepers.com\/produto\/hi-fin-red-banded-goby-stonogobiops-nematodes\/"},"modified":"2026-04-19T00:15:32","modified_gmt":"2026-04-19T00:15:32","slug":"hi-fin-red-banded-goby-stonogobiops-nematodes","status":"publish","type":"product","link":"https:\/\/pfkeepers.com\/english\/product\/hi-fin-red-banded-goby-stonogobiops-nematodes\/","title":{"rendered":"Hi Fin Banded Goby &#8211; Stonogobiops xanthorhinicus"},"content":{"rendered":"<p>Nota: devido a varia\u00e7\u00f5es dentro das esp\u00e9cies, o artigo recebido pode n\u00e3o ser id\u00eantico \u00e0 imagem fornecida. A faixa de tamanho aproximado tamb\u00e9m pode variar entre as amostras individuais.<\/p>\n<p>N\u00edvel de cuidado: moderado<\/p>\n<p>Temperamento: pac\u00edfico<\/p>\n<p>Dieta: Carn\u00edvoro<\/p>\n<p>Compat\u00edvel com recife: Sim<\/p>\n<p>Origem: Filipinas<\/p>\n<p>Fam\u00edlia: Gobiidae<\/p>\n<p>Tamanho m\u00ednimo do tanque: 10 gal\u00f5es<\/p>\n<p>O Hi Fin Red Banded Goby tamb\u00e9m \u00e9 conhecido como Striped Goby ou Blackray Shrimp Goby. O corpo tem uma colora\u00e7\u00e3o branco-prateada com uma face amarela e listras diagonais escuras muito distintas em todo o corpo. Eles s\u00e3o peixes maravilhosos apenas para peixes passivos ou aqu\u00e1rios de recife, e podem formar uma rela\u00e7\u00e3o simbi\u00f3tica com um camar\u00e3o-pistola.<br \/>\nO ambiente ideal \u00e9 um aqu\u00e1rio de pelo menos 40 litros com bastante rocha viva e um leito de areia. N\u00e3o \u00e9 agressivo com outros gobies camar\u00f5es e pode at\u00e9 compartilhar uma toca com outra esp\u00e9cie. Sendo territorial, pode ocasionalmente brigar com co-espec\u00edficos se for mantido junto, ou se o tanque for muito pequeno.<\/p>\n<p>\u00c9 poss\u00edvel para o Hi Fin Red Banded Goby desovar com sucesso em um aqu\u00e1rio.<\/p>\n<p>A dieta deve consistir em camar\u00e3o mysis, art\u00eamia enriquecida com vitaminas e camar\u00e3o de mesa picado. Precisa ser alimentado pelo menos duas vezes por dia. Quando adicionado ao aqu\u00e1rio pela primeira vez, ele pode demorar v\u00e1rios dias, mas geralmente se aclimatar\u00e1 e come\u00e7ar\u00e1 a comer.<\/p>","protected":false},"excerpt":{"rendered":"<p>Nota: devido a varia\u00e7\u00f5es dentro das esp\u00e9cies, o artigo recebido pode n\u00e3o ser id\u00eantico \u00e0 imagem fornecida. A faixa de tamanho aproximado tamb\u00e9m pode variar entre as amostras individuais. N\u00edvel de cuidado: moderado Temperamento: pac\u00edfico Dieta: Carn\u00edvoro Compat\u00edvel com recife: Sim Origem: Filipinas Fam\u00edlia: Gobiidae Tamanho m\u00ednimo do tanque: 10 gal\u00f5es O Hi Fin Red &hellip;<\/p>\n<p class=\"read-more\"> <a class=\"\" href=\"https:\/\/pfkeepers.com\/english\/product\/hi-fin-red-banded-goby-stonogobiops-nematodes\/\"> <span class=\"screen-reader-text\">Hi Fin Banded Goby &#8211; Stonogobiops xanthorhinicus<\/span> Read More &raquo;<\/a><\/p>","protected":false},"featured_media":50492,"template":"","meta":{"site-sidebar-layout":"default","site-content-layout":"","ast-site-content-layout":"","site-content-style":"default","site-sidebar-style":"default","ast-global-header-display":"","ast-banner-title-visibility":"","ast-main-header-display":"","ast-hfb-above-header-display":"","ast-hfb-below-header-display":"","ast-hfb-mobile-header-display":"","site-post-title":"","ast-breadcrumbs-content":"","ast-featured-img":"","footer-sml-layout":"","theme-transparent-header-meta":"","adv-header-id-meta":"","stick-header-meta":"","header-above-stick-meta":"","header-main-stick-meta":"","header-below-stick-meta":"","astra-migrate-meta-layouts":""},"product_cat":[1355],"product_tag":[1028],"_links":{"self":[{"href":"https:\/\/pfkeepers.com\/english\/wp-json\/wp\/v2\/product\/50491"}],"collection":[{"href":"https:\/\/pfkeepers.com\/english\/wp-json\/wp\/v2\/product"}],"about":[{"href":"https:\/\/pfkeepers.com\/english\/wp-json\/wp\/v2\/types\/product"}],"wp:featuredmedia":[{"embeddable":true,"href":"https:\/\/pfkeepers.com\/english\/wp-json\/wp\/v2\/media\/50492"}],"wp:attachment":[{"href":"https:\/\/pfkeepers.com\/english\/wp-json\/wp\/v2\/media?parent=50491"}],"wp:term":[{"taxonomy":"product_cat","embeddable":true,"href":"https:\/\/pfkeepers.com\/english\/wp-json\/wp\/v2\/product_cat?post=50491"},{"taxonomy":"product_tag","embeddable":true,"href":"https:\/\/pfkeepers.com\/english\/wp-json\/wp\/v2\/product_tag?post=50491"}],"curies":[{"name":"wp","href":"https:\/\/api.w.org\/{rel}","templated":true}]}}