{"id":50441,"date":"2024-03-04T14:06:55","date_gmt":"2024-03-04T14:06:55","guid":{"rendered":"https:\/\/pfkeepers.com\/produto\/advance-cat-senior-10-yr-sterilized-chicken-barley-15kg\/"},"modified":"2025-02-27T20:40:39","modified_gmt":"2025-02-27T20:40:39","slug":"advance-cat-senior-10-yr-sterilized-chicken-barley-15kg","status":"publish","type":"product","link":"https:\/\/pfkeepers.com\/english\/product\/advance-cat-senior-10-yr-sterilized-chicken-barley-15kg\/","title":{"rendered":"Advance Cat Senior (+10 yr) Sterilized Chicken &amp; Barley 1,5Kg"},"content":{"rendered":"<p>Caracter\u00edsticas<br \/>\nRa\u00e7a<\/p>\n<p>Todas<\/p>\n<p>Peso<\/p>\n<p>1,5 Kg<\/p>\n<p>Indica\u00e7\u00f5es<\/p>\n<p>Alimento especialmente concebido para gatos adultos esterilizados com mais de 10 anos.<\/p>\n<p>Descri\u00e7\u00e3o<\/p>\n<p>Adequado para gatos mais velhos esterilizados, ajudando a prevenir a obesidade gra\u00e7as ao n\u00edvel reduzido de metabolismo energ\u00e9tico, ao elevado n\u00edvel de fibra que promove a saciedade e \u00e0 alta prote\u00edna e gordura moderada que ajuda a manter a massa muscular.Ajuda ainda a reduzir riscos no sistema urin\u00e1rio.<\/p>\n<p>Ingredientes<\/p>\n<p>Per\u00fa, trigo, gl\u00faten de milho, gl\u00faten de milho a partir do trigo, cevada, prote\u00edna de aves desidratadas, prote\u00ednas de carne de porco seco, ervilhas, prote\u00edna animal hidrolisada, levedura, gordura animal (conservada com vitamina E), sal, inulina, \u00f3leo de peixe, ovo desidratado, cloreto de pot\u00e1ssio, prote\u00ednas do plasma, extratos c\u00edtricos ricos em bioflavonoides, glucosamina e sulfato de condroitino ani\u00e3o.<\/p>","protected":false},"excerpt":{"rendered":"<p>Caracter\u00edsticas Ra\u00e7a Todas Peso 1,5 Kg Indica\u00e7\u00f5es Alimento especialmente concebido para gatos adultos esterilizados com mais de 10 anos. Descri\u00e7\u00e3o Adequado para gatos mais velhos esterilizados, ajudando a prevenir a obesidade gra\u00e7as ao n\u00edvel reduzido de metabolismo energ\u00e9tico, ao elevado n\u00edvel de fibra que promove a saciedade e \u00e0 alta prote\u00edna e gordura moderada que &hellip;<\/p>\n<p class=\"read-more\"> <a class=\"\" href=\"https:\/\/pfkeepers.com\/english\/product\/advance-cat-senior-10-yr-sterilized-chicken-barley-15kg\/\"> <span class=\"screen-reader-text\">Advance Cat Senior (+10 yr) Sterilized Chicken &amp; Barley 1,5Kg<\/span> Read More &raquo;<\/a><\/p>","protected":false},"featured_media":50442,"template":"","meta":{"site-sidebar-layout":"default","site-content-layout":"","ast-site-content-layout":"","site-content-style":"default","site-sidebar-style":"default","ast-global-header-display":"","ast-banner-title-visibility":"","ast-main-header-display":"","ast-hfb-above-header-display":"","ast-hfb-below-header-display":"","ast-hfb-mobile-header-display":"","site-post-title":"","ast-breadcrumbs-content":"","ast-featured-img":"","footer-sml-layout":"","theme-transparent-header-meta":"","adv-header-id-meta":"","stick-header-meta":"","header-above-stick-meta":"","header-main-stick-meta":"","header-below-stick-meta":"","astra-migrate-meta-layouts":""},"product_cat":[658],"product_tag":[1637],"_links":{"self":[{"href":"https:\/\/pfkeepers.com\/english\/wp-json\/wp\/v2\/product\/50441"}],"collection":[{"href":"https:\/\/pfkeepers.com\/english\/wp-json\/wp\/v2\/product"}],"about":[{"href":"https:\/\/pfkeepers.com\/english\/wp-json\/wp\/v2\/types\/product"}],"wp:featuredmedia":[{"embeddable":true,"href":"https:\/\/pfkeepers.com\/english\/wp-json\/wp\/v2\/media\/50442"}],"wp:attachment":[{"href":"https:\/\/pfkeepers.com\/english\/wp-json\/wp\/v2\/media?parent=50441"}],"wp:term":[{"taxonomy":"product_cat","embeddable":true,"href":"https:\/\/pfkeepers.com\/english\/wp-json\/wp\/v2\/product_cat?post=50441"},{"taxonomy":"product_tag","embeddable":true,"href":"https:\/\/pfkeepers.com\/english\/wp-json\/wp\/v2\/product_tag?post=50441"}],"curies":[{"name":"wp","href":"https:\/\/api.w.org\/{rel}","templated":true}]}}