{"id":50437,"date":"2024-03-04T14:06:48","date_gmt":"2024-03-04T14:06:48","guid":{"rendered":"https:\/\/pfkeepers.com\/produto\/advance-cat-hairball-turkey-rice-cat-15kg\/"},"modified":"2025-02-27T20:40:36","modified_gmt":"2025-02-27T20:40:36","slug":"advance-cat-hairball-turkey-rice-cat-15kg","status":"publish","type":"product","link":"https:\/\/pfkeepers.com\/english\/product\/advance-cat-hairball-turkey-rice-cat-15kg\/","title":{"rendered":"Advance Cat Hairball Turkey &amp; Rice Cat 1,5Kg"},"content":{"rendered":"<p>Caracter\u00edsticas<br \/>\nRa\u00e7a<\/p>\n<p>Todas<\/p>\n<p>Peso<\/p>\n<p>1,5 Kg<\/p>\n<p>Descri\u00e7\u00e3o<\/p>\n<p>Alimentos especialmente indicado para gatos que vivem a maior parte de sua vida dentro de casa. Esta gama inclui:<\/p>\n<p>Fibra de aveia: ajuda a controlar a forma\u00e7\u00e3o de bolas de p\u00ealo.<\/p>\n<p>Baixo em calorias: Ajuda a manter o gato de peso ideal.<\/p>\n<p>Ajuda na digest\u00e3o: Thank que \u00e9 feita a partir de ingredientes de f\u00e1cil digest\u00e3o, como a Turquia.<\/p>\n<p>Taurina: Muito importante para uma excelente vista.<\/p>\n<p>Omega 3 e Omega 6: Favorecem uma pele saud\u00e1vel e cabelo brilhante e lustrosa.<\/p>\n<p>TAURINA<br \/>\nMuito importante para uma excelente vis\u00e3o.<\/p>\n<p>\u00c1CIDOS GORDOS OMEGA 3 E 6<br \/>\nFavorecem uma pele saud\u00e1vel e um pelo brilhante e lustroso.<\/p>\n<p>COMPONENTES ANAL\u00cdTICOS:<\/p>\n<p>34% de prote\u00edna, o teor de fibras em bruto de gordura de 14% de 4,3% de mat\u00e9ria inorg\u00e2nica C\u00e1lcio 7,5% 1,3%, 1,0% de f\u00f3sforo, s\u00f3dio 0,3%, 8,0% de humidade.<br \/>\nADITIVOS\/ kg. Aditivos nutricionais:<br \/>\nVitamina A UI 33600, 1800 UI de vitamina D3, vitamina E 685 mg, vitamina C 500 mg (sal de c\u00e1lcio e de s\u00f3dio de monofosfato asc\u00f3rbico) Biotina 0,03 mg, 1200 mg de taurina, 137 mg de fumarato ferroso (Fe: 45 mg ), 261 mg de mono-hidrato de sulfato ferroso (Fe: 85 mg), 1,9 mg de iodeto de pot\u00e1ssio (I: 1,4 mg), 34 mg de pentahidrato de sulfato de cobre (Cu: 8,8 mg), 124 mg monohidrato de sulfato de mangan\u00eas (Mn: 40 mg), 395 mg de mono-hidrato de sulfato de zinco (Zn: 144 mg), 0,24 mg de selenito de s\u00f3dio (S: 0,1 mg). Com antioxidantes.<\/p>\n<p>Ingredientes:<\/p>\n<p>Turquia (20%), prote\u00ednas de aves desidratadas, farinha de gl\u00faten de milho, trigo, arroz (8%), o milho, fibras vegetais, gorduras animais, prote\u00ednas hidrolisadas, prote\u00ednas animais atum desidratado, ovo desidratado, extrato de fibra de aveia malte, gl\u00faten de trigo, \u00f3leo de peixe, cloreto de pot\u00e1ssio, prote\u00edna de plasma, sal, polifen\u00f3is naturais.<\/p>\n<p>Aditivos nutricionais:<\/p>\n<p>Vitamina A 33.600 UI<br \/>\n1800 UI de vitamina D3<br \/>\nA vitamina E 670 mg<br \/>\nA vitamina C (sal de s\u00f3dio e de c\u00e1lcio de monofosfato asc\u00f3rbico) 500 mg<br \/>\nBiotina 0,03 mg<br \/>\nTaurina 1200 mg<br \/>\nFumarato ferroso 137 mg (Fe: 45 mg)<br \/>\nF\u00e9rrico sulfato de mono-hidrato de 261 mg (Fe: 85 mg)<br \/>\n1,9 mg de iodeto de pot\u00e1ssio (Eu: 1,4 mg)<br \/>\nSulfato de cobre penta-hidratado 34 mg (Cu: 8,8 mg)<br \/>\nMangan\u00eas sulfato de mono-hidrato de 124 mg (Mn: 40 mg)<br \/>\n395 mg Sulfato de zinco monohidratado (Zn: 144 mg)<br \/>\n0,24 mg de selenito de s\u00f3dio (Se: 0,1 mg) com antioxidantes<\/p>","protected":false},"excerpt":{"rendered":"<p>Caracter\u00edsticas Ra\u00e7a Todas Peso 1,5 Kg Descri\u00e7\u00e3o Alimentos especialmente indicado para gatos que vivem a maior parte de sua vida dentro de casa. Esta gama inclui: Fibra de aveia: ajuda a controlar a forma\u00e7\u00e3o de bolas de p\u00ealo. Baixo em calorias: Ajuda a manter o gato de peso ideal. Ajuda na digest\u00e3o: Thank que \u00e9 &hellip;<\/p>\n<p class=\"read-more\"> <a class=\"\" href=\"https:\/\/pfkeepers.com\/english\/product\/advance-cat-hairball-turkey-rice-cat-15kg\/\"> <span class=\"screen-reader-text\">Advance Cat Hairball Turkey &amp; Rice Cat 1,5Kg<\/span> Read More &raquo;<\/a><\/p>","protected":false},"featured_media":50438,"template":"","meta":{"site-sidebar-layout":"default","site-content-layout":"","ast-site-content-layout":"","site-content-style":"default","site-sidebar-style":"default","ast-global-header-display":"","ast-banner-title-visibility":"","ast-main-header-display":"","ast-hfb-above-header-display":"","ast-hfb-below-header-display":"","ast-hfb-mobile-header-display":"","site-post-title":"","ast-breadcrumbs-content":"","ast-featured-img":"","footer-sml-layout":"","theme-transparent-header-meta":"","adv-header-id-meta":"","stick-header-meta":"","header-above-stick-meta":"","header-main-stick-meta":"","header-below-stick-meta":"","astra-migrate-meta-layouts":""},"product_cat":[658],"product_tag":[1637],"_links":{"self":[{"href":"https:\/\/pfkeepers.com\/english\/wp-json\/wp\/v2\/product\/50437"}],"collection":[{"href":"https:\/\/pfkeepers.com\/english\/wp-json\/wp\/v2\/product"}],"about":[{"href":"https:\/\/pfkeepers.com\/english\/wp-json\/wp\/v2\/types\/product"}],"wp:featuredmedia":[{"embeddable":true,"href":"https:\/\/pfkeepers.com\/english\/wp-json\/wp\/v2\/media\/50438"}],"wp:attachment":[{"href":"https:\/\/pfkeepers.com\/english\/wp-json\/wp\/v2\/media?parent=50437"}],"wp:term":[{"taxonomy":"product_cat","embeddable":true,"href":"https:\/\/pfkeepers.com\/english\/wp-json\/wp\/v2\/product_cat?post=50437"},{"taxonomy":"product_tag","embeddable":true,"href":"https:\/\/pfkeepers.com\/english\/wp-json\/wp\/v2\/product_tag?post=50437"}],"curies":[{"name":"wp","href":"https:\/\/api.w.org\/{rel}","templated":true}]}}