{"id":50427,"date":"2024-03-04T14:06:26","date_gmt":"2024-03-04T14:06:26","guid":{"rendered":"https:\/\/pfkeepers.com\/produto\/d-d-dual-heating-cooling-controller\/"},"modified":"2026-04-18T03:00:09","modified_gmt":"2026-04-18T03:00:09","slug":"d-d-dual-heating-cooling-controller","status":"publish","type":"product","link":"https:\/\/pfkeepers.com\/english\/product\/d-d-dual-heating-cooling-controller\/","title":{"rendered":"D-D Dual Heating &amp; Cooling Controller"},"content":{"rendered":"<p>Controlador duplo de aquecimento e resfriamento D-D<br \/>\nO controlador de temperatura digital duplo foi projetado para permitir o controle preciso da temperatura em um aqu\u00e1rio e possui 2 modos que permitem<br \/>\ncontrole de aquecimento e resfriamento ao mesmo tempo.<\/p>\n<p>Tomada de alimenta\u00e7\u00e3o dupla \u2013 uma tomada para controle do aquecedor e outra para controle do ventilador\/resfriador.<br \/>\nVisor com sensor de temperatura \u2013 usado para definir e exibir a temperatura e alarmes e medir a temperatura.<br \/>\nO sensor de temperatura revestido de pl\u00e1stico \u00e9 \u00e0 prova d&#8217;\u00e1gua e adequado para uso em um aqu\u00e1rio marinho.<\/p>","protected":false},"excerpt":{"rendered":"<p>Controlador duplo de aquecimento e resfriamento D-D O controlador de temperatura digital duplo foi projetado para permitir o controle preciso da temperatura em um aqu\u00e1rio e possui 2 modos que permitem controle de aquecimento e resfriamento ao mesmo tempo. Tomada de alimenta\u00e7\u00e3o dupla \u2013 uma tomada para controle do aquecedor e outra para controle do &hellip;<\/p>\n<p class=\"read-more\"> <a class=\"\" href=\"https:\/\/pfkeepers.com\/english\/product\/d-d-dual-heating-cooling-controller\/\"> <span class=\"screen-reader-text\">D-D Dual Heating &amp; Cooling Controller<\/span> Read More &raquo;<\/a><\/p>","protected":false},"featured_media":50428,"template":"","meta":{"site-sidebar-layout":"default","site-content-layout":"","ast-site-content-layout":"default","site-content-style":"default","site-sidebar-style":"default","ast-global-header-display":"","ast-banner-title-visibility":"","ast-main-header-display":"","ast-hfb-above-header-display":"","ast-hfb-below-header-display":"","ast-hfb-mobile-header-display":"","site-post-title":"","ast-breadcrumbs-content":"","ast-featured-img":"","footer-sml-layout":"","theme-transparent-header-meta":"default","adv-header-id-meta":"","stick-header-meta":"","header-above-stick-meta":"","header-main-stick-meta":"","header-below-stick-meta":"","astra-migrate-meta-layouts":"set"},"product_cat":[1492,1420],"product_tag":[832],"_links":{"self":[{"href":"https:\/\/pfkeepers.com\/english\/wp-json\/wp\/v2\/product\/50427"}],"collection":[{"href":"https:\/\/pfkeepers.com\/english\/wp-json\/wp\/v2\/product"}],"about":[{"href":"https:\/\/pfkeepers.com\/english\/wp-json\/wp\/v2\/types\/product"}],"wp:featuredmedia":[{"embeddable":true,"href":"https:\/\/pfkeepers.com\/english\/wp-json\/wp\/v2\/media\/50428"}],"wp:attachment":[{"href":"https:\/\/pfkeepers.com\/english\/wp-json\/wp\/v2\/media?parent=50427"}],"wp:term":[{"taxonomy":"product_cat","embeddable":true,"href":"https:\/\/pfkeepers.com\/english\/wp-json\/wp\/v2\/product_cat?post=50427"},{"taxonomy":"product_tag","embeddable":true,"href":"https:\/\/pfkeepers.com\/english\/wp-json\/wp\/v2\/product_tag?post=50427"}],"curies":[{"name":"wp","href":"https:\/\/api.w.org\/{rel}","templated":true}]}}