{"id":50426,"date":"2024-03-04T14:06:25","date_gmt":"2024-03-04T14:06:25","guid":{"rendered":"https:\/\/pfkeepers.com\/produto\/carbo-activ-4500-ml\/"},"modified":"2026-04-19T00:14:39","modified_gmt":"2026-04-19T00:14:39","slug":"carbo-activ-4500-ml","status":"publish","type":"product","link":"https:\/\/pfkeepers.com\/english\/product\/carbo-activ-4500-ml\/","title":{"rendered":"Majestic Angel (Juvenil) &#8211; Pomacanthus navarchus"},"content":{"rendered":"<p>N\u00edvel de Cuidado : Moderado<\/p>\n<p>Temperamento : Semi-agressivo<\/p>\n<p>Reef Compat\u00edvel : N\u00e3o<\/p>\n<p>Condi\u00e7\u00f5es da \u00e1gua : 23-26 \u00b0 C dKH 8-12, pH 8,1-8,4, den 1,020-1,026<\/p>\n<p>Max. Tamanho : 30cm<\/p>\n<p>Cor : Preto, Azul, Branco, Amarelo<\/p>\n<p>Dieta : Omn\u00edvoro<\/p>\n<p>Origem : Australia, Indonesia<\/p>\n<p>Fam\u00edlia : Pomacanthidae<\/p>\n<p>Tamanho m\u00ednimo Tanque : 600 Litros<\/p>\n<p>O Blue Girdled Angelfish, tamb\u00e9m chamado de Majestic Angelfish, tem escamas amarelas com margens azuis e uma faixa azul escura, ou cinto, que cobre o rosto e se estende para tr\u00e1s. O cinto \u00e9 destacado com margens azuis neon.<\/p>\n<p>Embora um pouco t\u00edmido, este anjo \u00e9 um dos peixes-anjo mais f\u00e1ceis de manter. Requer um tanque de 180 gal\u00f5es ou mais com v\u00e1rios esconderijos e rocha viva para pastagem. O Blue Girdled Angelfish n\u00e3o \u00e9 um bom morador de recifes, sendo propenso a beliscar corais pedregosos e moles (invertebrados s\u00e9sseis) e mantos de moluscos. Geralmente n\u00e3o prejudica os corais duros de p\u00f3lipos pequenos (SPS) e os corais moles um tanto t\u00f3xicos.<\/p>\n<p>A dieta do Blue Girdled Angelfish deve incluir prote\u00edna vegetal, como Spirulina e algas marinhas, alimentos carnudos, como camar\u00e3o mysis, e prepara\u00e7\u00f5es de angelfish de alta qualidade contendo esponjas.<\/p>\n<p>Foto ilustrativa. | Illustrative photo.<\/p>","protected":false},"excerpt":{"rendered":"<p>N\u00edvel de Cuidado : Moderado Temperamento : Semi-agressivo Reef Compat\u00edvel : N\u00e3o Condi\u00e7\u00f5es da \u00e1gua : 23-26 \u00b0 C dKH 8-12, pH 8,1-8,4, den 1,020-1,026 Max. Tamanho : 30cm Cor : Preto, Azul, Branco, Amarelo Dieta : Omn\u00edvoro Origem : Australia, Indonesia Fam\u00edlia : Pomacanthidae Tamanho m\u00ednimo Tanque : 600 Litros O Blue Girdled Angelfish, &hellip;<\/p>\n<p class=\"read-more\"> <a class=\"\" href=\"https:\/\/pfkeepers.com\/english\/product\/carbo-activ-4500-ml\/\"> <span class=\"screen-reader-text\">Majestic Angel (Juvenil) &#8211; Pomacanthus navarchus<\/span> Read More &raquo;<\/a><\/p>","protected":false},"featured_media":358260,"template":"","meta":{"site-sidebar-layout":"default","site-content-layout":"","ast-site-content-layout":"default","site-content-style":"default","site-sidebar-style":"default","ast-global-header-display":"","ast-banner-title-visibility":"","ast-main-header-display":"","ast-hfb-above-header-display":"","ast-hfb-below-header-display":"","ast-hfb-mobile-header-display":"","site-post-title":"","ast-breadcrumbs-content":"","ast-featured-img":"","footer-sml-layout":"","theme-transparent-header-meta":"default","adv-header-id-meta":"","stick-header-meta":"","header-above-stick-meta":"","header-main-stick-meta":"","header-below-stick-meta":"","astra-migrate-meta-layouts":"set"},"product_cat":[1355],"product_tag":[],"_links":{"self":[{"href":"https:\/\/pfkeepers.com\/english\/wp-json\/wp\/v2\/product\/50426"}],"collection":[{"href":"https:\/\/pfkeepers.com\/english\/wp-json\/wp\/v2\/product"}],"about":[{"href":"https:\/\/pfkeepers.com\/english\/wp-json\/wp\/v2\/types\/product"}],"wp:featuredmedia":[{"embeddable":true,"href":"https:\/\/pfkeepers.com\/english\/wp-json\/wp\/v2\/media\/358260"}],"wp:attachment":[{"href":"https:\/\/pfkeepers.com\/english\/wp-json\/wp\/v2\/media?parent=50426"}],"wp:term":[{"taxonomy":"product_cat","embeddable":true,"href":"https:\/\/pfkeepers.com\/english\/wp-json\/wp\/v2\/product_cat?post=50426"},{"taxonomy":"product_tag","embeddable":true,"href":"https:\/\/pfkeepers.com\/english\/wp-json\/wp\/v2\/product_tag?post=50426"}],"curies":[{"name":"wp","href":"https:\/\/api.w.org\/{rel}","templated":true}]}}