{"id":50365,"date":"2024-03-04T14:04:51","date_gmt":"2024-03-04T14:04:51","guid":{"rendered":"https:\/\/pfkeepers.com\/produto\/tetra-cardinal-paracheirodon-axelrodi\/"},"modified":"2026-04-15T03:08:05","modified_gmt":"2026-04-15T03:08:05","slug":"tetra-cardinal-paracheirodon-axelrodi","status":"publish","type":"product","link":"https:\/\/pfkeepers.com\/english\/product\/tetra-cardinal-paracheirodon-axelrodi\/","title":{"rendered":"Tetra Cardinal &#8211; Paracheirodon axelrodi"},"content":{"rendered":"<p>Nota: Por favor, ap\u00f3s realizar a encomenda e antes de efetuar o pagamento, confirme a disponibilidade do stock atrav\u00e9s de 249157162 ou pfkeurope@gmail.com.<\/p>\n<p>Tetra-cardeal, tetra-cardinal, tetra-neon, neon-cardinal ou simplesmente cardinal (Paracheirodon axelrodi) \u00e9 um peixe de \u00e1gua doce da fam\u00edlia Characidae da ordem Characiformes. \u00c9 nativo dos rios Orinoco e Negro, na Am\u00e9rica do Sul, possuindo uma colora\u00e7\u00e3o brilhante e bem mais rica que a do N\u00e9on.<\/p>\n<p>\u00c9 um peixe de cardume de cores muito vivas (azul forte e vermelho) muito apreciado no aquarismo de \u00e1gua doce. S\u00e3o on\u00edvoros, comendo alimentos vivos, congelados ou em flocos. S\u00e3o excelentes esp\u00e9cimes para aqu\u00e1rios comunit\u00e1rios, pois s\u00e3o muito pac\u00edficos, mas deve-se manter no m\u00ednimo 6 exemplares do Tetra-Cardinal no aqu\u00e1rio, para que se mostre desinibido e \u00e0 vontade com os outros peixes, al\u00e9m de diminuir o seu estresse que pode levar a sua morte. As melhore condi\u00e7\u00f5es de sua \u00e1gua s\u00e3o: Ph \u00e1cido (na faixa de 4.0 \u00e0 6.0), dureza baixa e uma temperatura ligeiramente eleva, em torno de 27\u00b0C.<\/p>\n<p>Este peixe \u00e9 o mais vistoso e maior dos Paracheirodon, podendo, especialmente as f\u00eameas, atingir cerca de 5 cm. Dentro das esp\u00e9cies deste g\u00eanero \u00e9 tamb\u00e9m a que aprecia temperaturas mais altas (como dito anteriormente), tornado-o um \u00f3timo companheiro para outros peixes que compartilham de suas mesma exig\u00eancias, como o acar\u00e1-disco (Symphysodon).<\/p>","protected":false},"excerpt":{"rendered":"<p>Nota: Por favor, ap\u00f3s realizar a encomenda e antes de efetuar o pagamento, confirme a disponibilidade do stock atrav\u00e9s de 249157162 ou pfkeurope@gmail.com. Tetra-cardeal, tetra-cardinal, tetra-neon, neon-cardinal ou simplesmente cardinal (Paracheirodon axelrodi) \u00e9 um peixe de \u00e1gua doce da fam\u00edlia Characidae da ordem Characiformes. \u00c9 nativo dos rios Orinoco e Negro, na Am\u00e9rica do Sul, &hellip;<\/p>\n<p class=\"read-more\"> <a class=\"\" href=\"https:\/\/pfkeepers.com\/english\/product\/tetra-cardinal-paracheirodon-axelrodi\/\"> <span class=\"screen-reader-text\">Tetra Cardinal &#8211; Paracheirodon axelrodi<\/span> Read More &raquo;<\/a><\/p>","protected":false},"featured_media":50366,"template":"","meta":{"site-sidebar-layout":"default","site-content-layout":"","ast-site-content-layout":"","site-content-style":"default","site-sidebar-style":"default","ast-global-header-display":"","ast-banner-title-visibility":"","ast-main-header-display":"","ast-hfb-above-header-display":"","ast-hfb-below-header-display":"","ast-hfb-mobile-header-display":"","site-post-title":"","ast-breadcrumbs-content":"","ast-featured-img":"","footer-sml-layout":"","theme-transparent-header-meta":"","adv-header-id-meta":"","stick-header-meta":"","header-above-stick-meta":"","header-main-stick-meta":"","header-below-stick-meta":"","astra-migrate-meta-layouts":""},"product_cat":[1354],"product_tag":[873],"_links":{"self":[{"href":"https:\/\/pfkeepers.com\/english\/wp-json\/wp\/v2\/product\/50365"}],"collection":[{"href":"https:\/\/pfkeepers.com\/english\/wp-json\/wp\/v2\/product"}],"about":[{"href":"https:\/\/pfkeepers.com\/english\/wp-json\/wp\/v2\/types\/product"}],"wp:featuredmedia":[{"embeddable":true,"href":"https:\/\/pfkeepers.com\/english\/wp-json\/wp\/v2\/media\/50366"}],"wp:attachment":[{"href":"https:\/\/pfkeepers.com\/english\/wp-json\/wp\/v2\/media?parent=50365"}],"wp:term":[{"taxonomy":"product_cat","embeddable":true,"href":"https:\/\/pfkeepers.com\/english\/wp-json\/wp\/v2\/product_cat?post=50365"},{"taxonomy":"product_tag","embeddable":true,"href":"https:\/\/pfkeepers.com\/english\/wp-json\/wp\/v2\/product_tag?post=50365"}],"curies":[{"name":"wp","href":"https:\/\/api.w.org\/{rel}","templated":true}]}}