{"id":50357,"date":"2024-03-04T14:04:37","date_gmt":"2024-03-04T14:04:37","guid":{"rendered":"https:\/\/pfkeepers.com\/produto\/cadoz-sumo-schistura-balteata\/"},"modified":"2026-04-18T02:59:06","modified_gmt":"2026-04-18T02:59:06","slug":"cadoz-sumo-schistura-balteata","status":"publish","type":"product","link":"https:\/\/pfkeepers.com\/english\/product\/cadoz-sumo-schistura-balteata\/","title":{"rendered":"Gourami Dourado &#8211; Trichogaster trichopterus"},"content":{"rendered":"<p>Esp\u00e9cie: Trichogaster trichopterus (Var. Dourado)<\/p>\n<p>Nome comum: Gourami Dourado<\/p>\n<p>Tamanho m\u00e1ximo: 15 cm (Comum 10 cm)<\/p>\n<p>pH: 5.5 &#8211; 8.0<\/p>\n<p>Dureza: 3 &#8211; 35\u00ba \/ 54 &#8211; 623 ppm<\/p>\n<p>Temperatura: 22 &#8211; 30\u00baC<\/p>\n<p>Alimenta\u00e7\u00e3o: Omn\u00edvoro. Alimenta-se de pequenos invertebrados, ostracodes, cop\u00e9podes, larvas de insecto e em eventualmente come algas. Em cativeiro aceita facimente ra\u00e7\u00e3o seca, que deve ser complementada com comida congelada, como art\u00e9mia, larva de mosquito, cop\u00e9podes.<\/p>\n<p>Comportamento: Pode variar muito de indiv\u00edduo para indiv\u00edduo. Geralmente s\u00e3o pac\u00edficos no entanto com o amadurecimento, h\u00e1 indiv\u00edduos que se podem tornar territoriais e agressivos, principalmente se forem mantidos em aqu\u00e1rios pequenos e com poucas plantas. Os machos tornam-se territoriais perante outros machos da mesma esp\u00e9cie. Este comportamento fica mais acentuado em altura de reprodu\u00e7\u00e3o. Se o aqu\u00e1rio n\u00e3o for muito grande nem muito plantado, n\u00e3o \u00e9 aconselhado a colocar mais do que um macho. <\/p>\n<p>Dimorfismo sexual: A barbatana dorsal dos machos \u00e9 mais longa e pontiaguda.<\/p>\n<p>Reprodu\u00e7\u00e3o: Ov\u00edparo. Macho constr\u00f3i um ninho de bolhas onde colocar\u00e1 os ovos largados pela f\u00eamea. <\/p>\n<p>Tamanho m\u00ednimo de aqu\u00e1rio: 100L<\/p>","protected":false},"excerpt":{"rendered":"<p>Esp\u00e9cie: Trichogaster trichopterus (Var. Dourado) Nome comum: Gourami Dourado Tamanho m\u00e1ximo: 15 cm (Comum 10 cm) pH: 5.5 &#8211; 8.0 Dureza: 3 &#8211; 35\u00ba \/ 54 &#8211; 623 ppm Temperatura: 22 &#8211; 30\u00baC Alimenta\u00e7\u00e3o: Omn\u00edvoro. Alimenta-se de pequenos invertebrados, ostracodes, cop\u00e9podes, larvas de insecto e em eventualmente come algas. Em cativeiro aceita facimente ra\u00e7\u00e3o seca, &hellip;<\/p>\n<p class=\"read-more\"> <a class=\"\" href=\"https:\/\/pfkeepers.com\/english\/product\/cadoz-sumo-schistura-balteata\/\"> <span class=\"screen-reader-text\">Gourami Dourado &#8211; Trichogaster trichopterus<\/span> Read More &raquo;<\/a><\/p>","protected":false},"featured_media":50358,"template":"","meta":{"site-sidebar-layout":"default","site-content-layout":"","ast-site-content-layout":"","site-content-style":"default","site-sidebar-style":"default","ast-global-header-display":"","ast-banner-title-visibility":"","ast-main-header-display":"","ast-hfb-above-header-display":"","ast-hfb-below-header-display":"","ast-hfb-mobile-header-display":"","site-post-title":"","ast-breadcrumbs-content":"","ast-featured-img":"","footer-sml-layout":"","theme-transparent-header-meta":"","adv-header-id-meta":"","stick-header-meta":"","header-above-stick-meta":"","header-main-stick-meta":"","header-below-stick-meta":"","astra-migrate-meta-layouts":""},"product_cat":[1354],"product_tag":[873],"_links":{"self":[{"href":"https:\/\/pfkeepers.com\/english\/wp-json\/wp\/v2\/product\/50357"}],"collection":[{"href":"https:\/\/pfkeepers.com\/english\/wp-json\/wp\/v2\/product"}],"about":[{"href":"https:\/\/pfkeepers.com\/english\/wp-json\/wp\/v2\/types\/product"}],"wp:featuredmedia":[{"embeddable":true,"href":"https:\/\/pfkeepers.com\/english\/wp-json\/wp\/v2\/media\/50358"}],"wp:attachment":[{"href":"https:\/\/pfkeepers.com\/english\/wp-json\/wp\/v2\/media?parent=50357"}],"wp:term":[{"taxonomy":"product_cat","embeddable":true,"href":"https:\/\/pfkeepers.com\/english\/wp-json\/wp\/v2\/product_cat?post=50357"},{"taxonomy":"product_tag","embeddable":true,"href":"https:\/\/pfkeepers.com\/english\/wp-json\/wp\/v2\/product_tag?post=50357"}],"curies":[{"name":"wp","href":"https:\/\/api.w.org\/{rel}","templated":true}]}}