{"id":50332,"date":"2024-03-04T14:03:44","date_gmt":"2024-03-04T14:03:44","guid":{"rendered":"https:\/\/pfkeepers.com\/produto\/molly-gold-dust-poecilia-sphenops\/"},"modified":"2026-04-19T00:13:16","modified_gmt":"2026-04-19T00:13:16","slug":"molly-gold-dust-poecilia-sphenops","status":"publish","type":"product","link":"https:\/\/pfkeepers.com\/english\/product\/molly-gold-dust-poecilia-sphenops\/","title":{"rendered":"Molly Gold Dust  &#8211; Poecilia sphenops"},"content":{"rendered":"<p>Molly Douradas are very active fish and usually do very well in groups of other fish, they are easy to maintain and for these reasons, very suitable for those who are beginning in the world of aquarium. They are very showy fish and of an immense variety, which gives a unique color and vitality to the aquarium.<\/p>","protected":false},"excerpt":{"rendered":"<p>As Molly Douradas s\u00e3o peixes de comportamento bastante activo e, normalmente, d\u00e3o muito bem em grupos de outros peixes, s\u00e3o de f\u00e1cil manuten\u00e7\u00e3o e por esses motivos, bastante indicados para quem est\u00e1 a iniciar-se no mundo da aquariofilia. S\u00e3o peixes muito vistosos e de uma imensa variedade, sendo que esta d\u00e1 um colorido e vitalidade &hellip;<\/p>\n<p class=\"read-more\"> <a class=\"\" href=\"https:\/\/pfkeepers.com\/english\/product\/molly-gold-dust-poecilia-sphenops\/\"> <span class=\"screen-reader-text\">Molly Gold Dust  &#8211; Poecilia sphenops<\/span> Read More &raquo;<\/a><\/p>","protected":false},"featured_media":50333,"template":"","meta":{"site-sidebar-layout":"default","site-content-layout":"","ast-site-content-layout":"","site-content-style":"default","site-sidebar-style":"default","ast-global-header-display":"","ast-banner-title-visibility":"","ast-main-header-display":"","ast-hfb-above-header-display":"","ast-hfb-below-header-display":"","ast-hfb-mobile-header-display":"","site-post-title":"","ast-breadcrumbs-content":"","ast-featured-img":"","footer-sml-layout":"","theme-transparent-header-meta":"","adv-header-id-meta":"","stick-header-meta":"","header-above-stick-meta":"","header-main-stick-meta":"","header-below-stick-meta":"","astra-migrate-meta-layouts":""},"product_cat":[1354],"product_tag":[992],"_links":{"self":[{"href":"https:\/\/pfkeepers.com\/english\/wp-json\/wp\/v2\/product\/50332"}],"collection":[{"href":"https:\/\/pfkeepers.com\/english\/wp-json\/wp\/v2\/product"}],"about":[{"href":"https:\/\/pfkeepers.com\/english\/wp-json\/wp\/v2\/types\/product"}],"wp:featuredmedia":[{"embeddable":true,"href":"https:\/\/pfkeepers.com\/english\/wp-json\/wp\/v2\/media\/50333"}],"wp:attachment":[{"href":"https:\/\/pfkeepers.com\/english\/wp-json\/wp\/v2\/media?parent=50332"}],"wp:term":[{"taxonomy":"product_cat","embeddable":true,"href":"https:\/\/pfkeepers.com\/english\/wp-json\/wp\/v2\/product_cat?post=50332"},{"taxonomy":"product_tag","embeddable":true,"href":"https:\/\/pfkeepers.com\/english\/wp-json\/wp\/v2\/product_tag?post=50332"}],"curies":[{"name":"wp","href":"https:\/\/api.w.org\/{rel}","templated":true}]}}