{"id":50292,"date":"2024-03-04T14:01:46","date_gmt":"2024-03-04T14:01:46","guid":{"rendered":"https:\/\/pfkeepers.com\/produto\/advance-cat-adult-sterilized-sensitive-salmon-3kg\/"},"modified":"2025-02-27T20:36:48","modified_gmt":"2025-02-27T20:36:48","slug":"advance-cat-adult-sterilized-sensitive-salmon-3kg","status":"publish","type":"product","link":"https:\/\/pfkeepers.com\/english\/product\/advance-cat-adult-sterilized-sensitive-salmon-3kg\/","title":{"rendered":"Advance Cat Adult  Sterilized Sensitive Salmon 3Kg"},"content":{"rendered":"<p>Caracter\u00edsticas<br \/>\nRa\u00e7a<\/p>\n<p>Todas<\/p>\n<p>Peso<\/p>\n<p>3 Kg<\/p>\n<p>Advance Cat Adult Sterilized Sensitive Salmon &amp; Barley \u00e9 um alimento de gama alta indicado para gatos esterilizados.<\/p>\n<p>BENEF\u00cdCIOS:<\/p>\n<p>1) Prote\u00ednas naturais que ajudam a manter a sa\u00fade intestinal.<\/p>\n<p>2) Com biotina, zinco e \u00e1cidos gordos essenciais \u00f3mega 3 e 6 que ajudam a manter a pele saud\u00e1vel e contribuem para um pelo brilhante e lustroso.<\/p>\n<p>3) Quando conjugados com as vitaminas ajudam a abrandar o envelhecimento celular.<\/p>\n<p>4) Ajuda a transformar a gordura em energia, contribuindo para a redu\u00e7\u00e3o dos dep\u00f3sitos de gordura do gato.<\/p>\n<p>5) Ajuda a promover o correto funcionamento do trato urin\u00e1rio e dos rins e a manter a bexiga em bom estado.<\/p>\n<p>6) Minerais especiais que ajudam a prevenir a forma\u00e7\u00e3o de t\u00e1rtaro e a manter o bom h\u00e1lito.<\/p>\n<p>7) Ajudam a prevenir a forma\u00e7\u00e3o de bolas de pelo.<\/p>\n<p>Composi\u00e7\u00e3o: Peru (15%), milho, prote\u00ednas desidratadas de porco, prote\u00ednas desidratadas de aves, cevada (8%), prote\u00ednas animais hidrolisadas, prote\u00ednas de trigo, fibras vegetais, polpa de beterraba, gordura animal, extrato de malte, trigo, sal, inulina, \u00f3leo de peixe, cloreto de pot\u00e1ssio, prote\u00ednas plasm\u00e1ticas, polifen\u00f3is naturais.<\/p>\n<p>ADIT\u00cdVOS:<\/p>\n<p>Aditivos Nutritivos: Vitamina A 33600 IU, Vitamina D3 1800 IU, Vitamina E 400 mg, Biotina 0,24 mg, Taurina 1200 mg, Fumarato ferroso 150 mg (Fe: 45 mg), Sulfato f\u00e9rrico mono-hidratado 261 mg (Fe: 85 mg), Iodeto de pot\u00e1ssio 1,9 mg (I: 1,4 mg), Sulfato de cobre penta-hidratado 33 mg (Cu: 8,8 mg), Sulfato manganoso mono-hidratado 123 mg (Mn: 40 mg), Sulfato de zinco mono-hidratado 396 mg (Zn: 144 mg), Selenito de s\u00f3dio 0,24 mg (Se: 0,1 mg), Com antioxidantes.<\/p>\n<p>Constituintes Anal\u00edticos: Prote\u00edna 39.0%, Conte\u00fado de gordura 12,0%, Fibras brutas 4,5%, Mat\u00e9ria inorg\u00e2nica 7,5%, C\u00e1lcio 1,1%, F\u00f3sforo 0,9%, S\u00f3dio 0,7%, Humidade 8.0%.<\/p>","protected":false},"excerpt":{"rendered":"<p>Caracter\u00edsticas Ra\u00e7a Todas Peso 3 Kg Advance Cat Adult Sterilized Sensitive Salmon &amp; Barley \u00e9 um alimento de gama alta indicado para gatos esterilizados. BENEF\u00cdCIOS: 1) Prote\u00ednas naturais que ajudam a manter a sa\u00fade intestinal. 2) Com biotina, zinco e \u00e1cidos gordos essenciais \u00f3mega 3 e 6 que ajudam a manter a pele saud\u00e1vel e &hellip;<\/p>\n<p class=\"read-more\"> <a class=\"\" href=\"https:\/\/pfkeepers.com\/english\/product\/advance-cat-adult-sterilized-sensitive-salmon-3kg\/\"> <span class=\"screen-reader-text\">Advance Cat Adult  Sterilized Sensitive Salmon 3Kg<\/span> Read More &raquo;<\/a><\/p>","protected":false},"featured_media":50293,"template":"","meta":{"site-sidebar-layout":"default","site-content-layout":"","ast-site-content-layout":"","site-content-style":"default","site-sidebar-style":"default","ast-global-header-display":"","ast-banner-title-visibility":"","ast-main-header-display":"","ast-hfb-above-header-display":"","ast-hfb-below-header-display":"","ast-hfb-mobile-header-display":"","site-post-title":"","ast-breadcrumbs-content":"","ast-featured-img":"","footer-sml-layout":"","theme-transparent-header-meta":"","adv-header-id-meta":"","stick-header-meta":"","header-above-stick-meta":"","header-main-stick-meta":"","header-below-stick-meta":"","astra-migrate-meta-layouts":""},"product_cat":[658],"product_tag":[1637],"_links":{"self":[{"href":"https:\/\/pfkeepers.com\/english\/wp-json\/wp\/v2\/product\/50292"}],"collection":[{"href":"https:\/\/pfkeepers.com\/english\/wp-json\/wp\/v2\/product"}],"about":[{"href":"https:\/\/pfkeepers.com\/english\/wp-json\/wp\/v2\/types\/product"}],"wp:featuredmedia":[{"embeddable":true,"href":"https:\/\/pfkeepers.com\/english\/wp-json\/wp\/v2\/media\/50293"}],"wp:attachment":[{"href":"https:\/\/pfkeepers.com\/english\/wp-json\/wp\/v2\/media?parent=50292"}],"wp:term":[{"taxonomy":"product_cat","embeddable":true,"href":"https:\/\/pfkeepers.com\/english\/wp-json\/wp\/v2\/product_cat?post=50292"},{"taxonomy":"product_tag","embeddable":true,"href":"https:\/\/pfkeepers.com\/english\/wp-json\/wp\/v2\/product_tag?post=50292"}],"curies":[{"name":"wp","href":"https:\/\/api.w.org\/{rel}","templated":true}]}}