{"id":50290,"date":"2024-03-04T14:01:43","date_gmt":"2024-03-04T14:01:43","guid":{"rendered":"https:\/\/pfkeepers.com\/produto\/advance-dog-maxi-puppy-chicken-rice-3kg\/"},"modified":"2024-12-18T17:59:57","modified_gmt":"2024-12-18T17:59:57","slug":"advance-dog-maxi-puppy-chicken-rice-3kg","status":"publish","type":"product","link":"https:\/\/pfkeepers.com\/english\/product\/advance-dog-maxi-puppy-chicken-rice-3kg\/","title":{"rendered":"Advance Dog Maxi Puppy Chicken &amp; Rice 3Kg"},"content":{"rendered":"<p>Caracter\u00edsticas<br \/>\nIdade<\/p>\n<p>Cachorro<\/p>\n<p>Peso<\/p>\n<p>3 Kg<\/p>\n<p>Porte<\/p>\n<p>Grande<\/p>\n<p>Descri\u00e7\u00e3o<\/p>\n<p>Alimentos de alta gama especialmente adequado para cachorros (de 2 a 12 meses) de ra\u00e7a grande (mais de 30 kg de peso adulto.) Incorporando:<\/p>\n<p>f\u00f3rmula exclusiva com nucleot\u00eddeos que ajuda a melhorar a efici\u00eancia da replica\u00e7\u00e3o celular, e facilita o desenvolvimento m\u00e1ximo de todos os tecidos do filhote de cachorro. O efeito potenciador permite a replica\u00e7\u00e3o celular r\u00e1pida activa\u00e7\u00e3o do sistema imunit\u00e1rio e aumenta o limiar da barreira imune contra a incorpora\u00e7\u00e3o de agentes pat\u00f3genos.La prebi\u00f3ticos, probi\u00f3ticos e imunoglobulinas na f\u00f3rmula facilitada, sa\u00fade protegido e desenvolve intestinal.BENEFICIOS\u00c1CIDOS GORDOS OMEGA 3<\/p>\n<p>Eles ajudam o desenvolvimento adequado do sistema nervoso central, o processo de aprendizagem e vis\u00e3o.<\/p>\n<p>o crescimento ideal<br \/>\nAlto teor de nutrientes, tais como a energia, prote\u00edna, gordura, vitaminas e minerais para garantir o crescimento ideal e desenvolvimento do filhote.<\/p>\n<p>IMUNOGLOBULINA ACTIVE<br \/>\nprote\u00ednas naturais que ajudam a manter a sa\u00fade intestinal.<\/p>\n<p>Frango e arroz, INGREDIENTES<br \/>\nExcelentes fontes de prote\u00ednas e carboidratos de f\u00e1cil digest\u00e3o para a sa\u00fade intestinal ideal.<\/p>\n<p>NUCLEOT\u00cdDEO COM PERFIL colostro<br \/>\nMelhorar a efici\u00eancia da replica\u00e7\u00e3o celular, favorecendo o desenvolvimento m\u00e1ximo dos sistemas gastrointestinal e imunol\u00f3gico.<\/p>\n<p>OPTIMUM c\u00e1lcio-f\u00f3sforo<br \/>\nGarante o crescimento \u00f3sseo ideal e desenvolvimento do filhote.<\/p>\n<p>sulfato de condroitina e glucosamina<br \/>\nA sua ac\u00e7\u00e3o combinada favorece a boa manuten\u00e7\u00e3o da cartilagem articular, ajudando a prevenir o aparecimento de problemas nas articula\u00e7\u00f5es.<\/p>\n<p>Ingredientes<\/p>\n<p>Frango (16%) de arroz (15%) de prote\u00edna de aves desidratada farelo de gl\u00faten de Ma\u00edzTrigoMa\u00edzGrasa AnimalProte\u00ednas Animais HidrolizadasPulpa De RemolachaLevaduraHuevo DeshidratadoAceite girassol HidrolizadoAceite De PescadoProte\u00ednas Plasm\u00e1ticasFibra De AvenaCloruro Pot\u00e1sicoSalFosfato Tric\u00e1lcicoNucle\u00f3tidosGlucosaminaSulfato condroitina<\/p>\n<p>ADITIVOS NUTRICIONAIS<\/p>\n<p>A27000 D31800 LESVitamina IUVitamina mgVitamina C IUVitamina E670 (sal de s\u00f3dio e de c\u00e1lcio de monofosfato asc\u00f3rbico) 500 mg mgTaurina1200 mgSulfato monohidratado260 f\u00e9rrico (Fe: 85 mg) potasio1,9 mg de iodeto (I: 1,4 mg) pentahidratado34 mg de sulfato de cobre ( Cu: 8,8 mg) monohidratado124 mg de mangan\u00eas sulfato (Mn: 40mg) monohidratado395 mg de sulfato de zinco (Zn: 144 mg) s\u00f3dico0,24 mg selenito (Se: 0,11 mg) com antioxidantes<br \/>\nAN\u00c1LISE DO AMBIENTE<br \/>\nProte\u00edna30,0% gratuito grasa17,0% Celulose Mat\u00e9ria inorg\u00e1nica6,5 bruta3,0 %%% Calcio1,1 F\u00f3sforo0,9% Humedad9,0%<\/p>","protected":false},"excerpt":{"rendered":"<p>Caracter\u00edsticas Idade Cachorro Peso 3 Kg Porte Grande Descri\u00e7\u00e3o Alimentos de alta gama especialmente adequado para cachorros (de 2 a 12 meses) de ra\u00e7a grande (mais de 30 kg de peso adulto.) Incorporando: f\u00f3rmula exclusiva com nucleot\u00eddeos que ajuda a melhorar a efici\u00eancia da replica\u00e7\u00e3o celular, e facilita o desenvolvimento m\u00e1ximo de todos os tecidos &hellip;<\/p>\n<p class=\"read-more\"> <a class=\"\" href=\"https:\/\/pfkeepers.com\/english\/product\/advance-dog-maxi-puppy-chicken-rice-3kg\/\"> <span class=\"screen-reader-text\">Advance Dog Maxi Puppy Chicken &amp; Rice 3Kg<\/span> Read More &raquo;<\/a><\/p>","protected":false},"featured_media":50291,"template":"","meta":{"site-sidebar-layout":"default","site-content-layout":"","ast-site-content-layout":"","site-content-style":"default","site-sidebar-style":"default","ast-global-header-display":"","ast-banner-title-visibility":"","ast-main-header-display":"","ast-hfb-above-header-display":"","ast-hfb-below-header-display":"","ast-hfb-mobile-header-display":"","site-post-title":"","ast-breadcrumbs-content":"","ast-featured-img":"","footer-sml-layout":"","theme-transparent-header-meta":"","adv-header-id-meta":"","stick-header-meta":"","header-above-stick-meta":"","header-main-stick-meta":"","header-below-stick-meta":"","astra-migrate-meta-layouts":""},"product_cat":[658],"product_tag":[1637],"_links":{"self":[{"href":"https:\/\/pfkeepers.com\/english\/wp-json\/wp\/v2\/product\/50290"}],"collection":[{"href":"https:\/\/pfkeepers.com\/english\/wp-json\/wp\/v2\/product"}],"about":[{"href":"https:\/\/pfkeepers.com\/english\/wp-json\/wp\/v2\/types\/product"}],"wp:featuredmedia":[{"embeddable":true,"href":"https:\/\/pfkeepers.com\/english\/wp-json\/wp\/v2\/media\/50291"}],"wp:attachment":[{"href":"https:\/\/pfkeepers.com\/english\/wp-json\/wp\/v2\/media?parent=50290"}],"wp:term":[{"taxonomy":"product_cat","embeddable":true,"href":"https:\/\/pfkeepers.com\/english\/wp-json\/wp\/v2\/product_cat?post=50290"},{"taxonomy":"product_tag","embeddable":true,"href":"https:\/\/pfkeepers.com\/english\/wp-json\/wp\/v2\/product_tag?post=50290"}],"curies":[{"name":"wp","href":"https:\/\/api.w.org\/{rel}","templated":true}]}}