{"id":50284,"date":"2024-03-04T14:01:34","date_gmt":"2024-03-04T14:01:34","guid":{"rendered":"https:\/\/pfkeepers.com\/produto\/advance-dog-medium-adulto-chicken-and-rice-3-kg\/"},"modified":"2024-12-18T17:59:49","modified_gmt":"2024-12-18T17:59:49","slug":"advance-dog-medium-adulto-chicken-and-rice-3-kg","status":"publish","type":"product","link":"https:\/\/pfkeepers.com\/english\/product\/advance-dog-medium-adulto-chicken-and-rice-3-kg\/","title":{"rendered":"Advance Dog Medium Adulto Chicken and Rice 3 kg"},"content":{"rendered":"<p>Caracter\u00edsticas<br \/>\nIdade<\/p>\n<p>Adulto<\/p>\n<p>Peso<\/p>\n<p>3 Kg<\/p>\n<p>Porte<\/p>\n<p>M\u00e9dio<\/p>\n<p>ADVANCE \u00e9 um alimento premium que toma em considera\u00e7\u00e3o a mais recente informa\u00e7\u00e3o sobre alimenta\u00e7\u00e3o canina para que o seu c\u00e3o tenha uma sa\u00fade perfeita.<\/p>\n<p>N\u00e3o cont\u00e9m corantes nem conservantes artificiais. O alimento cont\u00e9m ainda carne fresca.<\/p>\n<p>ADVANCE foi especialmente criada para ajudar o seu c\u00e3o a manter-se em forma &#8211; por dentro e por fora. ADVANCE apoia as v\u00e1rias fun\u00e7\u00f5es do organismo dos c\u00e3es, como \u00e9 o caso dos sistemas imunit\u00e1rio, urin\u00e1rio, digestivo e cardiovascular.<\/p>\n<p>Medium Adult ADVANCE &#8211; composi\u00e7\u00e3o:<\/p>\n<p>Condroitina e glucosamina: Ambas as subst\u00e2ncias combinadas mant\u00eam saud\u00e1veis as cartilagens e articula\u00e7\u00f5es, prevenindo assim problemas comuns relacionados com as mesmas, com o avan\u00e7ar da idade.<br \/>\nQuantidades equilibradas de prote\u00edna e gordura: para a sa\u00fade ideal de c\u00e3es adultos de grande porte.<br \/>\nProte\u00ednas naturais que promovem a sa\u00fade do sistema digestivo.<br \/>\n\u00c1cidos gordos essenciais: Para uma pele saud\u00e1vel. Evita dermatoses e a perda excessiva de cabelo.<br \/>\nMinerais especiais impedem a forma\u00e7\u00e3o de t\u00e1rtaro e proporcionam uma boa respira\u00e7\u00e3o.<br \/>\nCroquetes M\u00e9dios: adaptado para os maxilares e os dentes de c\u00e3es de porte m\u00e9dio.<\/p>","protected":false},"excerpt":{"rendered":"<p>Caracter\u00edsticas Idade Adulto Peso 3 Kg Porte M\u00e9dio ADVANCE \u00e9 um alimento premium que toma em considera\u00e7\u00e3o a mais recente informa\u00e7\u00e3o sobre alimenta\u00e7\u00e3o canina para que o seu c\u00e3o tenha uma sa\u00fade perfeita. N\u00e3o cont\u00e9m corantes nem conservantes artificiais. O alimento cont\u00e9m ainda carne fresca. ADVANCE foi especialmente criada para ajudar o seu c\u00e3o a &hellip;<\/p>\n<p class=\"read-more\"> <a class=\"\" href=\"https:\/\/pfkeepers.com\/english\/product\/advance-dog-medium-adulto-chicken-and-rice-3-kg\/\"> <span class=\"screen-reader-text\">Advance Dog Medium Adulto Chicken and Rice 3 kg<\/span> Read More &raquo;<\/a><\/p>","protected":false},"featured_media":50285,"template":"","meta":{"site-sidebar-layout":"default","site-content-layout":"","ast-site-content-layout":"","site-content-style":"default","site-sidebar-style":"default","ast-global-header-display":"","ast-banner-title-visibility":"","ast-main-header-display":"","ast-hfb-above-header-display":"","ast-hfb-below-header-display":"","ast-hfb-mobile-header-display":"","site-post-title":"","ast-breadcrumbs-content":"","ast-featured-img":"","footer-sml-layout":"","theme-transparent-header-meta":"","adv-header-id-meta":"","stick-header-meta":"","header-above-stick-meta":"","header-main-stick-meta":"","header-below-stick-meta":"","astra-migrate-meta-layouts":""},"product_cat":[658],"product_tag":[1637],"_links":{"self":[{"href":"https:\/\/pfkeepers.com\/english\/wp-json\/wp\/v2\/product\/50284"}],"collection":[{"href":"https:\/\/pfkeepers.com\/english\/wp-json\/wp\/v2\/product"}],"about":[{"href":"https:\/\/pfkeepers.com\/english\/wp-json\/wp\/v2\/types\/product"}],"wp:featuredmedia":[{"embeddable":true,"href":"https:\/\/pfkeepers.com\/english\/wp-json\/wp\/v2\/media\/50285"}],"wp:attachment":[{"href":"https:\/\/pfkeepers.com\/english\/wp-json\/wp\/v2\/media?parent=50284"}],"wp:term":[{"taxonomy":"product_cat","embeddable":true,"href":"https:\/\/pfkeepers.com\/english\/wp-json\/wp\/v2\/product_cat?post=50284"},{"taxonomy":"product_tag","embeddable":true,"href":"https:\/\/pfkeepers.com\/english\/wp-json\/wp\/v2\/product_tag?post=50284"}],"curies":[{"name":"wp","href":"https:\/\/api.w.org\/{rel}","templated":true}]}}