{"id":50256,"date":"2024-03-04T14:00:53","date_gmt":"2024-03-04T14:00:53","guid":{"rendered":"https:\/\/pfkeepers.com\/produto\/advance-dog-puppy-mini-chicken-rice-700g\/"},"modified":"2024-12-18T17:59:10","modified_gmt":"2024-12-18T17:59:10","slug":"advance-dog-puppy-mini-chicken-rice-700g","status":"publish","type":"product","link":"https:\/\/pfkeepers.com\/english\/product\/advance-dog-puppy-mini-chicken-rice-700g\/","title":{"rendered":"Advance Dog Puppy Mini Chicken &amp; Rice 700g"},"content":{"rendered":"<p>Caracter\u00edsticas<br \/>\nIdade<\/p>\n<p>Cachorro<\/p>\n<p>Peso<\/p>\n<p>700 g<\/p>\n<p>Porte<\/p>\n<p>Pequeno<\/p>\n<p>Advance Puppy Mini Protect foca-se mais numa nas necessidades globais dos c\u00e3es em crescimento do que as ra\u00e7\u00f5es orientadas para as ra\u00e7as espec\u00edficas. Os ingredientes e nutrientes especiais, vitaminas e minerais garantem o bom desenvolvimento e funcionamento dos sistemas imunit\u00e1rio, urin\u00e1rio, digestivo ou cardiovascular. O teor equilibrado de c\u00e1lcio e f\u00f3sforo contribui para o desenvolvimento saud\u00e1vel dos ossos e articula\u00e7\u00f5es. Advance Puppy Mini Protect \u00e9 ainda rico em \u00e1cidos gordos \u00d3mega 3, que podem ter um impacto positivo sobre o desenvolvimento do sistema nervoso central e acuidade visual. Cont\u00e9m carne fresca que fornece as prote\u00ednas essenciais. Elevado teor de prote\u00edna e de gordura para um aumento do consumo de energia dos filhotes e para promover a forma\u00e7\u00e3o muscular. O tamanho dos croquetes foi adaptado ao tamanho dos c\u00e3es de ra\u00e7as pequenas em crescimento. N\u00e3o cont\u00e9m corantes nem conservantes artificiais.<\/p>\n<p>Caracter\u00edsticas Gerais:<\/p>\n<p>Alimento completo para c\u00e3es de ra\u00e7a pequena, dos 2 aos 8 meses<br \/>\nPara sistemas imunol\u00f3gico, urin\u00e1rio, digestivo e cardiovascular saud\u00e1veis<br \/>\nTeor equilibrado de c\u00e1lcio e f\u00f3sforo: Para o desenvolvimento saud\u00e1vel dos ossos e articula\u00e7\u00f5es.<br \/>\nRica em \u00e1cidos gordos \u00d3mega 3: Boa sa\u00fade do sistema nervoso central e vis\u00e3o.<br \/>\nElevado teor de prote\u00edna e gordura: Colmata as necessidades de energia dos cachorrinhos e promove o bom desenvolvimento dos ossos.<br \/>\nCroquetes adaptados: Especialmente para os dentes dos c\u00e3es de pequeno porte.<br \/>\nN\u00e3o cont\u00e9m: Corantes nem conservantes artificiais<br \/>\nIngredientes:<\/p>\n<p>Frango (20%), arroz (15%), prote\u00edna de aves em p\u00f3, trigo, milho Gl\u00faten, gordura animal, milho, prote\u00edna animal hidrolizada, polpa de beterraba, \u00f3leo de peixe, clara de ovo em p\u00f3, levedura, cloreto de pot\u00e1ssio, prote\u00edna de plasma, pirofosfato de s\u00f3dio, carbonato de c\u00e1lcio, sal, polifen\u00f3is naturais.<\/p>\n<p>Aditivos:<\/p>\n<p>Vitamina A (27.000 IE\/kg), Vitamina D3 (1.800 IE\/kg), Vitamina E (670 mg\/kg), Vitamina C (500 mg\/kg), Taurina (1200 mg\/kg), Sulfato ferroso monohidratado (260 mg\/kg), Iodeto de pot\u00e1ssio (1,9 mg\/kg), Sulfato de Cobre (II) Pentahidratado (34 mg\/kg), Sulfato de Mangan\u00eas Monohidratado (124 mg\/kg), Sulfato de Zinco Monohidratado (395 mg\/kg), Selenito de S\u00f3dio (0,24 mg\/kg).<\/p>","protected":false},"excerpt":{"rendered":"<p>Caracter\u00edsticas Idade Cachorro Peso 700 g Porte Pequeno Advance Puppy Mini Protect foca-se mais numa nas necessidades globais dos c\u00e3es em crescimento do que as ra\u00e7\u00f5es orientadas para as ra\u00e7as espec\u00edficas. Os ingredientes e nutrientes especiais, vitaminas e minerais garantem o bom desenvolvimento e funcionamento dos sistemas imunit\u00e1rio, urin\u00e1rio, digestivo ou cardiovascular. O teor equilibrado &hellip;<\/p>\n<p class=\"read-more\"> <a class=\"\" href=\"https:\/\/pfkeepers.com\/english\/product\/advance-dog-puppy-mini-chicken-rice-700g\/\"> <span class=\"screen-reader-text\">Advance Dog Puppy Mini Chicken &amp; Rice 700g<\/span> Read More &raquo;<\/a><\/p>","protected":false},"featured_media":50257,"template":"","meta":{"site-sidebar-layout":"default","site-content-layout":"","ast-site-content-layout":"","site-content-style":"default","site-sidebar-style":"default","ast-global-header-display":"","ast-banner-title-visibility":"","ast-main-header-display":"","ast-hfb-above-header-display":"","ast-hfb-below-header-display":"","ast-hfb-mobile-header-display":"","site-post-title":"","ast-breadcrumbs-content":"","ast-featured-img":"","footer-sml-layout":"","theme-transparent-header-meta":"","adv-header-id-meta":"","stick-header-meta":"","header-above-stick-meta":"","header-main-stick-meta":"","header-below-stick-meta":"","astra-migrate-meta-layouts":""},"product_cat":[658],"product_tag":[1637],"_links":{"self":[{"href":"https:\/\/pfkeepers.com\/english\/wp-json\/wp\/v2\/product\/50256"}],"collection":[{"href":"https:\/\/pfkeepers.com\/english\/wp-json\/wp\/v2\/product"}],"about":[{"href":"https:\/\/pfkeepers.com\/english\/wp-json\/wp\/v2\/types\/product"}],"wp:featuredmedia":[{"embeddable":true,"href":"https:\/\/pfkeepers.com\/english\/wp-json\/wp\/v2\/media\/50257"}],"wp:attachment":[{"href":"https:\/\/pfkeepers.com\/english\/wp-json\/wp\/v2\/media?parent=50256"}],"wp:term":[{"taxonomy":"product_cat","embeddable":true,"href":"https:\/\/pfkeepers.com\/english\/wp-json\/wp\/v2\/product_cat?post=50256"},{"taxonomy":"product_tag","embeddable":true,"href":"https:\/\/pfkeepers.com\/english\/wp-json\/wp\/v2\/product_tag?post=50256"}],"curies":[{"name":"wp","href":"https:\/\/api.w.org\/{rel}","templated":true}]}}