{"id":50252,"date":"2024-03-04T14:00:47","date_gmt":"2024-03-04T14:00:47","guid":{"rendered":"https:\/\/pfkeepers.com\/produto\/advance-cat-kitten-chicken-rice-400g\/"},"modified":"2025-02-27T20:36:29","modified_gmt":"2025-02-27T20:36:29","slug":"advance-cat-kitten-chicken-rice-400g","status":"publish","type":"product","link":"https:\/\/pfkeepers.com\/english\/product\/advance-cat-kitten-chicken-rice-400g\/","title":{"rendered":"Advance Cat Kitten Chicken &amp; Rice 400g"},"content":{"rendered":"<p>Caracter\u00edsticas<br \/>\nRa\u00e7a<\/p>\n<p>Todas<\/p>\n<p>Peso<\/p>\n<p>400 g<\/p>\n<p>Indica\u00e7\u00f5es:<\/p>\n<p>Alimento especialmente concebido para gatos dos 2 aos 12 meses e f\u00eameas em fase de gesta\u00e7\u00e3o ou lactantes.<\/p>\n<p>Descritivo:<\/p>\n<p>Adequado para gatos dos 2 aos 12 meses, f\u00eameas em fase de gesta\u00e7\u00e3o ou lactantes. Inclui: alto conte\u00fado de prote\u00ednas e gorduras, \u00f3ptima rela\u00e7\u00e3o c\u00e1lcio-f\u00f3sforo e \u00e1cidos gordos \u00f3mega 3 e 6.<\/p>\n<p>Composi\u00e7\u00e3o:<\/p>\n<p>Frango, prote\u00ednas desidratadas de aves, arroz, farinha de gl\u00faten de milho, milho, gorduras animais (estabilizadas com vitamina E), prote\u00ednas desidratadas de boi, gl\u00faten de trigo, prote\u00ednas animais hidrolisadas, prote\u00ednas de peixes hidrolisadas, ovo desidratado,\u00f3leo de peixe, prote\u00ednas plasm\u00e1ticas, cloreto de pot\u00e1ssio, sal, extractos de c\u00edtricos ricos em bioflavon\u00f3ides.<\/p>","protected":false},"excerpt":{"rendered":"<p>Caracter\u00edsticas Ra\u00e7a Todas Peso 400 g Indica\u00e7\u00f5es: Alimento especialmente concebido para gatos dos 2 aos 12 meses e f\u00eameas em fase de gesta\u00e7\u00e3o ou lactantes. Descritivo: Adequado para gatos dos 2 aos 12 meses, f\u00eameas em fase de gesta\u00e7\u00e3o ou lactantes. Inclui: alto conte\u00fado de prote\u00ednas e gorduras, \u00f3ptima rela\u00e7\u00e3o c\u00e1lcio-f\u00f3sforo e \u00e1cidos gordos \u00f3mega &hellip;<\/p>\n<p class=\"read-more\"> <a class=\"\" href=\"https:\/\/pfkeepers.com\/english\/product\/advance-cat-kitten-chicken-rice-400g\/\"> <span class=\"screen-reader-text\">Advance Cat Kitten Chicken &amp; Rice 400g<\/span> Read More &raquo;<\/a><\/p>","protected":false},"featured_media":50253,"template":"","meta":{"site-sidebar-layout":"default","site-content-layout":"","ast-site-content-layout":"","site-content-style":"default","site-sidebar-style":"default","ast-global-header-display":"","ast-banner-title-visibility":"","ast-main-header-display":"","ast-hfb-above-header-display":"","ast-hfb-below-header-display":"","ast-hfb-mobile-header-display":"","site-post-title":"","ast-breadcrumbs-content":"","ast-featured-img":"","footer-sml-layout":"","theme-transparent-header-meta":"","adv-header-id-meta":"","stick-header-meta":"","header-above-stick-meta":"","header-main-stick-meta":"","header-below-stick-meta":"","astra-migrate-meta-layouts":""},"product_cat":[658],"product_tag":[1637],"_links":{"self":[{"href":"https:\/\/pfkeepers.com\/english\/wp-json\/wp\/v2\/product\/50252"}],"collection":[{"href":"https:\/\/pfkeepers.com\/english\/wp-json\/wp\/v2\/product"}],"about":[{"href":"https:\/\/pfkeepers.com\/english\/wp-json\/wp\/v2\/types\/product"}],"wp:featuredmedia":[{"embeddable":true,"href":"https:\/\/pfkeepers.com\/english\/wp-json\/wp\/v2\/media\/50253"}],"wp:attachment":[{"href":"https:\/\/pfkeepers.com\/english\/wp-json\/wp\/v2\/media?parent=50252"}],"wp:term":[{"taxonomy":"product_cat","embeddable":true,"href":"https:\/\/pfkeepers.com\/english\/wp-json\/wp\/v2\/product_cat?post=50252"},{"taxonomy":"product_tag","embeddable":true,"href":"https:\/\/pfkeepers.com\/english\/wp-json\/wp\/v2\/product_tag?post=50252"}],"curies":[{"name":"wp","href":"https:\/\/api.w.org\/{rel}","templated":true}]}}