{"id":50244,"date":"2024-03-04T14:00:35","date_gmt":"2024-03-04T14:00:35","guid":{"rendered":"https:\/\/pfkeepers.com\/produto\/advance-dog-sensitive-snack-150g\/"},"modified":"2024-12-18T17:58:55","modified_gmt":"2024-12-18T17:58:55","slug":"advance-dog-sensitive-snack-150g","status":"publish","type":"product","link":"https:\/\/pfkeepers.com\/english\/product\/advance-dog-sensitive-snack-150g\/","title":{"rendered":"Advance Dog Sensitive Snack 150g"},"content":{"rendered":"<p>Ideal para c\u00e3es com sensibilidade digestiva e cut\u00e2nea<\/p>\n<p>Indica\u00e7\u00f5es<\/p>\n<p>Advance Sensitive Snack \u00e9 um saboroso e saboroso biscoito ideal para c\u00e3es com sensibilidade digestiva e cut\u00e2nea gra\u00e7as \u00e0 combina\u00e7\u00e3o eficaz de salm\u00e3o como \u00fanica fonte de prote\u00edna animal, \u00e1cidos graxos essenciais Omega 3 e 6 e Inulina como um prebi\u00f3tico.<br \/>\nFeito com ingredientes sem gl\u00faten.<\/p>\n<p>Caracter\u00edsticas e benef\u00edcios<br \/>\nMonoprotein animais: Salmon: Ajuda a reduzir o risco de reac\u00e7\u00f5es adversas aos alimentos.<br \/>\nOMEGA 3 E 6: Contribui para a protec\u00e7\u00e3o da pele.<br \/>\nPrebi\u00f3ticos: Ajuda a desenvolver flora intestinal ben\u00e9fica.<\/p>\n<p>Ingredientes<\/p>\n<p>Subprodutos de origem vegetal (0,5% de inulina), peixe e subprodutos<br \/>\nDe peixes (25% de salm\u00e3o), a\u00e7\u00facares, algas (fonte natural de \u00f4mega 3),<br \/>\nSubst\u00e2ncias minerais.<\/p>\n<p>Aditivos nutricionais (por kg)<br \/>\nVitamina A 27000 UI<br \/>\nVitamina D3 1800 UI<br \/>\nVitamina E 670 mg<br \/>\nVitamina C 500 mg<br \/>\nVitamina B6 11 mg<\/p>\n<p>An\u00e1lise m\u00e9dia<br \/>\nProte\u00edna 17%<br \/>\nTeor de gordura 3,5%<br \/>\nFibras brutas 1%<br \/>\nMat\u00e9rias inorg\u00e2nicas 5,3%<br \/>\nOmega 3<\/p>","protected":false},"excerpt":{"rendered":"<p>Ideal para c\u00e3es com sensibilidade digestiva e cut\u00e2nea Indica\u00e7\u00f5es Advance Sensitive Snack \u00e9 um saboroso e saboroso biscoito ideal para c\u00e3es com sensibilidade digestiva e cut\u00e2nea gra\u00e7as \u00e0 combina\u00e7\u00e3o eficaz de salm\u00e3o como \u00fanica fonte de prote\u00edna animal, \u00e1cidos graxos essenciais Omega 3 e 6 e Inulina como um prebi\u00f3tico. Feito com ingredientes sem gl\u00faten. &hellip;<\/p>\n<p class=\"read-more\"> <a class=\"\" href=\"https:\/\/pfkeepers.com\/english\/product\/advance-dog-sensitive-snack-150g\/\"> <span class=\"screen-reader-text\">Advance Dog Sensitive Snack 150g<\/span> Read More &raquo;<\/a><\/p>","protected":false},"featured_media":50245,"template":"","meta":{"site-sidebar-layout":"default","site-content-layout":"","ast-site-content-layout":"","site-content-style":"default","site-sidebar-style":"default","ast-global-header-display":"","ast-banner-title-visibility":"","ast-main-header-display":"","ast-hfb-above-header-display":"","ast-hfb-below-header-display":"","ast-hfb-mobile-header-display":"","site-post-title":"","ast-breadcrumbs-content":"","ast-featured-img":"","footer-sml-layout":"","theme-transparent-header-meta":"","adv-header-id-meta":"","stick-header-meta":"","header-above-stick-meta":"","header-main-stick-meta":"","header-below-stick-meta":"","astra-migrate-meta-layouts":""},"product_cat":[658],"product_tag":[1637],"_links":{"self":[{"href":"https:\/\/pfkeepers.com\/english\/wp-json\/wp\/v2\/product\/50244"}],"collection":[{"href":"https:\/\/pfkeepers.com\/english\/wp-json\/wp\/v2\/product"}],"about":[{"href":"https:\/\/pfkeepers.com\/english\/wp-json\/wp\/v2\/types\/product"}],"wp:featuredmedia":[{"embeddable":true,"href":"https:\/\/pfkeepers.com\/english\/wp-json\/wp\/v2\/media\/50245"}],"wp:attachment":[{"href":"https:\/\/pfkeepers.com\/english\/wp-json\/wp\/v2\/media?parent=50244"}],"wp:term":[{"taxonomy":"product_cat","embeddable":true,"href":"https:\/\/pfkeepers.com\/english\/wp-json\/wp\/v2\/product_cat?post=50244"},{"taxonomy":"product_tag","embeddable":true,"href":"https:\/\/pfkeepers.com\/english\/wp-json\/wp\/v2\/product_tag?post=50244"}],"curies":[{"name":"wp","href":"https:\/\/api.w.org\/{rel}","templated":true}]}}