{"id":50240,"date":"2024-03-04T14:00:29","date_gmt":"2024-03-04T14:00:29","guid":{"rendered":"https:\/\/pfkeepers.com\/produto\/advance-dog-snack-dental-multipack-720-g\/"},"modified":"2024-12-18T17:58:49","modified_gmt":"2024-12-18T17:58:49","slug":"advance-dog-snack-dental-multipack-720-g","status":"publish","type":"product","link":"https:\/\/pfkeepers.com\/english\/product\/advance-dog-snack-dental-multipack-720-g\/","title":{"rendered":"Advance Dog Snack Dental Multipack 720 g"},"content":{"rendered":"<p>Boca \u00e9 uma das partes mais importantes do corpo para c\u00e3es. \u00c9 a primeira parte do aparelho digestivo e com ele se relacionam muito de seu ambiente por meio da picada e a lamber. Isto faz com que em uma das partes do corpo expostas ao c\u00e3o de atores externos. Neste sentido, \u00e9 importante que os propriet\u00e1rios s\u00e3o excelente sa\u00fade animais buco dental. Os benef\u00edcios s\u00e3o maiores do que voc\u00ea jamais imaginou.Um c\u00e3o com muito t\u00e1rtaro ou sujeira permanente nos dentes, al\u00e9m de ter odor mau h\u00e1lito, pode gerar de doen\u00e7a renal a doen\u00e7a card\u00edaca.<\/p>\n<p>Advance Dental Care Stick lanches tente limpeza oral com triplo efeito contra t\u00e1rtaro. Tartar \u00e9 uma consequ\u00eancia da mineraliza\u00e7\u00e3o da placa bacteriana que se desenvolve sobre os restos de comida esquerda nos dentes. Advance Dental Care Stick contribui para quebrar a Cadeia de forma\u00e7\u00e3o de t\u00e1rtaro em diferentes pontos, gra\u00e7as ao seu efeito triplo.<\/p>\n<p>Em primeiro lugar, seu efeito mec\u00e2nico Remove os restos de comida dos dentes. Em seguida, age como um escudo de dente, reduzindo a forma\u00e7\u00e3o de placa bacteriana e, finalmente, seus pirofosfatos ajudam a prevenir a forma\u00e7\u00e3o de t\u00e1rtaro.<\/p>","protected":false},"excerpt":{"rendered":"<p>Boca \u00e9 uma das partes mais importantes do corpo para c\u00e3es. \u00c9 a primeira parte do aparelho digestivo e com ele se relacionam muito de seu ambiente por meio da picada e a lamber. Isto faz com que em uma das partes do corpo expostas ao c\u00e3o de atores externos. Neste sentido, \u00e9 importante que &hellip;<\/p>\n<p class=\"read-more\"> <a class=\"\" href=\"https:\/\/pfkeepers.com\/english\/product\/advance-dog-snack-dental-multipack-720-g\/\"> <span class=\"screen-reader-text\">Advance Dog Snack Dental Multipack 720 g<\/span> Read More &raquo;<\/a><\/p>","protected":false},"featured_media":50241,"template":"","meta":{"site-sidebar-layout":"default","site-content-layout":"","ast-site-content-layout":"","site-content-style":"default","site-sidebar-style":"default","ast-global-header-display":"","ast-banner-title-visibility":"","ast-main-header-display":"","ast-hfb-above-header-display":"","ast-hfb-below-header-display":"","ast-hfb-mobile-header-display":"","site-post-title":"","ast-breadcrumbs-content":"","ast-featured-img":"","footer-sml-layout":"","theme-transparent-header-meta":"","adv-header-id-meta":"","stick-header-meta":"","header-above-stick-meta":"","header-main-stick-meta":"","header-below-stick-meta":"","astra-migrate-meta-layouts":""},"product_cat":[658],"product_tag":[1637],"_links":{"self":[{"href":"https:\/\/pfkeepers.com\/english\/wp-json\/wp\/v2\/product\/50240"}],"collection":[{"href":"https:\/\/pfkeepers.com\/english\/wp-json\/wp\/v2\/product"}],"about":[{"href":"https:\/\/pfkeepers.com\/english\/wp-json\/wp\/v2\/types\/product"}],"wp:featuredmedia":[{"embeddable":true,"href":"https:\/\/pfkeepers.com\/english\/wp-json\/wp\/v2\/media\/50241"}],"wp:attachment":[{"href":"https:\/\/pfkeepers.com\/english\/wp-json\/wp\/v2\/media?parent=50240"}],"wp:term":[{"taxonomy":"product_cat","embeddable":true,"href":"https:\/\/pfkeepers.com\/english\/wp-json\/wp\/v2\/product_cat?post=50240"},{"taxonomy":"product_tag","embeddable":true,"href":"https:\/\/pfkeepers.com\/english\/wp-json\/wp\/v2\/product_tag?post=50240"}],"curies":[{"name":"wp","href":"https:\/\/api.w.org\/{rel}","templated":true}]}}