{"id":50234,"date":"2024-03-04T14:00:20","date_gmt":"2024-03-04T14:00:20","guid":{"rendered":"https:\/\/pfkeepers.com\/produto\/advance-vet-diets-articular-care-fitness-stick-155g\/"},"modified":"2024-12-18T17:58:40","modified_gmt":"2024-12-18T17:58:40","slug":"advance-vet-diets-articular-care-fitness-stick-155g","status":"publish","type":"product","link":"https:\/\/pfkeepers.com\/english\/product\/advance-vet-diets-articular-care-fitness-stick-155g\/","title":{"rendered":"Advance Vet Diets Articular Care Fitness Stick 155g"},"content":{"rendered":"<p>ADVANCE Articular Stick \u00e9 um snack que contribui para o cuidado di\u00e1rio das articula\u00e7\u00f5es e dos ossos gra\u00e7as \u00e0 eficaz combina\u00e7\u00e3o de glucosamina, condroitina e colag\u00e9nio, de \u00e1cido hialur\u00f3nico e \u00f3mega 3 e de vitamina K.<\/p>\n<p>INGREDIENTES:<\/p>\n<p>Carnes E Subprodutos Animais (1,5% De Colag\u00e9nio Hidrolizado, 0,1% De Sulfato De Condroitina, 0,03% De \u00c1cido Hialur\u00f3nico)CereaisMoluscos E Crust\u00e1ceos (2,5% De Glucosamina) \u00d3leos E Gorduras.<\/p>\n<p>ADITIVOS NUTRICIONAIS:<\/p>\n<p>Vitamina A<br \/>\n5000 UI<br \/>\nVitamina D3<br \/>\n500 UI<br \/>\nVitamina E<br \/>\n40 mg<br \/>\nVitamina K2<br \/>\n0,04 mg<br \/>\nSulfato de cobre penta-hidratado<br \/>\n47 mg<\/p>\n<p>COMPOSI\u00c7\u00c3O ANAL\u00cdTICA:<\/p>\n<p>Prote\u00edna<br \/>\n22%<br \/>\nConte\u00fado de gordura<br \/>\n5,5%<br \/>\nFibras Brutas<br \/>\n1.5%<br \/>\nMat\u00e9ria inorg\u00e2nica<br \/>\n4,5%<br \/>\n\u00c1cidos gordos \u00f3mega 3<br \/>\n0,25%<br \/>\nHumidade<br \/>\n28%<\/p>\n<p>ENERGIA METABOLIZ\u00c1VEL TE\u00d3RICA:<\/p>\n<p>2585 kcal\/k<\/p>","protected":false},"excerpt":{"rendered":"<p>ADVANCE Articular Stick \u00e9 um snack que contribui para o cuidado di\u00e1rio das articula\u00e7\u00f5es e dos ossos gra\u00e7as \u00e0 eficaz combina\u00e7\u00e3o de glucosamina, condroitina e colag\u00e9nio, de \u00e1cido hialur\u00f3nico e \u00f3mega 3 e de vitamina K. INGREDIENTES: Carnes E Subprodutos Animais (1,5% De Colag\u00e9nio Hidrolizado, 0,1% De Sulfato De Condroitina, 0,03% De \u00c1cido Hialur\u00f3nico)CereaisMoluscos E &hellip;<\/p>\n<p class=\"read-more\"> <a class=\"\" href=\"https:\/\/pfkeepers.com\/english\/product\/advance-vet-diets-articular-care-fitness-stick-155g\/\"> <span class=\"screen-reader-text\">Advance Vet Diets Articular Care Fitness Stick 155g<\/span> Read More &raquo;<\/a><\/p>","protected":false},"featured_media":50235,"template":"","meta":{"site-sidebar-layout":"default","site-content-layout":"","ast-site-content-layout":"","site-content-style":"default","site-sidebar-style":"default","ast-global-header-display":"","ast-banner-title-visibility":"","ast-main-header-display":"","ast-hfb-above-header-display":"","ast-hfb-below-header-display":"","ast-hfb-mobile-header-display":"","site-post-title":"","ast-breadcrumbs-content":"","ast-featured-img":"","footer-sml-layout":"","theme-transparent-header-meta":"","adv-header-id-meta":"","stick-header-meta":"","header-above-stick-meta":"","header-main-stick-meta":"","header-below-stick-meta":"","astra-migrate-meta-layouts":""},"product_cat":[658],"product_tag":[1637],"_links":{"self":[{"href":"https:\/\/pfkeepers.com\/english\/wp-json\/wp\/v2\/product\/50234"}],"collection":[{"href":"https:\/\/pfkeepers.com\/english\/wp-json\/wp\/v2\/product"}],"about":[{"href":"https:\/\/pfkeepers.com\/english\/wp-json\/wp\/v2\/types\/product"}],"wp:featuredmedia":[{"embeddable":true,"href":"https:\/\/pfkeepers.com\/english\/wp-json\/wp\/v2\/media\/50235"}],"wp:attachment":[{"href":"https:\/\/pfkeepers.com\/english\/wp-json\/wp\/v2\/media?parent=50234"}],"wp:term":[{"taxonomy":"product_cat","embeddable":true,"href":"https:\/\/pfkeepers.com\/english\/wp-json\/wp\/v2\/product_cat?post=50234"},{"taxonomy":"product_tag","embeddable":true,"href":"https:\/\/pfkeepers.com\/english\/wp-json\/wp\/v2\/product_tag?post=50234"}],"curies":[{"name":"wp","href":"https:\/\/api.w.org\/{rel}","templated":true}]}}