{"id":50230,"date":"2024-03-04T14:00:13","date_gmt":"2024-03-04T14:00:13","guid":{"rendered":"https:\/\/pfkeepers.com\/produto\/advance-hypoalergenic-treat-150g\/"},"modified":"2024-12-18T17:58:34","modified_gmt":"2024-12-18T17:58:34","slug":"advance-hypoalergenic-treat-150g","status":"publish","type":"product","link":"https:\/\/pfkeepers.com\/english\/product\/advance-hypoalergenic-treat-150g\/","title":{"rendered":"Advance Hypoallergenic Treat 150g"},"content":{"rendered":"<p>C\u00e3es Snacks hipoalerg\u00e9nicos Advance Hypoaalergenic snacks 150 GR Alguns c\u00e3es desenvolvem alergias alimentares que se manifestam em rea\u00e7\u00f5es cut\u00e2neas e em transtornos gastrointestinais. Hypoallergenic Snack \u00e9 o primeiro snack da Advance que \u00e9 hipoalerg\u00e9nico A inovadora tecnologiaSemi Moist Biscuitmant\u00e9m o biscoito h\u00famido, fazendo com que este seja mais tenro e mais saboroso. Snackcompat\u00edvel com uma dieta completa para ser administrado ocasionalmente INGREDIENTES Subprodutos De Origem Vegetal (Amido De Milho)Extratos De Prote\u00ednas Vegetais (100% Hidrolisadas)Carnes E Subprodutos Animais (100% Hidrolisadas)A\u00e7\u00facares\u00d3leosGordurasSubst\u00e2ncias MineraisVitamina A 27000 PpmVitamina D3 1800 PpmVitamina E 670 PpmVitamina C 500 Ppm. COMPOSI\u00c7\u00c3O ANAL\u00cdTICA Prote\u00edna 13,5% Conte\u00fado de gordura 2,5% Fibras brutas 0,5% Mat\u00e9ria inorg\u00e2nica 2,5% Humidade 19,5% ENERGIA METABOLIZ\u00c1VEL TE\u00d3RICA 2838 kcal\/kg<\/p>","protected":false},"excerpt":{"rendered":"<p>C\u00e3es Snacks hipoalerg\u00e9nicos Advance Hypoaalergenic snacks 150 GR Alguns c\u00e3es desenvolvem alergias alimentares que se manifestam em rea\u00e7\u00f5es cut\u00e2neas e em transtornos gastrointestinais. Hypoallergenic Snack \u00e9 o primeiro snack da Advance que \u00e9 hipoalerg\u00e9nico A inovadora tecnologiaSemi Moist Biscuitmant\u00e9m o biscoito h\u00famido, fazendo com que este seja mais tenro e mais saboroso. Snackcompat\u00edvel com uma &hellip;<\/p>\n<p class=\"read-more\"> <a class=\"\" href=\"https:\/\/pfkeepers.com\/english\/product\/advance-hypoalergenic-treat-150g\/\"> <span class=\"screen-reader-text\">Advance Hypoallergenic Treat 150g<\/span> Read More &raquo;<\/a><\/p>","protected":false},"featured_media":50231,"template":"","meta":{"site-sidebar-layout":"default","site-content-layout":"","ast-site-content-layout":"","site-content-style":"default","site-sidebar-style":"default","ast-global-header-display":"","ast-banner-title-visibility":"","ast-main-header-display":"","ast-hfb-above-header-display":"","ast-hfb-below-header-display":"","ast-hfb-mobile-header-display":"","site-post-title":"","ast-breadcrumbs-content":"","ast-featured-img":"","footer-sml-layout":"","theme-transparent-header-meta":"","adv-header-id-meta":"","stick-header-meta":"","header-above-stick-meta":"","header-main-stick-meta":"","header-below-stick-meta":"","astra-migrate-meta-layouts":""},"product_cat":[658],"product_tag":[1637],"_links":{"self":[{"href":"https:\/\/pfkeepers.com\/english\/wp-json\/wp\/v2\/product\/50230"}],"collection":[{"href":"https:\/\/pfkeepers.com\/english\/wp-json\/wp\/v2\/product"}],"about":[{"href":"https:\/\/pfkeepers.com\/english\/wp-json\/wp\/v2\/types\/product"}],"wp:featuredmedia":[{"embeddable":true,"href":"https:\/\/pfkeepers.com\/english\/wp-json\/wp\/v2\/media\/50231"}],"wp:attachment":[{"href":"https:\/\/pfkeepers.com\/english\/wp-json\/wp\/v2\/media?parent=50230"}],"wp:term":[{"taxonomy":"product_cat","embeddable":true,"href":"https:\/\/pfkeepers.com\/english\/wp-json\/wp\/v2\/product_cat?post=50230"},{"taxonomy":"product_tag","embeddable":true,"href":"https:\/\/pfkeepers.com\/english\/wp-json\/wp\/v2\/product_tag?post=50230"}],"curies":[{"name":"wp","href":"https:\/\/api.w.org\/{rel}","templated":true}]}}