{"id":50228,"date":"2024-03-04T14:00:10","date_gmt":"2024-03-04T14:00:10","guid":{"rendered":"https:\/\/pfkeepers.com\/produto\/libra-gato-urinary-frango-1-5kg\/"},"modified":"2025-02-11T10:03:30","modified_gmt":"2025-02-11T10:03:30","slug":"libra-gato-urinary-frango-1-5kg__trashed","status":"publish","type":"product","link":"https:\/\/pfkeepers.com\/english\/product\/libra-gato-urinary-frango-1-5kg__trashed\/","title":{"rendered":"Libra Cat Urinary Chicken 1.5Kg"},"content":{"rendered":"<p>Caracter\u00edsticas<br \/>\nPeso<\/p>\n<p>1,5 Kg<\/p>\n<p>Alimento completo e equilibrado para gatos adultos.<\/p>\n<p>Gra\u00e7as a sua composi\u00e7\u00e3o \u00e9 ideal para gatos com problemas urin\u00e1rios.<\/p>\n<p>Ingredientes:<\/p>\n<p>Cereais, carnes e subprodutos animais (frango desidratado 10%), extratos de prote\u00ednas vegetais, \u00f3leos e gorduras, legumes, subst\u00e2ncias minerais.<\/p>","protected":false},"excerpt":{"rendered":"<p>Caracter\u00edsticas Peso 1,5 Kg Alimento completo e equilibrado para gatos adultos. Gra\u00e7as a sua composi\u00e7\u00e3o \u00e9 ideal para gatos com problemas urin\u00e1rios. Ingredientes: Cereais, carnes e subprodutos animais (frango desidratado 10%), extratos de prote\u00ednas vegetais, \u00f3leos e gorduras, legumes, subst\u00e2ncias minerais.<\/p>","protected":false},"featured_media":50229,"template":"","meta":{"site-sidebar-layout":"default","site-content-layout":"","ast-site-content-layout":"","site-content-style":"default","site-sidebar-style":"default","ast-global-header-display":"","ast-banner-title-visibility":"","ast-main-header-display":"","ast-hfb-above-header-display":"","ast-hfb-below-header-display":"","ast-hfb-mobile-header-display":"","site-post-title":"","ast-breadcrumbs-content":"","ast-featured-img":"","footer-sml-layout":"","theme-transparent-header-meta":"","adv-header-id-meta":"","stick-header-meta":"","header-above-stick-meta":"","header-main-stick-meta":"","header-below-stick-meta":"","astra-migrate-meta-layouts":""},"product_cat":[658],"product_tag":[1633],"_links":{"self":[{"href":"https:\/\/pfkeepers.com\/english\/wp-json\/wp\/v2\/product\/50228"}],"collection":[{"href":"https:\/\/pfkeepers.com\/english\/wp-json\/wp\/v2\/product"}],"about":[{"href":"https:\/\/pfkeepers.com\/english\/wp-json\/wp\/v2\/types\/product"}],"wp:featuredmedia":[{"embeddable":true,"href":"https:\/\/pfkeepers.com\/english\/wp-json\/wp\/v2\/media\/50229"}],"wp:attachment":[{"href":"https:\/\/pfkeepers.com\/english\/wp-json\/wp\/v2\/media?parent=50228"}],"wp:term":[{"taxonomy":"product_cat","embeddable":true,"href":"https:\/\/pfkeepers.com\/english\/wp-json\/wp\/v2\/product_cat?post=50228"},{"taxonomy":"product_tag","embeddable":true,"href":"https:\/\/pfkeepers.com\/english\/wp-json\/wp\/v2\/product_tag?post=50228"}],"curies":[{"name":"wp","href":"https:\/\/api.w.org\/{rel}","templated":true}]}}