{"id":50220,"date":"2024-03-04T13:59:55","date_gmt":"2024-03-04T13:59:55","guid":{"rendered":"https:\/\/pfkeepers.com\/produto\/libra-gato-adulto-frango-1-5kg\/"},"modified":"2025-02-11T10:06:40","modified_gmt":"2025-02-11T10:06:40","slug":"libra-gato-adulto-frango-1-5kg__trashed","status":"publish","type":"product","link":"https:\/\/pfkeepers.com\/english\/product\/libra-gato-adulto-frango-1-5kg__trashed\/","title":{"rendered":"Libra Cat Adult Chicken 1.5kg"},"content":{"rendered":"<p>PRINCIPAIS BENEF\u00cdCIOS:<\/p>\n<p>&#8211; Condi\u00e7\u00e3o f\u00edsica ideal com prote\u00ednas de elevada qualidade.<br \/>\n&#8211; Pele e p\u00e8lo saud\u00e1veis com \u00e1cido linol\u00e9ico.<br \/>\n&#8211; Tracto urin\u00e1rio saud\u00e1vel com PH equilibrado.<\/p>\n<p>COMPOSI\u00c7\u00c3O:<\/p>\n<p>Cereais (entre outros 10% milho e 4% trigo integral), carnes e subprodutos animais (4% frango, 2% pato, 1% porco), extractos de prote\u00ednas vegetais, \u00f3leos e gorduras, subprodutos de origem vegetal, subst\u00e2ncias minerais.<\/p>\n<p>ADITIVOS NUTRICIONAIS:<\/p>\n<p>Vitamina A, 24000mg; Vitamina D3, 1600 mg; Vitamina E, 85 mg; Sulfato ferroso monohidratado (Fe: 78 mg) , 237 mg; Iodeto de pot\u00e1ssio (I: 1.3 mg), 1.7 mg; Sulfato de cobre pentahidrato, (Cu: 8 mg), 30 mg; Sulfato de mangan\u00eas monohidratado (Mn: 36 mg), 112 mg; Sulfato de zinco monohidratado (Zn: 131 mg), 360 mg; Selenito de s\u00f3dio (Se: 0.1 mg), 0.22 mg.<\/p>\n<p>Com antioxidantes.<\/p>","protected":false},"excerpt":{"rendered":"<p>PRINCIPAIS BENEF\u00cdCIOS: &#8211; Condi\u00e7\u00e3o f\u00edsica ideal com prote\u00ednas de elevada qualidade. &#8211; Pele e p\u00e8lo saud\u00e1veis com \u00e1cido linol\u00e9ico. &#8211; Tracto urin\u00e1rio saud\u00e1vel com PH equilibrado. COMPOSI\u00c7\u00c3O: Cereais (entre outros 10% milho e 4% trigo integral), carnes e subprodutos animais (4% frango, 2% pato, 1% porco), extractos de prote\u00ednas vegetais, \u00f3leos e gorduras, subprodutos de &hellip;<\/p>\n<p class=\"read-more\"> <a class=\"\" href=\"https:\/\/pfkeepers.com\/english\/product\/libra-gato-adulto-frango-1-5kg__trashed\/\"> <span class=\"screen-reader-text\">Libra Cat Adult Chicken 1.5kg<\/span> Read More &raquo;<\/a><\/p>","protected":false},"featured_media":50221,"template":"","meta":{"site-sidebar-layout":"default","site-content-layout":"","ast-site-content-layout":"","site-content-style":"default","site-sidebar-style":"default","ast-global-header-display":"","ast-banner-title-visibility":"","ast-main-header-display":"","ast-hfb-above-header-display":"","ast-hfb-below-header-display":"","ast-hfb-mobile-header-display":"","site-post-title":"","ast-breadcrumbs-content":"","ast-featured-img":"","footer-sml-layout":"","theme-transparent-header-meta":"","adv-header-id-meta":"","stick-header-meta":"","header-above-stick-meta":"","header-main-stick-meta":"","header-below-stick-meta":"","astra-migrate-meta-layouts":""},"product_cat":[658],"product_tag":[1633],"_links":{"self":[{"href":"https:\/\/pfkeepers.com\/english\/wp-json\/wp\/v2\/product\/50220"}],"collection":[{"href":"https:\/\/pfkeepers.com\/english\/wp-json\/wp\/v2\/product"}],"about":[{"href":"https:\/\/pfkeepers.com\/english\/wp-json\/wp\/v2\/types\/product"}],"wp:featuredmedia":[{"embeddable":true,"href":"https:\/\/pfkeepers.com\/english\/wp-json\/wp\/v2\/media\/50221"}],"wp:attachment":[{"href":"https:\/\/pfkeepers.com\/english\/wp-json\/wp\/v2\/media?parent=50220"}],"wp:term":[{"taxonomy":"product_cat","embeddable":true,"href":"https:\/\/pfkeepers.com\/english\/wp-json\/wp\/v2\/product_cat?post=50220"},{"taxonomy":"product_tag","embeddable":true,"href":"https:\/\/pfkeepers.com\/english\/wp-json\/wp\/v2\/product_tag?post=50220"}],"curies":[{"name":"wp","href":"https:\/\/api.w.org\/{rel}","templated":true}]}}