{"id":50212,"date":"2024-03-04T13:59:42","date_gmt":"2024-03-04T13:59:42","guid":{"rendered":"https:\/\/pfkeepers.com\/produto\/libra-gato-esterilizado-frango-1-5kg\/"},"modified":"2025-02-11T10:09:50","modified_gmt":"2025-02-11T10:09:50","slug":"libra-gato-esterilizado-frango-1-5kg__trashed","status":"publish","type":"product","link":"https:\/\/pfkeepers.com\/english\/product\/libra-gato-esterilizado-frango-1-5kg__trashed\/","title":{"rendered":"Libra Cat Sterilized Chicken 1.5kg"},"content":{"rendered":"<p>Caracter\u00edsticas<br \/>\nRa\u00e7a<\/p>\n<p>Todas<\/p>\n<p>Peso<\/p>\n<p>1,5 Kg<\/p>\n<p>A ra\u00e7\u00e3o Libra Adult Sterilised \u00e9 um alimento que tem em conta as modifica\u00e7\u00f5es hormonais que os gatos esterilizados sofrem por altera\u00e7\u00e3o do metabolismo, conduzindo a situa\u00e7\u00f5es de excesso de peso e problemas urin\u00e1rios.<\/p>\n<p>Benef\u00edcios:<\/p>\n<p>\u2013 Efeito Saciante: maior teor proteico e de fibra.<br \/>\n\u2013 Controlo de peso: -20% gordura.<br \/>\n\u2013 Sa\u00fade do trato urin\u00e1rio pelo ph equilibrado.<\/p>\n<p>Ingredientes:<\/p>\n<p>Cereais (entre outros 10% milho, 5% cevada, 4% trigo inteiro), carne e subprodutos animais (4% frango, 1% porco), extratos de proteina vegetal, subprodutos de origem vegetal, subst\u00e2ncias minerais, \u00f3leos e gorduras.<\/p>\n<p>Componentes anal\u00edticos:<\/p>\n<p>Prote\u00ednas 35,0%; conte\u00fado de gordura 12,0%; fibra bruta 5,0%; mat\u00e9ria inorg\u00e2nica 7,0%; c\u00e1lcio 1,0%; f\u00f3sforo 0,9%; humidade 8,0%.<\/p>","protected":false},"excerpt":{"rendered":"<p>Caracter\u00edsticas Ra\u00e7a Todas Peso 1,5 Kg A ra\u00e7\u00e3o Libra Adult Sterilised \u00e9 um alimento que tem em conta as modifica\u00e7\u00f5es hormonais que os gatos esterilizados sofrem por altera\u00e7\u00e3o do metabolismo, conduzindo a situa\u00e7\u00f5es de excesso de peso e problemas urin\u00e1rios. Benef\u00edcios: \u2013 Efeito Saciante: maior teor proteico e de fibra. \u2013 Controlo de peso: -20% &hellip;<\/p>\n<p class=\"read-more\"> <a class=\"\" href=\"https:\/\/pfkeepers.com\/english\/product\/libra-gato-esterilizado-frango-1-5kg__trashed\/\"> <span class=\"screen-reader-text\">Libra Cat Sterilized Chicken 1.5kg<\/span> Read More &raquo;<\/a><\/p>","protected":false},"featured_media":50213,"template":"","meta":{"site-sidebar-layout":"default","site-content-layout":"","ast-site-content-layout":"","site-content-style":"default","site-sidebar-style":"default","ast-global-header-display":"","ast-banner-title-visibility":"","ast-main-header-display":"","ast-hfb-above-header-display":"","ast-hfb-below-header-display":"","ast-hfb-mobile-header-display":"","site-post-title":"","ast-breadcrumbs-content":"","ast-featured-img":"","footer-sml-layout":"","theme-transparent-header-meta":"","adv-header-id-meta":"","stick-header-meta":"","header-above-stick-meta":"","header-main-stick-meta":"","header-below-stick-meta":"","astra-migrate-meta-layouts":""},"product_cat":[658],"product_tag":[1633],"_links":{"self":[{"href":"https:\/\/pfkeepers.com\/english\/wp-json\/wp\/v2\/product\/50212"}],"collection":[{"href":"https:\/\/pfkeepers.com\/english\/wp-json\/wp\/v2\/product"}],"about":[{"href":"https:\/\/pfkeepers.com\/english\/wp-json\/wp\/v2\/types\/product"}],"wp:featuredmedia":[{"embeddable":true,"href":"https:\/\/pfkeepers.com\/english\/wp-json\/wp\/v2\/media\/50213"}],"wp:attachment":[{"href":"https:\/\/pfkeepers.com\/english\/wp-json\/wp\/v2\/media?parent=50212"}],"wp:term":[{"taxonomy":"product_cat","embeddable":true,"href":"https:\/\/pfkeepers.com\/english\/wp-json\/wp\/v2\/product_cat?post=50212"},{"taxonomy":"product_tag","embeddable":true,"href":"https:\/\/pfkeepers.com\/english\/wp-json\/wp\/v2\/product_tag?post=50212"}],"curies":[{"name":"wp","href":"https:\/\/api.w.org\/{rel}","templated":true}]}}