{"id":50210,"date":"2024-03-04T13:59:39","date_gmt":"2024-03-04T13:59:39","guid":{"rendered":"https:\/\/pfkeepers.com\/produto\/libra-gato-esterilizado-frango-3kg\/"},"modified":"2025-02-11T10:11:02","modified_gmt":"2025-02-11T10:11:02","slug":"libra-gato-esterilizado-frango-3kg__trashed","status":"publish","type":"product","link":"https:\/\/pfkeepers.com\/english\/product\/libra-gato-esterilizado-frango-3kg__trashed\/","title":{"rendered":"Libra Sterilized Cat Chicken 3Kg"},"content":{"rendered":"<p>Caracter\u00edsticas<br \/>\nRa\u00e7a<\/p>\n<p>Todas<\/p>\n<p>Peso<\/p>\n<p>3 Kg<\/p>\n<p>Alimento completo especialmente formulado para gatos esterilizados, \u00e0 base de Frango.<\/p>\n<p>Composi\u00e7\u00e3o:<\/p>\n<p>Cereais (4% cevada), carnes e subprodutos animais (14% frango), extractos de prote\u00ednas vegetais, subprodutos de origem vegetal, \u00f3leos e gorduras, subst\u00e3ncias minerais.<\/p>\n<p>Componentes Anal\u00edticos:<\/p>\n<p>Prote\u00edna: 35%; Mat\u00e9ria Gorda Bruta: 12%; Fibra Bruta: 5%; Mat\u00e9ria Inorg\u00e2nica 7,5%; S\u00f3dio 0,7%.<\/p>","protected":false},"excerpt":{"rendered":"<p>Caracter\u00edsticas Ra\u00e7a Todas Peso 3 Kg Alimento completo especialmente formulado para gatos esterilizados, \u00e0 base de Frango. Composi\u00e7\u00e3o: Cereais (4% cevada), carnes e subprodutos animais (14% frango), extractos de prote\u00ednas vegetais, subprodutos de origem vegetal, \u00f3leos e gorduras, subst\u00e3ncias minerais. Componentes Anal\u00edticos: Prote\u00edna: 35%; Mat\u00e9ria Gorda Bruta: 12%; Fibra Bruta: 5%; Mat\u00e9ria Inorg\u00e2nica 7,5%; S\u00f3dio &hellip;<\/p>\n<p class=\"read-more\"> <a class=\"\" href=\"https:\/\/pfkeepers.com\/english\/product\/libra-gato-esterilizado-frango-3kg__trashed\/\"> <span class=\"screen-reader-text\">Libra Sterilized Cat Chicken 3Kg<\/span> Read More &raquo;<\/a><\/p>","protected":false},"featured_media":50211,"template":"","meta":{"site-sidebar-layout":"default","site-content-layout":"","ast-site-content-layout":"","site-content-style":"default","site-sidebar-style":"default","ast-global-header-display":"","ast-banner-title-visibility":"","ast-main-header-display":"","ast-hfb-above-header-display":"","ast-hfb-below-header-display":"","ast-hfb-mobile-header-display":"","site-post-title":"","ast-breadcrumbs-content":"","ast-featured-img":"","footer-sml-layout":"","theme-transparent-header-meta":"","adv-header-id-meta":"","stick-header-meta":"","header-above-stick-meta":"","header-main-stick-meta":"","header-below-stick-meta":"","astra-migrate-meta-layouts":""},"product_cat":[658],"product_tag":[1633],"_links":{"self":[{"href":"https:\/\/pfkeepers.com\/english\/wp-json\/wp\/v2\/product\/50210"}],"collection":[{"href":"https:\/\/pfkeepers.com\/english\/wp-json\/wp\/v2\/product"}],"about":[{"href":"https:\/\/pfkeepers.com\/english\/wp-json\/wp\/v2\/types\/product"}],"wp:featuredmedia":[{"embeddable":true,"href":"https:\/\/pfkeepers.com\/english\/wp-json\/wp\/v2\/media\/50211"}],"wp:attachment":[{"href":"https:\/\/pfkeepers.com\/english\/wp-json\/wp\/v2\/media?parent=50210"}],"wp:term":[{"taxonomy":"product_cat","embeddable":true,"href":"https:\/\/pfkeepers.com\/english\/wp-json\/wp\/v2\/product_cat?post=50210"},{"taxonomy":"product_tag","embeddable":true,"href":"https:\/\/pfkeepers.com\/english\/wp-json\/wp\/v2\/product_tag?post=50210"}],"curies":[{"name":"wp","href":"https:\/\/api.w.org\/{rel}","templated":true}]}}