{"id":50196,"date":"2024-03-04T13:59:19","date_gmt":"2024-03-04T13:59:19","guid":{"rendered":"https:\/\/pfkeepers.com\/produto\/libra-cao-adulto-salmao-3kg\/"},"modified":"2025-03-13T14:03:48","modified_gmt":"2025-03-13T14:03:48","slug":"libra-cao-adulto-salmao-3kg__trashed","status":"publish","type":"product","link":"https:\/\/pfkeepers.com\/english\/product\/libra-cao-adulto-salmao-3kg__trashed\/","title":{"rendered":"Libra  Dog Adult Salmon 3kg"},"content":{"rendered":"<p>Caracter\u00edsticas<br \/>\nIdade<\/p>\n<p>Adulto<\/p>\n<p>Peso<\/p>\n<p>3 Kg<\/p>\n<p>Libra Adult com Salm\u00e3o \u00e9 um alimento completo e equilibrado para c\u00e3es adultos.<\/p>\n<p>BENEF\u00cdCIOS:<\/p>\n<p>1) Alta digestibilidade.<\/p>\n<p>2) Pelo e Pele saud\u00e1veis.<\/p>\n<p>3) Dentes e Ossos saud\u00e1veis.<\/p>\n<p>Composi\u00e7\u00e3o: Cereais (4% trigo integral, 4% milho), carnes e subprodutos animais, subprodutos de origem vegetal, \u00f3leos e gorduras, extractos de prote\u00ednas vegetais, peixes e subprodutos (2,5% salm\u00e3o desidratado), subst\u00e2ncias minerais.<\/p>\n<p>ADIT\u00cdVOS:<\/p>\n<p>Aditivos Nutritivos: Vitamina A: 24.000 IU, Vitamina D3: 1.600 IU, Vitamina E: 75 mg, Sulfato ferroso mono hidratado (Fe: 78 mg): 237 mg, Iodeto de pot\u00e1ssio: 1,7 mg, Sulfato de cobre pentahidrato: 30 mg, Sulfato de mangan\u00eas monohidratado: 112 mg, Sulfato de zinco monohidratado (Zn: 196 mg): 360 mg, Selenito de s\u00f3dio (Se: 0,15 mg): 0,22 mg.<\/p>\n<p>Constituintes Anal\u00edticos: Prote\u00edna 24%, Mat\u00e9ria Gorda Bruta: 13%, Fibra bruta: 3%,  Mat\u00e9ria Inorg\u00e2nica: 8%.<\/p>","protected":false},"excerpt":{"rendered":"<p>Caracter\u00edsticas Idade Adulto Peso 3 Kg Libra Adult com Salm\u00e3o \u00e9 um alimento completo e equilibrado para c\u00e3es adultos. BENEF\u00cdCIOS: 1) Alta digestibilidade. 2) Pelo e Pele saud\u00e1veis. 3) Dentes e Ossos saud\u00e1veis. Composi\u00e7\u00e3o: Cereais (4% trigo integral, 4% milho), carnes e subprodutos animais, subprodutos de origem vegetal, \u00f3leos e gorduras, extractos de prote\u00ednas vegetais, &hellip;<\/p>\n<p class=\"read-more\"> <a class=\"\" href=\"https:\/\/pfkeepers.com\/english\/product\/libra-cao-adulto-salmao-3kg__trashed\/\"> <span class=\"screen-reader-text\">Libra  Dog Adult Salmon 3kg<\/span> Read More &raquo;<\/a><\/p>","protected":false},"featured_media":50197,"template":"","meta":{"site-sidebar-layout":"default","site-content-layout":"","ast-site-content-layout":"","site-content-style":"default","site-sidebar-style":"default","ast-global-header-display":"","ast-banner-title-visibility":"","ast-main-header-display":"","ast-hfb-above-header-display":"","ast-hfb-below-header-display":"","ast-hfb-mobile-header-display":"","site-post-title":"","ast-breadcrumbs-content":"","ast-featured-img":"","footer-sml-layout":"","theme-transparent-header-meta":"","adv-header-id-meta":"","stick-header-meta":"","header-above-stick-meta":"","header-main-stick-meta":"","header-below-stick-meta":"","astra-migrate-meta-layouts":""},"product_cat":[658],"product_tag":[1633],"_links":{"self":[{"href":"https:\/\/pfkeepers.com\/english\/wp-json\/wp\/v2\/product\/50196"}],"collection":[{"href":"https:\/\/pfkeepers.com\/english\/wp-json\/wp\/v2\/product"}],"about":[{"href":"https:\/\/pfkeepers.com\/english\/wp-json\/wp\/v2\/types\/product"}],"wp:featuredmedia":[{"embeddable":true,"href":"https:\/\/pfkeepers.com\/english\/wp-json\/wp\/v2\/media\/50197"}],"wp:attachment":[{"href":"https:\/\/pfkeepers.com\/english\/wp-json\/wp\/v2\/media?parent=50196"}],"wp:term":[{"taxonomy":"product_cat","embeddable":true,"href":"https:\/\/pfkeepers.com\/english\/wp-json\/wp\/v2\/product_cat?post=50196"},{"taxonomy":"product_tag","embeddable":true,"href":"https:\/\/pfkeepers.com\/english\/wp-json\/wp\/v2\/product_tag?post=50196"}],"curies":[{"name":"wp","href":"https:\/\/api.w.org\/{rel}","templated":true}]}}