{"id":50194,"date":"2024-03-04T13:59:16","date_gmt":"2024-03-04T13:59:16","guid":{"rendered":"https:\/\/pfkeepers.com\/produto\/libra-cao-adulto-cordeiro-lamb-3kg\/"},"modified":"2024-12-18T17:57:45","modified_gmt":"2024-12-18T17:57:45","slug":"libra-cao-adulto-cordeiro-lamb-3kg","status":"publish","type":"product","link":"https:\/\/pfkeepers.com\/english\/product\/libra-cao-adulto-cordeiro-lamb-3kg\/","title":{"rendered":"Libra Dog Adult Lamb 3Kg"},"content":{"rendered":"<p>Ra\u00e7\u00e3o f\u00e1cil de digerir com cereais integrais e as prote\u00ednas do cordeiro para o desenvolvimento saud\u00e1vel do c\u00e3o adulto de todas as ra\u00e7as. Rica em prote\u00ednas e fibras e com n\u00edveis equilibrados de gordura.<\/p>\n<p>Alimento completo com as prote\u00ednas do cordeiro;<br \/>\nF\u00e1cil de digerir gra\u00e7as aos cereais integrais;<br \/>\nEnriquecido com c\u00e1lcio e f\u00f3sforo para ossos e dentes fortes e saud\u00e1veis;<br \/>\nCom 24% de prote\u00ednas para o desenvolvimento muscular;<br \/>\nO \u00e1cido linoleico deixa a pele saud\u00e1vel e o p\u00ealo brilhante;<br \/>\nContribui para o bom funcionamento dos intestinos;<br \/>\nRico em fibras e antioxidantes;<br \/>\nCom 12 vitaminas e 14 minerais;<br \/>\nN\u00edveis equilibrados de gordura para uma boa forma f\u00edsica.<\/p>\n<p>INGREDIENTES<\/p>\n<p>Cereais (4% trigo integral, 4% milho), carnes e subprodutos animais (5% aves, 2% cordeiro desidratado, 1% porco), subprodutos de origem vegetal, \u00f3leos e gorduras, extractos de prote\u00ednas vegetais, subst\u00e2ncias minerais.<\/p>","protected":false},"excerpt":{"rendered":"<p>Ra\u00e7\u00e3o f\u00e1cil de digerir com cereais integrais e as prote\u00ednas do cordeiro para o desenvolvimento saud\u00e1vel do c\u00e3o adulto de todas as ra\u00e7as. Rica em prote\u00ednas e fibras e com n\u00edveis equilibrados de gordura. Alimento completo com as prote\u00ednas do cordeiro; F\u00e1cil de digerir gra\u00e7as aos cereais integrais; Enriquecido com c\u00e1lcio e f\u00f3sforo para ossos &hellip;<\/p>\n<p class=\"read-more\"> <a class=\"\" href=\"https:\/\/pfkeepers.com\/english\/product\/libra-cao-adulto-cordeiro-lamb-3kg\/\"> <span class=\"screen-reader-text\">Libra Dog Adult Lamb 3Kg<\/span> Read More &raquo;<\/a><\/p>","protected":false},"featured_media":50195,"template":"","meta":{"site-sidebar-layout":"default","site-content-layout":"","ast-site-content-layout":"","site-content-style":"default","site-sidebar-style":"default","ast-global-header-display":"","ast-banner-title-visibility":"","ast-main-header-display":"","ast-hfb-above-header-display":"","ast-hfb-below-header-display":"","ast-hfb-mobile-header-display":"","site-post-title":"","ast-breadcrumbs-content":"","ast-featured-img":"","footer-sml-layout":"","theme-transparent-header-meta":"","adv-header-id-meta":"","stick-header-meta":"","header-above-stick-meta":"","header-main-stick-meta":"","header-below-stick-meta":"","astra-migrate-meta-layouts":""},"product_cat":[658],"product_tag":[1633],"_links":{"self":[{"href":"https:\/\/pfkeepers.com\/english\/wp-json\/wp\/v2\/product\/50194"}],"collection":[{"href":"https:\/\/pfkeepers.com\/english\/wp-json\/wp\/v2\/product"}],"about":[{"href":"https:\/\/pfkeepers.com\/english\/wp-json\/wp\/v2\/types\/product"}],"wp:featuredmedia":[{"embeddable":true,"href":"https:\/\/pfkeepers.com\/english\/wp-json\/wp\/v2\/media\/50195"}],"wp:attachment":[{"href":"https:\/\/pfkeepers.com\/english\/wp-json\/wp\/v2\/media?parent=50194"}],"wp:term":[{"taxonomy":"product_cat","embeddable":true,"href":"https:\/\/pfkeepers.com\/english\/wp-json\/wp\/v2\/product_cat?post=50194"},{"taxonomy":"product_tag","embeddable":true,"href":"https:\/\/pfkeepers.com\/english\/wp-json\/wp\/v2\/product_tag?post=50194"}],"curies":[{"name":"wp","href":"https:\/\/api.w.org\/{rel}","templated":true}]}}