{"id":50178,"date":"2024-03-04T13:58:51","date_gmt":"2024-03-04T13:58:51","guid":{"rendered":"https:\/\/pfkeepers.com\/produto\/advance-cat-sterilized-hairball-turkey-10kg\/"},"modified":"2025-02-27T20:36:20","modified_gmt":"2025-02-27T20:36:20","slug":"advance-cat-sterilized-hairball-turkey-10kg","status":"publish","type":"product","link":"https:\/\/pfkeepers.com\/english\/product\/advance-cat-sterilized-hairball-turkey-10kg\/","title":{"rendered":"Advance Cat Sterilized Hairball Turkey 10Kg"},"content":{"rendered":"<p>Caracter\u00edsticas<br \/>\nRa\u00e7a<\/p>\n<p>Todas<\/p>\n<p>Peso<\/p>\n<p>10 Kg<\/p>\n<p>Advance Cat Hairball Turkey &amp; Rice \u00e9 um alimento especialmente indicado para gatos que vivem a maior parte da sua vida dentro de casa.<\/p>\n<p>BENEF\u00cdCIOS:<\/p>\n<p>1) Prote\u00ednas naturais que ajudam a manter a sa\u00fade intestinal.<\/p>\n<p>2) Proporciona um n\u00edvel excelente de prote\u00ednas que podem ajudam a melhorar a resposta imunit\u00e1ria e a desenvolver uma musculatura apropriada.<\/p>\n<p>3) Juntamente com as vitaminas ajudam a retardar o envelhecimento celular.<\/p>\n<p>4) Ajudam a prevenir a forma\u00e7\u00e3o de bolas de pelo.<\/p>\n<p>5) A combina\u00e7\u00e3o equilibrada de minerais e de outros ingredientes ajuda a manter o correto funcionamento do trato urin\u00e1rio, gra\u00e7as a um excelente pH da urina.<\/p>\n<p>6) Minerais especiais que ajudam a prevenir a forma\u00e7\u00e3o de t\u00e1rtaro e a manter o bom h\u00e1lito.<\/p>\n<p>Composi\u00e7\u00e3o: Peru (20%), prote\u00ednas de ave desidratadas, farinha de gl\u00faten de milho, trigo, arroz (8%), milho, gordura vegetal, gordura animal, prote\u00ednas animais hidrolisadas, prote\u00ednas de atum desidratadas, ovo desidratado, fibra de aveia, extrato de malta, gl\u00faten de trigo, \u00f3leo de peixe, cloreto de pot\u00e1ssio, prote\u00ednas plasm\u00e1ticas, sal, polifen\u00f3is naturais.<\/p>\n<p>ADIT\u00cdVOS:<\/p>\n<p>Aditivos Nutritivos: Vitamina A 33600 IU, Vitamina D3 1800 IU, Vitamina E 670 mg, Vitamina C (sal de s\u00f3dio e c\u00e1lcio de monofosfato asc\u00f3rbico) 500 mg, Biotina 0,03 mg, Taurina 1200 mg, Fumarato ferroso 137 mg (Fe: 45 mg), Sulfato f\u00e9rrico mono-hidratado 261 mg (Fe: 85 mg), Iodeto de pot\u00e1ssio 1,9 mg (I: 1,4 mg), Sulfato de cobre penta-hidratado 34 mg (Cu: 8,8 mg), Sulfato manganoso mono-hidratado 124 mg (Mn: 40 mg), Sulfato de zinco mono-hidratado 395 mg (Zn: 144 mg), Selenito de s\u00f3dio 0,24 mg (Se: 0,1 mg), Com antioxidantes.<\/p>\n<p>Constituintes Anal\u00edticos: Prote\u00edna 36.0%, Conte\u00fado de gordura 14,0%, Fibras brutas 4,5%, Mat\u00e9ria inorg\u00e2nica 7,0%, C\u00e1lcio 1,3%, F\u00f3sforo 1,0%, S\u00f3dio 0,3%, Humidade 8.0%.<\/p>","protected":false},"excerpt":{"rendered":"<p>Caracter\u00edsticas Ra\u00e7a Todas Peso 10 Kg Advance Cat Hairball Turkey &amp; Rice \u00e9 um alimento especialmente indicado para gatos que vivem a maior parte da sua vida dentro de casa. BENEF\u00cdCIOS: 1) Prote\u00ednas naturais que ajudam a manter a sa\u00fade intestinal. 2) Proporciona um n\u00edvel excelente de prote\u00ednas que podem ajudam a melhorar a resposta &hellip;<\/p>\n<p class=\"read-more\"> <a class=\"\" href=\"https:\/\/pfkeepers.com\/english\/product\/advance-cat-sterilized-hairball-turkey-10kg\/\"> <span class=\"screen-reader-text\">Advance Cat Sterilized Hairball Turkey 10Kg<\/span> Read More &raquo;<\/a><\/p>","protected":false},"featured_media":50179,"template":"","meta":{"site-sidebar-layout":"default","site-content-layout":"","ast-site-content-layout":"","site-content-style":"default","site-sidebar-style":"default","ast-global-header-display":"","ast-banner-title-visibility":"","ast-main-header-display":"","ast-hfb-above-header-display":"","ast-hfb-below-header-display":"","ast-hfb-mobile-header-display":"","site-post-title":"","ast-breadcrumbs-content":"","ast-featured-img":"","footer-sml-layout":"","theme-transparent-header-meta":"","adv-header-id-meta":"","stick-header-meta":"","header-above-stick-meta":"","header-main-stick-meta":"","header-below-stick-meta":"","astra-migrate-meta-layouts":""},"product_cat":[658],"product_tag":[1637],"_links":{"self":[{"href":"https:\/\/pfkeepers.com\/english\/wp-json\/wp\/v2\/product\/50178"}],"collection":[{"href":"https:\/\/pfkeepers.com\/english\/wp-json\/wp\/v2\/product"}],"about":[{"href":"https:\/\/pfkeepers.com\/english\/wp-json\/wp\/v2\/types\/product"}],"wp:featuredmedia":[{"embeddable":true,"href":"https:\/\/pfkeepers.com\/english\/wp-json\/wp\/v2\/media\/50179"}],"wp:attachment":[{"href":"https:\/\/pfkeepers.com\/english\/wp-json\/wp\/v2\/media?parent=50178"}],"wp:term":[{"taxonomy":"product_cat","embeddable":true,"href":"https:\/\/pfkeepers.com\/english\/wp-json\/wp\/v2\/product_cat?post=50178"},{"taxonomy":"product_tag","embeddable":true,"href":"https:\/\/pfkeepers.com\/english\/wp-json\/wp\/v2\/product_tag?post=50178"}],"curies":[{"name":"wp","href":"https:\/\/api.w.org\/{rel}","templated":true}]}}