{"id":50170,"date":"2024-03-04T13:58:40","date_gmt":"2024-03-04T13:58:40","guid":{"rendered":"https:\/\/pfkeepers.com\/produto\/advance-cat-sterilized-adult-turkey-rice-10kg\/"},"modified":"2025-02-27T20:36:14","modified_gmt":"2025-02-27T20:36:14","slug":"advance-cat-sterilized-adult-turkey-rice-10kg","status":"publish","type":"product","link":"https:\/\/pfkeepers.com\/english\/product\/advance-cat-sterilized-adult-turkey-rice-10kg\/","title":{"rendered":"Advance Cat Sterilized Adult Turkey &amp; Rice 10kg"},"content":{"rendered":"<p>Caracter\u00edsticas<br \/>\nPeso<\/p>\n<p>10 Kg<\/p>\n<p>Descri\u00e7\u00e3o<\/p>\n<p>Alimento high-end especialmente adequado para est\u00e9ril do que os gatos:<\/p>\n<p>&#8211; Ajuda a prevenir a obesidade em gatos castrados, gra\u00e7as a uma redu\u00e7\u00e3o do n\u00edvel de energia metaboliz\u00e1vel, um alto n\u00edvel de fibra para promover a saciedade e uma alta ingest\u00e3o de prote\u00edna e gordura moderada para ajudar a manter a massa muscular.<\/p>\n<p>&#8211; Ajuda a reduzir o risco de problemas urin\u00e1rios, proporcionando um pH adequado, aumentando o n\u00edvel de s\u00f3dio para aumentar a ingest\u00e3o de \u00e1gua e a produ\u00e7\u00e3o de urina e glicosaminoglicanos proporcionando que ajudam a controlar a forma\u00e7\u00e3o de pedras urin\u00e1rias.<\/p>\n<p>&#8211; Melhoria da sensibilidade \u00e0 insulina: Por ter uma ingest\u00e3o de carboidratos reduzida e usando a cevada como a principal fonte de lhes proporcionar uma libera\u00e7\u00e3o lenta de carboidratos.<\/p>\n<p>Caracter\u00edsticas e benef\u00edcios:<\/p>\n<p>IMUNOGLOBULINAS ATIVOS<\/p>\n<p>Prote\u00ednas naturais que ajudam a manter a sa\u00fade intestinal.<\/p>\n<p>PROTEC\u00c7\u00c3O DE ALTA DE PROTE\u00cdNA<\/p>\n<p>Ele fornece o n\u00edvel ideal de prote\u00ednas que pode ajudar a melhorar a resposta imune e desenvolver uma m\u00fasculos apropriados.<\/p>\n<p>Polifen\u00f3is naturais<\/p>\n<p>Junto com vitaminas ajudam retardar o envelhecimento celular.<\/p>\n<p>L-carnitina<\/p>\n<p>Ele ajuda a transformar gordura em energia para ajudar a reduzir dep\u00f3sitos de gordura gato.<\/p>\n<p>Urina pH correcto e glicosaminoglicanos<\/p>\n<p>Ajuda o bom funcionamento do tracto urin\u00e1rio e rim, bexiga e manter em bom estado.<\/p>\n<p>Pirofosfatos<\/p>\n<p>Minerais especiais que ajudam a prevenir a forma\u00e7\u00e3o de placa bacteriana e promover a boa respira\u00e7\u00e3o.<\/p>\n<p>Ingredientes:<\/p>\n<p>Turquia (15%), farinha de gl\u00faten de milho, milho, prote\u00edna de aves de capoeira desidratado, prote\u00edna de porco desidratado, cevada ,, gl\u00faten de trigo (8%), fibra de ervilha, hidrolisado de prote\u00ednas de origem animal, a menos que, gordura animal, sal, inulina, \u00f3leo de peixe, ovo, cloreto de pot\u00e1ssio, prote\u00ednas do plasma, citrato de pot\u00e1ssio, glucosamina, sulfato de condroitina, polifen\u00f3is naturais<\/p>\n<p>Componentes anal\u00edticos:<\/p>\n<p>37% de prote\u00edna; Teor de gordura de 10,0%; Fibra bruta 4,5%; 7,0% de mat\u00e9ria inorg\u00e2nica; 1,0% de c\u00e1lcio; 0,8% de f\u00f3sforo; 0,7% de s\u00f3dio; A umidade 8,0% .ADITIVOS \/ kg. Aditivos nutricionais: Vitamina A 33.600 UI; 1800 UI de vitamina D3; 670 mg de vitamina E; Vitamina C 500 mg (sal de s\u00f3dio e de c\u00e1lcio de asc\u00f3rbico monofosfato); Biotina 0,03 mg; Taurina 1200 mg; L-carnitina 500 mg; 137 mg de fumarato ferroso (Fe: 45 mg); 261 mg de mono-hidrato de sulfato ferroso (Fe: 85 mg); 1,9 mg de iodeto de pot\u00e1ssio (Eu: 1,4 mg); Penta-hidratado 34 mg de cobre (Cu): 8,8 mg de sulfato; 124 mg de mono-hidrato de sulfato de mangan\u00eas (Mn: 40 mg); 395 mg de mono-hidrato de Zinco (Zn: 144 mg) de sulfato; 0,24 mg de selenito de s\u00f3dio (SE: 0,1 mg). Com antioxidantes.<\/p>","protected":false},"excerpt":{"rendered":"<p>Caracter\u00edsticas Peso 10 Kg Descri\u00e7\u00e3o Alimento high-end especialmente adequado para est\u00e9ril do que os gatos: &#8211; Ajuda a prevenir a obesidade em gatos castrados, gra\u00e7as a uma redu\u00e7\u00e3o do n\u00edvel de energia metaboliz\u00e1vel, um alto n\u00edvel de fibra para promover a saciedade e uma alta ingest\u00e3o de prote\u00edna e gordura moderada para ajudar a manter &hellip;<\/p>\n<p class=\"read-more\"> <a class=\"\" href=\"https:\/\/pfkeepers.com\/english\/product\/advance-cat-sterilized-adult-turkey-rice-10kg\/\"> <span class=\"screen-reader-text\">Advance Cat Sterilized Adult Turkey &amp; Rice 10kg<\/span> Read More &raquo;<\/a><\/p>","protected":false},"featured_media":50171,"template":"","meta":{"site-sidebar-layout":"default","site-content-layout":"","ast-site-content-layout":"","site-content-style":"default","site-sidebar-style":"default","ast-global-header-display":"","ast-banner-title-visibility":"","ast-main-header-display":"","ast-hfb-above-header-display":"","ast-hfb-below-header-display":"","ast-hfb-mobile-header-display":"","site-post-title":"","ast-breadcrumbs-content":"","ast-featured-img":"","footer-sml-layout":"","theme-transparent-header-meta":"","adv-header-id-meta":"","stick-header-meta":"","header-above-stick-meta":"","header-main-stick-meta":"","header-below-stick-meta":"","astra-migrate-meta-layouts":""},"product_cat":[658],"product_tag":[1637],"_links":{"self":[{"href":"https:\/\/pfkeepers.com\/english\/wp-json\/wp\/v2\/product\/50170"}],"collection":[{"href":"https:\/\/pfkeepers.com\/english\/wp-json\/wp\/v2\/product"}],"about":[{"href":"https:\/\/pfkeepers.com\/english\/wp-json\/wp\/v2\/types\/product"}],"wp:featuredmedia":[{"embeddable":true,"href":"https:\/\/pfkeepers.com\/english\/wp-json\/wp\/v2\/media\/50171"}],"wp:attachment":[{"href":"https:\/\/pfkeepers.com\/english\/wp-json\/wp\/v2\/media?parent=50170"}],"wp:term":[{"taxonomy":"product_cat","embeddable":true,"href":"https:\/\/pfkeepers.com\/english\/wp-json\/wp\/v2\/product_cat?post=50170"},{"taxonomy":"product_tag","embeddable":true,"href":"https:\/\/pfkeepers.com\/english\/wp-json\/wp\/v2\/product_tag?post=50170"}],"curies":[{"name":"wp","href":"https:\/\/api.w.org\/{rel}","templated":true}]}}