{"id":50142,"date":"2024-03-04T13:57:52","date_gmt":"2024-03-04T13:57:52","guid":{"rendered":"https:\/\/pfkeepers.com\/produto\/libra-cao-adult-high-energy-chicken-12kg\/"},"modified":"2024-12-18T17:56:29","modified_gmt":"2024-12-18T17:56:29","slug":"libra-cao-adult-high-energy-chicken-12kg","status":"publish","type":"product","link":"https:\/\/pfkeepers.com\/english\/product\/libra-cao-adult-high-energy-chicken-12kg\/","title":{"rendered":"Libra Adult Dog High Energy Chicken 12Kg"},"content":{"rendered":"<p>O produto ideal se o seu c\u00e3o tem uma atividade f\u00edsica de alta, e em \u00e9pocas do ano quando voc\u00ea pede um esfor\u00e7o extra para as competi\u00e7\u00f5es desportivas.<\/p>\n<p>Benef\u00edcios:<\/p>\n<p>&#8211; Menor desgaste muscular<\/p>\n<p>&#8211; Maior resist\u00eancia ao esfor\u00e7o<\/p>\n<p>&#8211; Prote\u00e7\u00e3o contra o stress<\/p>\n<p>Ingredientes<br \/>\nCereais (entre outros 4% 4% todo trigo e milho), carne e derivados de origem animal (frango 6%, 4% da carne de porco), vegetais subprodutos, \u00f3leos e gorduras, extractos de prote\u00ednas vegetais, minerais.<br \/>\nAditivos nutricionais<br \/>\nA vitamina A, 24000 UI; A vitamina D3, 1600 UI; Vitamina E, 115 mg; Sulfato ferroso mono-hidrato (Fe: 78 mg), 237 mg; O iodeto de pot\u00e1ssio (Eu: 1,3 mg), 1,7 mg; O sulfato de cobre penta-hidratado (Cu: 8 mg), 30 mg; Mono-hidrato de sulfato de mangan\u00eas (Mn: 36 mg), 112 mg; Mono-hidrato de sulfato de zinco (Zn: 36 mg), 360 mg; Selenito de s\u00f3dio (Se: 0,1 mg), 0,22 mg.<br \/>\nCom antioxidantes.<\/p>","protected":false},"excerpt":{"rendered":"<p>O produto ideal se o seu c\u00e3o tem uma atividade f\u00edsica de alta, e em \u00e9pocas do ano quando voc\u00ea pede um esfor\u00e7o extra para as competi\u00e7\u00f5es desportivas. Benef\u00edcios: &#8211; Menor desgaste muscular &#8211; Maior resist\u00eancia ao esfor\u00e7o &#8211; Prote\u00e7\u00e3o contra o stress Ingredientes Cereais (entre outros 4% 4% todo trigo e milho), carne e &hellip;<\/p>\n<p class=\"read-more\"> <a class=\"\" href=\"https:\/\/pfkeepers.com\/english\/product\/libra-cao-adult-high-energy-chicken-12kg\/\"> <span class=\"screen-reader-text\">Libra Adult Dog High Energy Chicken 12Kg<\/span> Read More &raquo;<\/a><\/p>","protected":false},"featured_media":50143,"template":"","meta":{"site-sidebar-layout":"default","site-content-layout":"","ast-site-content-layout":"","site-content-style":"default","site-sidebar-style":"default","ast-global-header-display":"","ast-banner-title-visibility":"","ast-main-header-display":"","ast-hfb-above-header-display":"","ast-hfb-below-header-display":"","ast-hfb-mobile-header-display":"","site-post-title":"","ast-breadcrumbs-content":"","ast-featured-img":"","footer-sml-layout":"","theme-transparent-header-meta":"","adv-header-id-meta":"","stick-header-meta":"","header-above-stick-meta":"","header-main-stick-meta":"","header-below-stick-meta":"","astra-migrate-meta-layouts":""},"product_cat":[658],"product_tag":[1633],"_links":{"self":[{"href":"https:\/\/pfkeepers.com\/english\/wp-json\/wp\/v2\/product\/50142"}],"collection":[{"href":"https:\/\/pfkeepers.com\/english\/wp-json\/wp\/v2\/product"}],"about":[{"href":"https:\/\/pfkeepers.com\/english\/wp-json\/wp\/v2\/types\/product"}],"wp:featuredmedia":[{"embeddable":true,"href":"https:\/\/pfkeepers.com\/english\/wp-json\/wp\/v2\/media\/50143"}],"wp:attachment":[{"href":"https:\/\/pfkeepers.com\/english\/wp-json\/wp\/v2\/media?parent=50142"}],"wp:term":[{"taxonomy":"product_cat","embeddable":true,"href":"https:\/\/pfkeepers.com\/english\/wp-json\/wp\/v2\/product_cat?post=50142"},{"taxonomy":"product_tag","embeddable":true,"href":"https:\/\/pfkeepers.com\/english\/wp-json\/wp\/v2\/product_tag?post=50142"}],"curies":[{"name":"wp","href":"https:\/\/api.w.org\/{rel}","templated":true}]}}