{"id":50132,"date":"2024-03-04T13:57:37","date_gmt":"2024-03-04T13:57:37","guid":{"rendered":"https:\/\/pfkeepers.com\/produto\/libra-cao-puppy-frango-12kg\/"},"modified":"2025-03-13T14:03:49","modified_gmt":"2025-03-13T14:03:49","slug":"libra-cao-puppy-frango-12kg__trashed","status":"publish","type":"product","link":"https:\/\/pfkeepers.com\/english\/product\/libra-cao-puppy-frango-12kg__trashed\/","title":{"rendered":"Libra Dog Puppy Chicken 12kg"},"content":{"rendered":"<p>Libra Puppy frango, alimento completo e equilibrado especialmente formulado para cachorros (2-12 meses) e para f\u00eameas em per\u00edodo de gesta\u00e7\u00e3o e lacta\u00e7\u00e3o.<\/p>\n<p>produto de qualidade superior, criado com um equil\u00edbrio perfeito de prote\u00ednas, gorduras, fibras, vitaminas, minerais e da variedade dos melhores ingredientes para aumentar a vitalidade e promover a digest\u00e3o.<\/p>\n<p>A variedade dos melhores ingredientes para aumentar a vitalidade e facilitar a digest\u00e3o:<br \/>\ncarnes variadas, prote\u00edna de qualidade e cereais integrais.<\/p>\n<p>O equil\u00edbrio ideal de nutrientes (prote\u00ednas, carboidratos, gorduras, fibras, vitaminas e minerais).<br \/>\nO processo de garantia Affinity , moagem fina, cozinhar a vapor e controles em cada etapa da fabrica\u00e7\u00e3o.<\/p>\n<p>ingredientes:<\/p>\n<p>Cereais (arroz 12%, 4% de trigo integral, 4% de milho), subroductos \u00e0 base de carne e de animais (20% de frango, borrego 4%), \u00f3leos e gorduras, subprodutos vegetais, minerais, de levedura.<\/p>\n<p>componentes anal\u00edticos<br \/>\nprote\u00edna 30%<br \/>\ngordura 16%<br \/>\nfibra bruta 2,2%<br \/>\nmat\u00e9ria inorg\u00e2nica 7,5%<br \/>\nc\u00e1lcio 1,6%<br \/>\nf\u00f3sforo 1,1%<br \/>\numidade 10%<br \/>\nAditivos \/ aditivos nutricionais kg<br \/>\nvitamina A 24.000 UI<br \/>\nvitamina D3 1600 UI<br \/>\nvitamina E 75 mg<br \/>\nMono-hidrato de sulfato ferroso (78 mg Fe) 237 mg<br \/>\nSulfato de zinco monoidrato (Zn: 196 mg) 360 mg<br \/>\nselenito de s\u00f3dio (Se: 0,15 mg) 0,22 mg<\/p>","protected":false},"excerpt":{"rendered":"<p>Libra Puppy frango, alimento completo e equilibrado especialmente formulado para cachorros (2-12 meses) e para f\u00eameas em per\u00edodo de gesta\u00e7\u00e3o e lacta\u00e7\u00e3o. produto de qualidade superior, criado com um equil\u00edbrio perfeito de prote\u00ednas, gorduras, fibras, vitaminas, minerais e da variedade dos melhores ingredientes para aumentar a vitalidade e promover a digest\u00e3o. A variedade dos melhores &hellip;<\/p>\n<p class=\"read-more\"> <a class=\"\" href=\"https:\/\/pfkeepers.com\/english\/product\/libra-cao-puppy-frango-12kg__trashed\/\"> <span class=\"screen-reader-text\">Libra Dog Puppy Chicken 12kg<\/span> Read More &raquo;<\/a><\/p>","protected":false},"featured_media":50133,"template":"","meta":{"site-sidebar-layout":"default","site-content-layout":"","ast-site-content-layout":"","site-content-style":"default","site-sidebar-style":"default","ast-global-header-display":"","ast-banner-title-visibility":"","ast-main-header-display":"","ast-hfb-above-header-display":"","ast-hfb-below-header-display":"","ast-hfb-mobile-header-display":"","site-post-title":"","ast-breadcrumbs-content":"","ast-featured-img":"","footer-sml-layout":"","theme-transparent-header-meta":"","adv-header-id-meta":"","stick-header-meta":"","header-above-stick-meta":"","header-main-stick-meta":"","header-below-stick-meta":"","astra-migrate-meta-layouts":""},"product_cat":[658],"product_tag":[1633],"_links":{"self":[{"href":"https:\/\/pfkeepers.com\/english\/wp-json\/wp\/v2\/product\/50132"}],"collection":[{"href":"https:\/\/pfkeepers.com\/english\/wp-json\/wp\/v2\/product"}],"about":[{"href":"https:\/\/pfkeepers.com\/english\/wp-json\/wp\/v2\/types\/product"}],"wp:featuredmedia":[{"embeddable":true,"href":"https:\/\/pfkeepers.com\/english\/wp-json\/wp\/v2\/media\/50133"}],"wp:attachment":[{"href":"https:\/\/pfkeepers.com\/english\/wp-json\/wp\/v2\/media?parent=50132"}],"wp:term":[{"taxonomy":"product_cat","embeddable":true,"href":"https:\/\/pfkeepers.com\/english\/wp-json\/wp\/v2\/product_cat?post=50132"},{"taxonomy":"product_tag","embeddable":true,"href":"https:\/\/pfkeepers.com\/english\/wp-json\/wp\/v2\/product_tag?post=50132"}],"curies":[{"name":"wp","href":"https:\/\/api.w.org\/{rel}","templated":true}]}}