{"id":50128,"date":"2024-03-04T13:57:28","date_gmt":"2024-03-04T13:57:28","guid":{"rendered":"https:\/\/pfkeepers.com\/produto\/ati-essentials-pro-set-2-x-2000ml\/"},"modified":"2026-04-19T00:12:17","modified_gmt":"2026-04-19T00:12:17","slug":"ati-essentials-pro-set-2-x-2000ml","status":"publish","type":"product","link":"https:\/\/pfkeepers.com\/english\/product\/ati-essentials-pro-set-2-x-2000ml\/","title":{"rendered":"ATI, ESSENTIALS PRO SET 2 x 2000ml"},"content":{"rendered":"<p>Cont\u00e9m todos os elementos principais e oligoelementos essenciais, bem como apenas fontes de carbonato inorg\u00e2nico.<br \/>\n    Estabiliza o valor do pH em um n\u00edvel mais alto.<br \/>\n    Economia de espa\u00e7o, 2 x 2 litros substituem o suprimento de elemento convencional de 3 x 10 litros.<br \/>\n    Altamente concentrado (28.000 \u00b0dKH e 200.000 mg de c\u00e1lcio por conjunto), pronto para uso.<br \/>\n    Promove o crescimento, colora\u00e7\u00e3o e vitalidade dos corais.<\/p>\n<p>    Ideal para mudar de sistemas de alimenta\u00e7\u00e3o cl\u00e1ssicos.<\/p>\n<p>Essenciais+<\/p>\n<p>Essentials+ \u00e9 um sistema de cuidado revolucion\u00e1rio. Nossa experi\u00eancia em mais de 40.000 an\u00e1lises de \u00e1gua do mar nos permitiu otimizar ainda mais a receita do bem-sucedido Essentials. Essentials+ fornece ao seu aqu\u00e1rio todos os elementos principais (incluindo KH, Ca e Mg) e ajuda a mant\u00ea-los permanentemente na faixa de concentra\u00e7\u00e3o ideal. Essentials+ tamb\u00e9m cont\u00e9m todos os oligoelementos essenciais (incluindo ferro, iodo, molibd\u00eanio, mangan\u00eas, van\u00e1dio e zinco) e garante sua biodisponibilidade no aqu\u00e1rio.<\/p>\n<p>Combinado de forma inteligente, sem mistura irritante de elementos<\/p>\n<p>Com Essentials+ voc\u00ea substitui 3 x 10 litros de abastecimento de elemento convencional. Todos os elementos relevantes j\u00e1 est\u00e3o pr\u00e9-misturados nos dois frascos Essentials+. O concentrado em qualidade de laborat\u00f3rio tamb\u00e9m pode ser dosado imediatamente e n\u00e3o precisa ser dilu\u00eddo.<\/p>\n<p>Consumo di\u00e1rio<\/p>\n<p>Seu aqu\u00e1rio de corais \u00e9 um ecossistema aqu\u00e1tico \u00fanico que cont\u00e9m muitos organismos diferentes. Todos esses organismos extraem continuamente subst\u00e2ncias da \u00e1gua do aqu\u00e1rio para poderem crescer.<\/p>\n<p>Contagens de continuidade<\/p>\n<p>Ao abastecer seu aqu\u00e1rio com Essentials+, voc\u00ea consegue equilibrar o consumo t\u00edpico dos habitantes dos recifes de acordo com a demanda e o consumo. Desta forma, os valores naturais da \u00e1gua s\u00e3o continuamente mantidos, o que \u00e9 a pedra angular de todo aqu\u00e1rio de recife de sucesso.<\/p>\n<p>Apenas o melhor para o seu recife<\/p>\n<p>A produ\u00e7\u00e3o dos nossos produtos de tratamento de \u00e1gua est\u00e1 sujeita a um rigoroso acompanhamento por parte do nosso pr\u00f3prio laborat\u00f3rio. A garantia de qualidade nos ajuda a selecionar as mat\u00e9rias-primas mais puras e leva a um produto final de alta qualidade. Com Essentials+ voc\u00ea obt\u00e9m um dos produtos mais puros dispon\u00edveis no mercado para abastecimento de aqu\u00e1rios de corais.<\/p>\n<p>No\u00e7\u00f5es b\u00e1sicas de dosagem<\/p>\n<p>Normalmente, Essentials+ #1 e #2 s\u00e3o consumidos na mesma propor\u00e7\u00e3o. Neste caso, a dosagem de Essentials+ #1 e #2 pode ser ajustada usando o consumo de KH do seu tanque. Se o valor de c\u00e1lcio mudar com o tempo, a dosagem de Essentials+ #2 deve ser ajustada com base no consumo de c\u00e1lcio.<\/p>","protected":false},"excerpt":{"rendered":"<p>Cont\u00e9m todos os elementos principais e oligoelementos essenciais, bem como apenas fontes de carbonato inorg\u00e2nico. Estabiliza o valor do pH em um n\u00edvel mais alto. Economia de espa\u00e7o, 2 x 2 litros substituem o suprimento de elemento convencional de 3 x 10 litros. Altamente concentrado (28.000 \u00b0dKH e 200.000 mg de c\u00e1lcio por conjunto), pronto &hellip;<\/p>\n<p class=\"read-more\"> <a class=\"\" href=\"https:\/\/pfkeepers.com\/english\/product\/ati-essentials-pro-set-2-x-2000ml\/\"> <span class=\"screen-reader-text\">ATI, ESSENTIALS PRO SET 2 x 2000ml<\/span> Read More &raquo;<\/a><\/p>","protected":false},"featured_media":140663,"template":"","meta":{"site-sidebar-layout":"default","site-content-layout":"","ast-site-content-layout":"default","site-content-style":"default","site-sidebar-style":"default","ast-global-header-display":"","ast-banner-title-visibility":"","ast-main-header-display":"","ast-hfb-above-header-display":"","ast-hfb-below-header-display":"","ast-hfb-mobile-header-display":"","site-post-title":"","ast-breadcrumbs-content":"","ast-featured-img":"","footer-sml-layout":"","theme-transparent-header-meta":"default","adv-header-id-meta":"","stick-header-meta":"","header-above-stick-meta":"","header-main-stick-meta":"","header-below-stick-meta":"","astra-migrate-meta-layouts":"set"},"product_cat":[1365],"product_tag":[788],"_links":{"self":[{"href":"https:\/\/pfkeepers.com\/english\/wp-json\/wp\/v2\/product\/50128"}],"collection":[{"href":"https:\/\/pfkeepers.com\/english\/wp-json\/wp\/v2\/product"}],"about":[{"href":"https:\/\/pfkeepers.com\/english\/wp-json\/wp\/v2\/types\/product"}],"wp:featuredmedia":[{"embeddable":true,"href":"https:\/\/pfkeepers.com\/english\/wp-json\/wp\/v2\/media\/140663"}],"wp:attachment":[{"href":"https:\/\/pfkeepers.com\/english\/wp-json\/wp\/v2\/media?parent=50128"}],"wp:term":[{"taxonomy":"product_cat","embeddable":true,"href":"https:\/\/pfkeepers.com\/english\/wp-json\/wp\/v2\/product_cat?post=50128"},{"taxonomy":"product_tag","embeddable":true,"href":"https:\/\/pfkeepers.com\/english\/wp-json\/wp\/v2\/product_tag?post=50128"}],"curies":[{"name":"wp","href":"https:\/\/api.w.org\/{rel}","templated":true}]}}