{"id":50105,"date":"2024-03-04T13:56:48","date_gmt":"2024-03-04T13:56:48","guid":{"rendered":"https:\/\/pfkeepers.com\/produto\/sera-guppy-gran-nature-250-ml-120-g\/"},"modified":"2026-04-18T02:57:37","modified_gmt":"2026-04-18T02:57:37","slug":"sera-guppy-gran-nature-250-ml-120-g","status":"publish","type":"product","link":"https:\/\/pfkeepers.com\/english\/product\/sera-guppy-gran-nature-250-ml-120-g\/","title":{"rendered":"Sera Guppy Gran Nature 250 ml"},"content":{"rendered":"<p>Sera Guppy Gran Nature \u00e9 o alimento vegetal, composto por granulado macio, processado, sem corantes e conservantes. Al\u00e9m disso, indicado para todos os peixes em especial herb\u00edvoros que comem na zona m\u00e9dia da \u00e1gua como, por exemplo, os peixes guppy.<\/p>\n<p>Portanto, os ingredientes por sinal selecionados, tais como 4 % de Spirulina natural, promovem uma digest\u00e3o saud\u00e1vel e a vitalidade.<\/p>\n<p>Al\u00e9m disso, a f\u00f3rmula facilmente assimil\u00e1vel e rica em energia responde, de forma ideal, \u00e0s necessidades dos peixes guppy e outros peixes sobretudo ativos. Por isso, o granulado fino e macio, que se afunda lentamente, amolece rapidamente na \u00e1gua, mas mant\u00e9m a sua forma durante muito tempo, n\u00e3o afetando a qualidade da \u00e1gua.<\/p>\n<p>Ingredientes:<br \/>\nAmido de milho, gl\u00faten de trigo, farinha de peixe, ovo inteiro em p\u00f3, caseinato de c\u00e1lcio, Spirulina (4 %), farinha de trigo, \u00f3leo de peixe (do qual 49 % de \u00e1cidos gordos \u00f3mega), levedura de cerveja, ervas, alfalfa, urtigas, g\u00e9rmen de trigo, salsa, algas marinhas, pimento, gammarus, mananoligossacar\u00eddeos, espinafres, cenouras, mexilh\u00e3o de concha verde, algas Haematococcus, alho.<\/p>\n<p>Constituintes anal\u00edticos:<br \/>\nProte\u00edna bruta 43,3 %, Gordura bruta 8,1 %, Fibra bruta 3,5 %, Humidade 5,0 %, Cinza bruta 4,3 %.<\/p>\n<p>Aditivos:<br \/>\nVitaminas e provitaminas: Vit. A 37.000 UI\/kg, Vit. D3 1.800 UI\/kg, Vit. E<br \/>\nAl\u00e9m disso, este produto pertence \u00e0 linha de produtos \u201csera Nature\u201d, que n\u00e3o tem qualquer corante ou conservante. Cont\u00e9m uma nutri\u00e7\u00e3o variada com ingredientes naturais. \u00c9 a melhor prote\u00e7\u00e3o contra defici\u00eancias e suporta a sa\u00fade e vitalidade dos peixes. Ou seja, esta \u00e9 a raz\u00e3o, os alimentos Nature cont\u00eam elementos naturais. Por exemplo, como spirulina, krill ou farinha de insetos sustent\u00e1vel da larva da mosca soldado (Hermetia). Os r\u00f3tulos na frente da embalagem indicam esses ingredientes e sua contribui\u00e7\u00e3o na alimenta\u00e7\u00e3o.<\/p>\n<p>\u2013 Alimento para todos os peixes.<\/p>\n<p>\u2013  Suporta a sa\u00fade e energia dos peixes.<\/p>\n<p>\u2013 Comida completa, n\u00e3o turva a \u00e1gua.<\/p>\n<p>\u2013 A sua f\u00f3rmula e de f\u00e1cil digest\u00e3o e de Vitalidade. <\/p>\n<p>\u2013  Sera Guppy Gran, cont\u00e9m um granulado macio.<\/p>\n<p>Sugest\u00e3o di\u00e1ria:<br \/>\nEm primeiro lugar, distribuir 1 a 2 vezes ao dia, em pequenas medidas que os animais possam comer no prazo de pouco tempo.<\/p>","protected":false},"excerpt":{"rendered":"<p>Sera Guppy Gran Nature \u00e9 o alimento vegetal, composto por granulado macio, processado, sem corantes e conservantes. Al\u00e9m disso, indicado para todos os peixes em especial herb\u00edvoros que comem na zona m\u00e9dia da \u00e1gua como, por exemplo, os peixes guppy. Portanto, os ingredientes por sinal selecionados, tais como 4 % de Spirulina natural, promovem uma &hellip;<\/p>\n<p class=\"read-more\"> <a class=\"\" href=\"https:\/\/pfkeepers.com\/english\/product\/sera-guppy-gran-nature-250-ml-120-g\/\"> <span class=\"screen-reader-text\">Sera Guppy Gran Nature 250 ml<\/span> Read More &raquo;<\/a><\/p>","protected":false},"featured_media":50106,"template":"","meta":{"site-sidebar-layout":"default","site-content-layout":"","ast-site-content-layout":"","site-content-style":"default","site-sidebar-style":"default","ast-global-header-display":"","ast-banner-title-visibility":"","ast-main-header-display":"","ast-hfb-above-header-display":"","ast-hfb-below-header-display":"","ast-hfb-mobile-header-display":"","site-post-title":"","ast-breadcrumbs-content":"","ast-featured-img":"","footer-sml-layout":"","theme-transparent-header-meta":"","adv-header-id-meta":"","stick-header-meta":"","header-above-stick-meta":"","header-main-stick-meta":"","header-below-stick-meta":"","astra-migrate-meta-layouts":""},"product_cat":[1479],"product_tag":[1038],"_links":{"self":[{"href":"https:\/\/pfkeepers.com\/english\/wp-json\/wp\/v2\/product\/50105"}],"collection":[{"href":"https:\/\/pfkeepers.com\/english\/wp-json\/wp\/v2\/product"}],"about":[{"href":"https:\/\/pfkeepers.com\/english\/wp-json\/wp\/v2\/types\/product"}],"wp:featuredmedia":[{"embeddable":true,"href":"https:\/\/pfkeepers.com\/english\/wp-json\/wp\/v2\/media\/50106"}],"wp:attachment":[{"href":"https:\/\/pfkeepers.com\/english\/wp-json\/wp\/v2\/media?parent=50105"}],"wp:term":[{"taxonomy":"product_cat","embeddable":true,"href":"https:\/\/pfkeepers.com\/english\/wp-json\/wp\/v2\/product_cat?post=50105"},{"taxonomy":"product_tag","embeddable":true,"href":"https:\/\/pfkeepers.com\/english\/wp-json\/wp\/v2\/product_tag?post=50105"}],"curies":[{"name":"wp","href":"https:\/\/api.w.org\/{rel}","templated":true}]}}