{"id":50058,"date":"2024-03-04T13:55:25","date_gmt":"2024-03-04T13:55:25","guid":{"rendered":"https:\/\/pfkeepers.com\/produto\/spineless-urchin-red-blue-mespilia-globulus\/"},"modified":"2026-04-19T00:11:41","modified_gmt":"2026-04-19T00:11:41","slug":"spineless-urchin-red-blue-mespilia-globulus","status":"publish","type":"product","link":"https:\/\/pfkeepers.com\/english\/product\/spineless-urchin-red-blue-mespilia-globulus\/","title":{"rendered":"Spineless Urchin &#8211; Red\/Blue &#8211; Mespilia globulus"},"content":{"rendered":"<p>O ouri\u00e7o do sem espinhos azul, tamb\u00e9m conhecido como ouri\u00e7o da esfera ou ouri\u00e7o do globo, tem cinco a dez bandas largas de cores geralmente azuis ou pretas, com espinhos vermelhos, marrons ou escuros.<br \/>\nDurante o dia, ele escondera-se entre as rochas, em fendas ou sob as plantas em um substrato arenoso. \u00c0 noite, ele surgir\u00e1 para pastar nas algas presentes em ou perto de sua casa. O  Ouri\u00e7o geralmente vagueia sozinho, mas v\u00e1rios deles podem ser alojados no mesmo aqu\u00e1rio se for grande o suficiente para fornecer-lhes comida adequada (algas) e abrigo. \u00c9 sens\u00edvel a altos n\u00edveis de medicamentos \u00e0 base de cobre e n\u00e3o tolera altos n\u00edveis de nitrato. Se come\u00e7ar a perder v\u00e1rios espinhos, geralmente \u00e9 devido \u00e0s m\u00e1s condi\u00e7\u00f5es da \u00e1gua.<\/p>\n<p>Se os n\u00edveis de algas forem particularmente baixos, sua dieta precisar\u00e1 ser complementada com algas marinhas secas.<\/p>","protected":false},"excerpt":{"rendered":"<p>O ouri\u00e7o do sem espinhos azul, tamb\u00e9m conhecido como ouri\u00e7o da esfera ou ouri\u00e7o do globo, tem cinco a dez bandas largas de cores geralmente azuis ou pretas, com espinhos vermelhos, marrons ou escuros. Durante o dia, ele escondera-se entre as rochas, em fendas ou sob as plantas em um substrato arenoso. \u00c0 noite, ele &hellip;<\/p>\n<p class=\"read-more\"> <a class=\"\" href=\"https:\/\/pfkeepers.com\/english\/product\/spineless-urchin-red-blue-mespilia-globulus\/\"> <span class=\"screen-reader-text\">Spineless Urchin &#8211; Red\/Blue &#8211; Mespilia globulus<\/span> Read More &raquo;<\/a><\/p>","protected":false},"featured_media":50059,"template":"","meta":{"site-sidebar-layout":"default","site-content-layout":"","ast-site-content-layout":"default","site-content-style":"default","site-sidebar-style":"default","ast-global-header-display":"","ast-banner-title-visibility":"","ast-main-header-display":"","ast-hfb-above-header-display":"","ast-hfb-below-header-display":"","ast-hfb-mobile-header-display":"","site-post-title":"","ast-breadcrumbs-content":"","ast-featured-img":"","footer-sml-layout":"","theme-transparent-header-meta":"default","adv-header-id-meta":"","stick-header-meta":"","header-above-stick-meta":"","header-main-stick-meta":"","header-below-stick-meta":"","astra-migrate-meta-layouts":"set"},"product_cat":[1356],"product_tag":[],"_links":{"self":[{"href":"https:\/\/pfkeepers.com\/english\/wp-json\/wp\/v2\/product\/50058"}],"collection":[{"href":"https:\/\/pfkeepers.com\/english\/wp-json\/wp\/v2\/product"}],"about":[{"href":"https:\/\/pfkeepers.com\/english\/wp-json\/wp\/v2\/types\/product"}],"wp:featuredmedia":[{"embeddable":true,"href":"https:\/\/pfkeepers.com\/english\/wp-json\/wp\/v2\/media\/50059"}],"wp:attachment":[{"href":"https:\/\/pfkeepers.com\/english\/wp-json\/wp\/v2\/media?parent=50058"}],"wp:term":[{"taxonomy":"product_cat","embeddable":true,"href":"https:\/\/pfkeepers.com\/english\/wp-json\/wp\/v2\/product_cat?post=50058"},{"taxonomy":"product_tag","embeddable":true,"href":"https:\/\/pfkeepers.com\/english\/wp-json\/wp\/v2\/product_tag?post=50058"}],"curies":[{"name":"wp","href":"https:\/\/api.w.org\/{rel}","templated":true}]}}