{"id":50056,"date":"2024-03-04T13:55:21","date_gmt":"2024-03-04T13:55:21","guid":{"rendered":"https:\/\/pfkeepers.com\/produto\/hermit-crab-rock-calcinus-spp\/"},"modified":"2026-04-19T00:11:35","modified_gmt":"2026-04-19T00:11:35","slug":"hermit-crab-rock-calcinus-spp","status":"publish","type":"product","link":"https:\/\/pfkeepers.com\/english\/product\/hermit-crab-rock-calcinus-spp\/","title":{"rendered":"Hermit Crab &#8211; Rock Calcinus spp."},"content":{"rendered":"<p>Cuidado: iniciante<\/p>\n<p>Dieta: omn\u00edvora<\/p>\n<p>Leve: M\u00e9dio<\/p>\n<p>Local de origem: Atl\u00e2ntico Leste \/ Mediterr\u00e2neo<\/p>","protected":false},"excerpt":{"rendered":"<p>Cuidado: iniciante Dieta: omn\u00edvora Leve: M\u00e9dio Local de origem: Atl\u00e2ntico Leste \/ Mediterr\u00e2neo<\/p>","protected":false},"featured_media":50057,"template":"","meta":{"site-sidebar-layout":"default","site-content-layout":"","ast-site-content-layout":"default","site-content-style":"default","site-sidebar-style":"default","ast-global-header-display":"","ast-banner-title-visibility":"","ast-main-header-display":"","ast-hfb-above-header-display":"","ast-hfb-below-header-display":"","ast-hfb-mobile-header-display":"","site-post-title":"","ast-breadcrumbs-content":"","ast-featured-img":"","footer-sml-layout":"","theme-transparent-header-meta":"default","adv-header-id-meta":"","stick-header-meta":"","header-above-stick-meta":"","header-main-stick-meta":"","header-below-stick-meta":"","astra-migrate-meta-layouts":"set"},"product_cat":[1356],"product_tag":[],"_links":{"self":[{"href":"https:\/\/pfkeepers.com\/english\/wp-json\/wp\/v2\/product\/50056"}],"collection":[{"href":"https:\/\/pfkeepers.com\/english\/wp-json\/wp\/v2\/product"}],"about":[{"href":"https:\/\/pfkeepers.com\/english\/wp-json\/wp\/v2\/types\/product"}],"wp:featuredmedia":[{"embeddable":true,"href":"https:\/\/pfkeepers.com\/english\/wp-json\/wp\/v2\/media\/50057"}],"wp:attachment":[{"href":"https:\/\/pfkeepers.com\/english\/wp-json\/wp\/v2\/media?parent=50056"}],"wp:term":[{"taxonomy":"product_cat","embeddable":true,"href":"https:\/\/pfkeepers.com\/english\/wp-json\/wp\/v2\/product_cat?post=50056"},{"taxonomy":"product_tag","embeddable":true,"href":"https:\/\/pfkeepers.com\/english\/wp-json\/wp\/v2\/product_tag?post=50056"}],"curies":[{"name":"wp","href":"https:\/\/api.w.org\/{rel}","templated":true}]}}