{"id":50002,"date":"2024-03-04T13:53:56","date_gmt":"2024-03-04T13:53:56","guid":{"rendered":"https:\/\/pfkeepers.com\/produto\/aquaforest-af-sea-salt-7-5kg\/"},"modified":"2026-04-18T02:56:59","modified_gmt":"2026-04-18T02:56:59","slug":"aquaforest-af-sea-salt-7-5kg","status":"publish","type":"product","link":"https:\/\/pfkeepers.com\/english\/product\/aquaforest-af-sea-salt-7-5kg\/","title":{"rendered":"Aquaforest  Sea Salt 7.5kg"},"content":{"rendered":"<p>Sal marinho sint\u00e9tico destinado para os aqu\u00e1rios composto de peixes, bem como aqu\u00e1rios com corais menos exigentes e invertebrados. Durante a montagem de novos aqu\u00e1rios recomendamos que os primeiros animais se admitam n\u00e3o mais cedo do que 10-14 dias ap\u00f3s enchimento do reservat\u00f3rio. \u00c1gua do mar recentemente preparada ap\u00f3s a dissolu\u00e7\u00e3o do sal pode ser imediatamente utilizada para a substitui\u00e7\u00e3o.<\/p>\n<p>M\u00e9todo de prepara\u00e7\u00e3o:<\/p>\n<p>Dissolve-se o sal em \u00e1gua quente desmineralizada. A temperatura da \u00e1gua deve ser de cerca de 24\u00b0C (75\u00b0F). Para alcan\u00e7ar uma salinidade de 30 ppt , deve se dissolver cerca de 345 g (12.16 oz)\/10 l (2.7 US gal) de \u00e1gua. A solu\u00e7\u00e3o deve ser misturada vigorosamente durante cerca de 15 minutos, depois de completamente dissolvida, e obten\u00e7\u00e3o da limpidez total,a \u00e1gua salgada desta maneira est\u00e1 pronta para uso. O sal deve ser armazenado em um lugar seco e sombrio. O sal dissolvido deve ser utilizado no prazo de 5 dias. Manter longe do alcance das crian\u00e7as! Para ser usado apenas em aqu\u00e1rios! N\u00e3o para o consumo humano! Ficha de seguran\u00e7a fornecida a pedido.<\/p>\n<p>Par\u00e2metros de um sal s\u00e3o apresentadas abaixo:<\/p>\n<p>24\u00b0C \/ 75.2\u00b0F<br \/>\nMg \u2013 1200-1300 mg\/l<br \/>\nCa \u2013 360-400 mg\/l<br \/>\nK \u2013 300-350 mg\/l<br \/>\ndKH \u2013 8,0-9,0<br \/>\npH \u2013 8,0-8,2<\/p>","protected":false},"excerpt":{"rendered":"<p>Sal marinho sint\u00e9tico destinado para os aqu\u00e1rios composto de peixes, bem como aqu\u00e1rios com corais menos exigentes e invertebrados. Durante a montagem de novos aqu\u00e1rios recomendamos que os primeiros animais se admitam n\u00e3o mais cedo do que 10-14 dias ap\u00f3s enchimento do reservat\u00f3rio. \u00c1gua do mar recentemente preparada ap\u00f3s a dissolu\u00e7\u00e3o do sal pode ser &hellip;<\/p>\n<p class=\"read-more\"> <a class=\"\" href=\"https:\/\/pfkeepers.com\/english\/product\/aquaforest-af-sea-salt-7-5kg\/\"> <span class=\"screen-reader-text\">Aquaforest  Sea Salt 7.5kg<\/span> Read More &raquo;<\/a><\/p>","protected":false},"featured_media":50003,"template":"","meta":{"site-sidebar-layout":"default","site-content-layout":"","ast-site-content-layout":"","site-content-style":"default","site-sidebar-style":"default","ast-global-header-display":"","ast-banner-title-visibility":"","ast-main-header-display":"","ast-hfb-above-header-display":"","ast-hfb-below-header-display":"","ast-hfb-mobile-header-display":"","site-post-title":"","ast-breadcrumbs-content":"","ast-featured-img":"","footer-sml-layout":"","theme-transparent-header-meta":"","adv-header-id-meta":"","stick-header-meta":"","header-above-stick-meta":"","header-main-stick-meta":"","header-below-stick-meta":"","astra-migrate-meta-layouts":""},"product_cat":[1362],"product_tag":[768],"_links":{"self":[{"href":"https:\/\/pfkeepers.com\/english\/wp-json\/wp\/v2\/product\/50002"}],"collection":[{"href":"https:\/\/pfkeepers.com\/english\/wp-json\/wp\/v2\/product"}],"about":[{"href":"https:\/\/pfkeepers.com\/english\/wp-json\/wp\/v2\/types\/product"}],"wp:featuredmedia":[{"embeddable":true,"href":"https:\/\/pfkeepers.com\/english\/wp-json\/wp\/v2\/media\/50003"}],"wp:attachment":[{"href":"https:\/\/pfkeepers.com\/english\/wp-json\/wp\/v2\/media?parent=50002"}],"wp:term":[{"taxonomy":"product_cat","embeddable":true,"href":"https:\/\/pfkeepers.com\/english\/wp-json\/wp\/v2\/product_cat?post=50002"},{"taxonomy":"product_tag","embeddable":true,"href":"https:\/\/pfkeepers.com\/english\/wp-json\/wp\/v2\/product_tag?post=50002"}],"curies":[{"name":"wp","href":"https:\/\/api.w.org\/{rel}","templated":true}]}}