{"id":49978,"date":"2024-03-04T13:53:16","date_gmt":"2024-03-04T13:53:16","guid":{"rendered":"https:\/\/pfkeepers.com\/produto\/yellow-tail-purple-tang-zebrasoma-xanthurus-me\/"},"modified":"2026-04-19T00:11:17","modified_gmt":"2026-04-19T00:11:17","slug":"yellow-tail-purple-tang-zebrasoma-xanthurus-me","status":"publish","type":"product","link":"https:\/\/pfkeepers.com\/english\/product\/yellow-tail-purple-tang-zebrasoma-xanthurus-me\/","title":{"rendered":"Yellow Tail Purple Tang &#8211; Zebrasoma xanthurus"},"content":{"rendered":"<p>N\u00edvel de cuidado: moderado<\/p>\n<p>Temperamento: Semi-agressivo<\/p>\n<p>Forma \/cor: azul, roxo, amarelo<\/p>\n<p>Dieta: Herb\u00edvoro<\/p>\n<p>Compat\u00edvel com recife: Sim<\/p>\n<p>Condi\u00e7\u00f5es da \u00e1gua: sg 1,020-1,025, 72-78 \u00b0 F, dKH 8-12, pH 8,1-8,4<\/p>\n<p>Origem: Qu\u00eania, Mar Vermelho<\/p>\n<p>Fam\u00edlia: Acanthuridae<\/p>\n<p>O Tang Roxo \u00e9 de cor azul a roxo com uma cauda amarela e acentos amarelos nas barbatanas peitorais. Este peixe era conhecido formalmente apenas pelos recifes de coral do Mar Vermelho, mas agora \u00e9 encontrado no Mar da Ar\u00e1bia, no Golfo de Aden e nas \u00e1guas ao largo do Sri Lanka tamb\u00e9m. Geralmente vive sozinho, mas ocasionalmente pode ser encontrado em escolas no sul do Mar Vermelho. Os adultos podem atingir um tamanho de 10 polegadas.<\/p>\n<p>O Tangs roxos \u00e9 um dos esp\u00e9cimes mais apreciados de todos os peixes de \u00e1gua salgada por sua colora\u00e7\u00e3o e um dos Tangs mais populares para o aqu\u00e1rio de recife. Se alojado corretamente, \u00e9 uma adi\u00e7\u00e3o gratificante e atraente para qualquer tanque grande apenas para peixes ou aqu\u00e1rio de recife. Se for mant\u00ea-los, certifique-se de fornecer boa ilumina\u00e7\u00e3o, muito espa\u00e7o livre para nadar e muitos esconderijos potenciais. Eles podem ser muito agressivos e n\u00e3o se d\u00e3o bem com companheiros de tanque de forma corporal semelhante, especialmente outros Tangs do g\u00eanero Zebrasoma.<\/p>\n<p>Embora os Tangs comam alimentos carnudos junto com os outros peixes do aqu\u00e1rio, \u00e9 importante que eles recebam muitas algas e algas de origem marinha. Isso fortalecer\u00e1 seu sistema imunol\u00f3gico, reduzir\u00e1 a agressividade e melhorar\u00e1 sua sa\u00fade geral. Ofere\u00e7a algas secas amarradas a uma rocha ou use um clipe de vegetais e alimente pelo menos 3 vezes por semana. Legumes do Mar, Salada de Algas Marinhas e Nutri\u00e7\u00e3o Oce\u00e2nica s\u00e3o produtos ideais e muito f\u00e1ceis de usar.<\/p>","protected":false},"excerpt":{"rendered":"<p>N\u00edvel de cuidado: moderado Temperamento: Semi-agressivo Forma \/cor: azul, roxo, amarelo Dieta: Herb\u00edvoro Compat\u00edvel com recife: Sim Condi\u00e7\u00f5es da \u00e1gua: sg 1,020-1,025, 72-78 \u00b0 F, dKH 8-12, pH 8,1-8,4 Origem: Qu\u00eania, Mar Vermelho Fam\u00edlia: Acanthuridae O Tang Roxo \u00e9 de cor azul a roxo com uma cauda amarela e acentos amarelos nas barbatanas peitorais. Este &hellip;<\/p>\n<p class=\"read-more\"> <a class=\"\" href=\"https:\/\/pfkeepers.com\/english\/product\/yellow-tail-purple-tang-zebrasoma-xanthurus-me\/\"> <span class=\"screen-reader-text\">Yellow Tail Purple Tang &#8211; Zebrasoma xanthurus<\/span> Read More &raquo;<\/a><\/p>","protected":false},"featured_media":49979,"template":"","meta":{"site-sidebar-layout":"default","site-content-layout":"","ast-site-content-layout":"default","site-content-style":"default","site-sidebar-style":"default","ast-global-header-display":"","ast-banner-title-visibility":"","ast-main-header-display":"","ast-hfb-above-header-display":"","ast-hfb-below-header-display":"","ast-hfb-mobile-header-display":"","site-post-title":"","ast-breadcrumbs-content":"","ast-featured-img":"","footer-sml-layout":"","theme-transparent-header-meta":"default","adv-header-id-meta":"","stick-header-meta":"","header-above-stick-meta":"","header-main-stick-meta":"","header-below-stick-meta":"","astra-migrate-meta-layouts":"set"},"product_cat":[1355],"product_tag":[],"_links":{"self":[{"href":"https:\/\/pfkeepers.com\/english\/wp-json\/wp\/v2\/product\/49978"}],"collection":[{"href":"https:\/\/pfkeepers.com\/english\/wp-json\/wp\/v2\/product"}],"about":[{"href":"https:\/\/pfkeepers.com\/english\/wp-json\/wp\/v2\/types\/product"}],"wp:featuredmedia":[{"embeddable":true,"href":"https:\/\/pfkeepers.com\/english\/wp-json\/wp\/v2\/media\/49979"}],"wp:attachment":[{"href":"https:\/\/pfkeepers.com\/english\/wp-json\/wp\/v2\/media?parent=49978"}],"wp:term":[{"taxonomy":"product_cat","embeddable":true,"href":"https:\/\/pfkeepers.com\/english\/wp-json\/wp\/v2\/product_cat?post=49978"},{"taxonomy":"product_tag","embeddable":true,"href":"https:\/\/pfkeepers.com\/english\/wp-json\/wp\/v2\/product_tag?post=49978"}],"curies":[{"name":"wp","href":"https:\/\/api.w.org\/{rel}","templated":true}]}}