{"id":49866,"date":"2024-03-04T13:45:26","date_gmt":"2024-03-04T13:45:26","guid":{"rendered":"https:\/\/pfkeepers.com\/produto\/co2-glass-in-line-diffuser-12mm-aquagro\/"},"modified":"2025-02-27T20:30:08","modified_gmt":"2025-02-27T20:30:08","slug":"co2-glass-in-line-diffuser-12mm-aquagro","status":"publish","type":"product","link":"https:\/\/pfkeepers.com\/english\/product\/co2-glass-in-line-diffuser-12mm-aquagro\/","title":{"rendered":"CO2 Glass In-Line Diffuser 12mm, AquaGro"},"content":{"rendered":"<p>Infus\u00e3o fina do Co2 em Aqu\u00e1rios Plantados, conectando-se a uma sa\u00edda de vasilha do aqu\u00e1rio<br \/>\nvidro de alta durabilidade<br \/>\nMembrana de cer\u00e2mica de alta qualidade<br \/>\nAdapta-se ao Co2 padr\u00e3o ou Tubula\u00e7\u00e3o A\u00e9rea<\/p>","protected":false},"excerpt":{"rendered":"<p>Infus\u00e3o fina do Co2 em Aqu\u00e1rios Plantados, conectando-se a uma sa\u00edda de vasilha do aqu\u00e1rio vidro de alta durabilidade Membrana de cer\u00e2mica de alta qualidade Adapta-se ao Co2 padr\u00e3o ou Tubula\u00e7\u00e3o A\u00e9rea<\/p>","protected":false},"featured_media":49867,"template":"","meta":{"site-sidebar-layout":"default","site-content-layout":"","ast-site-content-layout":"","site-content-style":"default","site-sidebar-style":"default","ast-global-header-display":"","ast-banner-title-visibility":"","ast-main-header-display":"","ast-hfb-above-header-display":"","ast-hfb-below-header-display":"","ast-hfb-mobile-header-display":"","site-post-title":"","ast-breadcrumbs-content":"","ast-featured-img":"","footer-sml-layout":"","theme-transparent-header-meta":"","adv-header-id-meta":"","stick-header-meta":"","header-above-stick-meta":"","header-main-stick-meta":"","header-below-stick-meta":"","astra-migrate-meta-layouts":""},"product_cat":[1566],"product_tag":[769],"_links":{"self":[{"href":"https:\/\/pfkeepers.com\/english\/wp-json\/wp\/v2\/product\/49866"}],"collection":[{"href":"https:\/\/pfkeepers.com\/english\/wp-json\/wp\/v2\/product"}],"about":[{"href":"https:\/\/pfkeepers.com\/english\/wp-json\/wp\/v2\/types\/product"}],"wp:featuredmedia":[{"embeddable":true,"href":"https:\/\/pfkeepers.com\/english\/wp-json\/wp\/v2\/media\/49867"}],"wp:attachment":[{"href":"https:\/\/pfkeepers.com\/english\/wp-json\/wp\/v2\/media?parent=49866"}],"wp:term":[{"taxonomy":"product_cat","embeddable":true,"href":"https:\/\/pfkeepers.com\/english\/wp-json\/wp\/v2\/product_cat?post=49866"},{"taxonomy":"product_tag","embeddable":true,"href":"https:\/\/pfkeepers.com\/english\/wp-json\/wp\/v2\/product_tag?post=49866"}],"curies":[{"name":"wp","href":"https:\/\/api.w.org\/{rel}","templated":true}]}}