{"id":49856,"date":"2024-03-04T13:44:48","date_gmt":"2024-03-04T13:44:48","guid":{"rendered":"https:\/\/pfkeepers.com\/produto\/clown-tang-me-acanthurus-lineatus\/"},"modified":"2025-02-27T20:29:55","modified_gmt":"2025-02-27T20:29:55","slug":"clown-tang-me-acanthurus-lineatus","status":"publish","type":"product","link":"https:\/\/pfkeepers.com\/english\/product\/clown-tang-me-acanthurus-lineatus\/","title":{"rendered":"Clown Tang (ME) &#8211; Acanthurus lineatus"},"content":{"rendered":"<p>Um peixe adulto pode ter cerca de 38 a 40 cm de comprimento. Como a maioria dos peixes picantes, seu corpo \u00e9 comprimido de ambos os lados. A metade superior do corpo tem listras amarelas e azuis com bordas pretas. A parte inferior de seu corpo pode variar de azul claro a roxo. Os machos s\u00e3o geralmente maiores do que as f\u00eameas. Sua coluna caudal \u00e9 venenosa e pode causar ferimentos graves.<\/p>\n<p>Distribui\u00e7\u00e3o<br \/>\nEste peixe \u00e9 encontrado principalmente em toda a parte central da regi\u00e3o do Indo-Pac\u00edfico. Na Austr\u00e1lia, pode ser encontrada em Queensland, no norte da Grande Barreira de Corais e na Austr\u00e1lia Ocidental ao norte de New South Wales. Eles tamb\u00e9m s\u00e3o encontrados nas \u00e1reas costeiras do Jap\u00e3o e das ilhas havaianas.<\/p>\n<p>Habitat<br \/>\nHabitam principalmente recifes de coral abertos tropicais e subtropicais, onde a temperatura \u00e9 de cerca de 22 a 28 graus Celsius e a corrente de \u00e1gua \u00e9 forte. Cardumes de peixes adultos Acanthurus lineatus podem ser vistos em sarjetas rasas.<\/p>","protected":false},"excerpt":{"rendered":"<p>Um peixe adulto pode ter cerca de 38 a 40 cm de comprimento. Como a maioria dos peixes picantes, seu corpo \u00e9 comprimido de ambos os lados. A metade superior do corpo tem listras amarelas e azuis com bordas pretas. A parte inferior de seu corpo pode variar de azul claro a roxo. Os machos &hellip;<\/p>\n<p class=\"read-more\"> <a class=\"\" href=\"https:\/\/pfkeepers.com\/english\/product\/clown-tang-me-acanthurus-lineatus\/\"> <span class=\"screen-reader-text\">Clown Tang (ME) &#8211; Acanthurus lineatus<\/span> Read More &raquo;<\/a><\/p>","protected":false},"featured_media":49857,"template":"","meta":{"site-sidebar-layout":"default","site-content-layout":"","ast-site-content-layout":"","site-content-style":"default","site-sidebar-style":"default","ast-global-header-display":"","ast-banner-title-visibility":"","ast-main-header-display":"","ast-hfb-above-header-display":"","ast-hfb-below-header-display":"","ast-hfb-mobile-header-display":"","site-post-title":"","ast-breadcrumbs-content":"","ast-featured-img":"","footer-sml-layout":"","theme-transparent-header-meta":"","adv-header-id-meta":"","stick-header-meta":"","header-above-stick-meta":"","header-main-stick-meta":"","header-below-stick-meta":"","astra-migrate-meta-layouts":""},"product_cat":[1355],"product_tag":[],"_links":{"self":[{"href":"https:\/\/pfkeepers.com\/english\/wp-json\/wp\/v2\/product\/49856"}],"collection":[{"href":"https:\/\/pfkeepers.com\/english\/wp-json\/wp\/v2\/product"}],"about":[{"href":"https:\/\/pfkeepers.com\/english\/wp-json\/wp\/v2\/types\/product"}],"wp:featuredmedia":[{"embeddable":true,"href":"https:\/\/pfkeepers.com\/english\/wp-json\/wp\/v2\/media\/49857"}],"wp:attachment":[{"href":"https:\/\/pfkeepers.com\/english\/wp-json\/wp\/v2\/media?parent=49856"}],"wp:term":[{"taxonomy":"product_cat","embeddable":true,"href":"https:\/\/pfkeepers.com\/english\/wp-json\/wp\/v2\/product_cat?post=49856"},{"taxonomy":"product_tag","embeddable":true,"href":"https:\/\/pfkeepers.com\/english\/wp-json\/wp\/v2\/product_tag?post=49856"}],"curies":[{"name":"wp","href":"https:\/\/api.w.org\/{rel}","templated":true}]}}