{"id":49747,"date":"2024-03-04T13:40:57","date_gmt":"2024-03-04T13:40:57","guid":{"rendered":"https:\/\/pfkeepers.com\/produto\/reef-microbe-lift-coralscaper-super-glue-50g\/"},"modified":"2026-04-19T00:07:14","modified_gmt":"2026-04-19T00:07:14","slug":"reef-microbe-lift-coralscaper-super-glue-50g","status":"publish","type":"product","link":"https:\/\/pfkeepers.com\/english\/product\/reef-microbe-lift-coralscaper-super-glue-50g\/","title":{"rendered":"Microbe-Lift CoralScaper Super Glue 50g"},"content":{"rendered":"<p>Super cola Microbe-Lift CoralScaper<\/p>\n<p>O CoralScaper da Microbe-Lift agora tamb\u00e9m est\u00e1 dispon\u00edvel como supercola em forma de gel.<\/p>\n<p>For\u00e7a adesiva m\u00e1xima<br \/>\nforma de gel<br \/>\nF\u00e1cil de usar<br \/>\nMuito produtivo<br \/>\n100% Seguro para Recife!<\/p>","protected":false},"excerpt":{"rendered":"<p>Super cola Microbe-Lift CoralScaper O CoralScaper da Microbe-Lift agora tamb\u00e9m est\u00e1 dispon\u00edvel como supercola em forma de gel. For\u00e7a adesiva m\u00e1xima forma de gel F\u00e1cil de usar Muito produtivo 100% Seguro para Recife!<\/p>","protected":false},"featured_media":49748,"template":"","meta":{"site-sidebar-layout":"default","site-content-layout":"","ast-site-content-layout":"","site-content-style":"default","site-sidebar-style":"default","ast-global-header-display":"","ast-banner-title-visibility":"","ast-main-header-display":"","ast-hfb-above-header-display":"","ast-hfb-below-header-display":"","ast-hfb-mobile-header-display":"","site-post-title":"","ast-breadcrumbs-content":"","ast-featured-img":"","footer-sml-layout":"","theme-transparent-header-meta":"","adv-header-id-meta":"","stick-header-meta":"","header-above-stick-meta":"","header-main-stick-meta":"","header-below-stick-meta":"","astra-migrate-meta-layouts":""},"product_cat":[1353],"product_tag":[953],"_links":{"self":[{"href":"https:\/\/pfkeepers.com\/english\/wp-json\/wp\/v2\/product\/49747"}],"collection":[{"href":"https:\/\/pfkeepers.com\/english\/wp-json\/wp\/v2\/product"}],"about":[{"href":"https:\/\/pfkeepers.com\/english\/wp-json\/wp\/v2\/types\/product"}],"wp:featuredmedia":[{"embeddable":true,"href":"https:\/\/pfkeepers.com\/english\/wp-json\/wp\/v2\/media\/49748"}],"wp:attachment":[{"href":"https:\/\/pfkeepers.com\/english\/wp-json\/wp\/v2\/media?parent=49747"}],"wp:term":[{"taxonomy":"product_cat","embeddable":true,"href":"https:\/\/pfkeepers.com\/english\/wp-json\/wp\/v2\/product_cat?post=49747"},{"taxonomy":"product_tag","embeddable":true,"href":"https:\/\/pfkeepers.com\/english\/wp-json\/wp\/v2\/product_tag?post=49747"}],"curies":[{"name":"wp","href":"https:\/\/api.w.org\/{rel}","templated":true}]}}