{"id":49723,"date":"2024-03-04T13:40:13","date_gmt":"2024-03-04T13:40:13","guid":{"rendered":"https:\/\/pfkeepers.com\/produto\/mysis-shrimp-garlic-100g-blister-gamma\/"},"modified":"2025-07-07T15:15:42","modified_gmt":"2025-07-07T15:15:42","slug":"mysis-shrimp-garlic-100g-blister-gamma","status":"publish","type":"product","link":"https:\/\/pfkeepers.com\/english\/product\/mysis-shrimp-garlic-100g-blister-gamma\/","title":{"rendered":"Mysis Shrimp + Garlic 100g blister, Gamma"},"content":{"rendered":"<p>Gamma Mysis Shrimp + Garlic Blister Pack 100g<br \/>\nNeomysis japonica plus Garlic extract<\/p>\n<p>Para Marinhos, Tropicais e \u00c1gua Fria<br \/>\nO \u00fanico alimento usado pelo Tropical Marine Center nas instala\u00e7\u00f5es de cria\u00e7\u00e3o de peixes.<br \/>\nIngredientes da mais alta qualidade, embalados rapidamente, selados e congelados.<br \/>\nComida irradiada com raios Gama. Elimina completamente qualquer risco de introdu\u00e7\u00e3o de parasitas ou bact\u00e9rias nocivas no seu aqu\u00e1rio e tamb\u00e9m significa que os alimentos s\u00e3o completamente seguros para armazenar no freezer.<br \/>\nProdutos 100% naturais e a ampla variedade dispon\u00edvel garantem que esp\u00e9cies individuais de peixes recebam uma dieta equilibrada, variada e interessante.<br \/>\nOs blisters s\u00e3o projetados para distribuir um cubo medido de alimento de cada vez, deixando o restante do produto selado nos seus blisters separados. Uma maneira r\u00e1pida e conveniente de alimentar peixes.<br \/>\nGuia de adequa\u00e7\u00e3o de alimenta\u00e7\u00e3o com c\u00f3digo de cores torna mais f\u00e1cil encontrar o alimento certo para o seu peixe!<br \/>\n* Alimento congelado para peixes de \u00e1gua salgada irradiado por gamma<br \/>\n* O pr\u00e1tico blister garante frescor e simplifica o controle da por\u00e7\u00e3o<br \/>\n* 100% natural, \u00f3timo para muitas esp\u00e9cies de \u00e1gua salgada<br \/>\n\u00d3timo para:<\/p>\n<p>Marinhos, Tropicais e \u00c1gua Fria <\/p>\n<p>Ingredientes:<\/p>\n<p>Neomysis japonica plus Garlic extract<\/p>\n<p>Embalagem de 100g<\/p>","protected":false},"excerpt":{"rendered":"<p>Gamma Mysis Shrimp + Garlic Blister Pack 100g Neomysis japonica plus Garlic extract Para Marinhos, Tropicais e \u00c1gua Fria O \u00fanico alimento usado pelo Tropical Marine Center nas instala\u00e7\u00f5es de cria\u00e7\u00e3o de peixes. Ingredientes da mais alta qualidade, embalados rapidamente, selados e congelados. Comida irradiada com raios Gama. Elimina completamente qualquer risco de introdu\u00e7\u00e3o de &hellip;<\/p>\n<p class=\"read-more\"> <a class=\"\" href=\"https:\/\/pfkeepers.com\/english\/product\/mysis-shrimp-garlic-100g-blister-gamma\/\"> <span class=\"screen-reader-text\">Mysis Shrimp + Garlic 100g blister, Gamma<\/span> Read More &raquo;<\/a><\/p>","protected":false},"featured_media":49724,"template":"","meta":{"site-sidebar-layout":"default","site-content-layout":"","ast-site-content-layout":"","site-content-style":"default","site-sidebar-style":"default","ast-global-header-display":"","ast-banner-title-visibility":"","ast-main-header-display":"","ast-hfb-above-header-display":"","ast-hfb-below-header-display":"","ast-hfb-mobile-header-display":"","site-post-title":"","ast-breadcrumbs-content":"","ast-featured-img":"","footer-sml-layout":"","theme-transparent-header-meta":"","adv-header-id-meta":"","stick-header-meta":"","header-above-stick-meta":"","header-main-stick-meta":"","header-below-stick-meta":"","astra-migrate-meta-layouts":""},"product_cat":[1396],"product_tag":[879],"_links":{"self":[{"href":"https:\/\/pfkeepers.com\/english\/wp-json\/wp\/v2\/product\/49723"}],"collection":[{"href":"https:\/\/pfkeepers.com\/english\/wp-json\/wp\/v2\/product"}],"about":[{"href":"https:\/\/pfkeepers.com\/english\/wp-json\/wp\/v2\/types\/product"}],"wp:featuredmedia":[{"embeddable":true,"href":"https:\/\/pfkeepers.com\/english\/wp-json\/wp\/v2\/media\/49724"}],"wp:attachment":[{"href":"https:\/\/pfkeepers.com\/english\/wp-json\/wp\/v2\/media?parent=49723"}],"wp:term":[{"taxonomy":"product_cat","embeddable":true,"href":"https:\/\/pfkeepers.com\/english\/wp-json\/wp\/v2\/product_cat?post=49723"},{"taxonomy":"product_tag","embeddable":true,"href":"https:\/\/pfkeepers.com\/english\/wp-json\/wp\/v2\/product_tag?post=49723"}],"curies":[{"name":"wp","href":"https:\/\/api.w.org\/{rel}","templated":true}]}}