{"id":49667,"date":"2024-03-04T13:38:28","date_gmt":"2024-03-04T13:38:28","guid":{"rendered":"https:\/\/pfkeepers.com\/produto\/pogostemon-helferi-pot-tropica\/"},"modified":"2026-04-18T02:51:41","modified_gmt":"2026-04-18T02:51:41","slug":"pogostemon-helferi-pot-tropica","status":"publish","type":"product","link":"https:\/\/pfkeepers.com\/english\/product\/pogostemon-helferi-pot-tropica\/","title":{"rendered":"Pogostemon helferi Pot, Tropica"},"content":{"rendered":"<p>Aquaristas na Tail\u00e2ndia, perto da fronteira com a Birm\u00e2nia, descobriram esta planta. \u00c9 chamada de &#8216;Downoi&#8217; (pequena estrela) na Tail\u00e2ndia e \u00e9 f\u00e1cil perceber porqu\u00ea (5-10 cm de altura e largura). Pogostemon helferi \u00e9 uma planta aqu\u00e1tica incomum e distinta com um h\u00e1bito compacto, folhas encaracoladas e uma cor verde impressionante.<\/p>\n<p>Com boas condi\u00e7\u00f5es de luz e um substrato rico em nutrientes, o Pogostemon helferi forma muitos brotos laterais que desenvolvem pequenas ra\u00edzes, e a planta rapidamente forma um impressionante tapete de vegeta\u00e7\u00e3o em primeiro plano.<\/p>\n<p>Informa\u00e7\u00e3o da planta:<\/p>\n<p>Tipo: Haste<br \/>\nOrigem: Asia<br \/>\nPa\u00eds ou continente onde a planta \u00e9 mais comum. Os cultivares surgem ou s\u00e3o criados em cultivo.<br \/>\nTaxa de crescimento: M\u00e9dia<br \/>\nTaxa de crescimento da planta em compara\u00e7\u00e3o com outras plantas aqu\u00e1ticas.<br \/>\nAltura: 3 &#8211; 10+<br \/>\nAltura m\u00e9dia (cm) da planta ap\u00f3s dois meses no tanque.<br \/>\nDemanda leve: M\u00e9dia<br \/>\nA demanda de luz m\u00e9dia ou m\u00e9dia de uma planta de aqu\u00e1rio \u00e9 0,5 W \/ L.<br \/>\nCO2: M\u00e9dio<br \/>\nUma necessidade m\u00e9dia de CO2 \u00e9 de 6 a 14 mg \/ L. Uma alta demanda de CO2 \u00e9 de aprox. 15-25 mg \/ L.<\/p>","protected":false},"excerpt":{"rendered":"<p>Aquaristas na Tail\u00e2ndia, perto da fronteira com a Birm\u00e2nia, descobriram esta planta. \u00c9 chamada de &#8216;Downoi&#8217; (pequena estrela) na Tail\u00e2ndia e \u00e9 f\u00e1cil perceber porqu\u00ea (5-10 cm de altura e largura). Pogostemon helferi \u00e9 uma planta aqu\u00e1tica incomum e distinta com um h\u00e1bito compacto, folhas encaracoladas e uma cor verde impressionante. Com boas condi\u00e7\u00f5es de &hellip;<\/p>\n<p class=\"read-more\"> <a class=\"\" href=\"https:\/\/pfkeepers.com\/english\/product\/pogostemon-helferi-pot-tropica\/\"> <span class=\"screen-reader-text\">Pogostemon helferi Pot, Tropica<\/span> Read More &raquo;<\/a><\/p>","protected":false},"featured_media":49668,"template":"","meta":{"site-sidebar-layout":"default","site-content-layout":"","ast-site-content-layout":"default","site-content-style":"default","site-sidebar-style":"default","ast-global-header-display":"","ast-banner-title-visibility":"","ast-main-header-display":"","ast-hfb-above-header-display":"","ast-hfb-below-header-display":"","ast-hfb-mobile-header-display":"","site-post-title":"","ast-breadcrumbs-content":"","ast-featured-img":"","footer-sml-layout":"","theme-transparent-header-meta":"default","adv-header-id-meta":"","stick-header-meta":"","header-above-stick-meta":"","header-main-stick-meta":"","header-below-stick-meta":"","astra-migrate-meta-layouts":"set"},"product_cat":[1511],"product_tag":[1064],"_links":{"self":[{"href":"https:\/\/pfkeepers.com\/english\/wp-json\/wp\/v2\/product\/49667"}],"collection":[{"href":"https:\/\/pfkeepers.com\/english\/wp-json\/wp\/v2\/product"}],"about":[{"href":"https:\/\/pfkeepers.com\/english\/wp-json\/wp\/v2\/types\/product"}],"wp:featuredmedia":[{"embeddable":true,"href":"https:\/\/pfkeepers.com\/english\/wp-json\/wp\/v2\/media\/49668"}],"wp:attachment":[{"href":"https:\/\/pfkeepers.com\/english\/wp-json\/wp\/v2\/media?parent=49667"}],"wp:term":[{"taxonomy":"product_cat","embeddable":true,"href":"https:\/\/pfkeepers.com\/english\/wp-json\/wp\/v2\/product_cat?post=49667"},{"taxonomy":"product_tag","embeddable":true,"href":"https:\/\/pfkeepers.com\/english\/wp-json\/wp\/v2\/product_tag?post=49667"}],"curies":[{"name":"wp","href":"https:\/\/api.w.org\/{rel}","templated":true}]}}