{"id":49663,"date":"2024-03-04T13:38:22","date_gmt":"2024-03-04T13:38:22","guid":{"rendered":"https:\/\/pfkeepers.com\/produto\/lilaeopsis-brasilliensis-pot-tropica\/"},"modified":"2026-04-18T02:51:29","modified_gmt":"2026-04-18T02:51:29","slug":"lilaeopsis-brasilliensis-pot-tropica","status":"publish","type":"product","link":"https:\/\/pfkeepers.com\/english\/product\/lilaeopsis-brasilliensis-pot-tropica\/","title":{"rendered":"Lilaeopsis brasilliensis Pot Tropica"},"content":{"rendered":"<p>Lilaeopsis brasiliensis da Am\u00e9rica do Sul pode crescer muito compacto, mas um &#8220;efeito gramado&#8221;&#8216; (4-7 cm de altura) s\u00f3 \u00e9 alcan\u00e7ado em alta intensidade de luz. Ao plantar no aqu\u00e1rio pequenas aglomera\u00e7\u00f5es (aproximadamente 1\/8 de pote) devem ser colocadas a alguns cent\u00edmetros de dist\u00e2ncia para ajudar as plantas a crescerem juntas mais rapidamente. Coloque em uma posi\u00e7\u00e3o aberta sem sombreamento de outras plantas para garantir uma boa luz. A lilaeopsis brasiliensis pode ser usada em lagoas de jardim, e tamb\u00e9m tolera baixas concentra\u00e7\u00f5es de sal em aqu\u00e1rios salgados.<\/p>\n<p>Informa\u00e7\u00f5es da planta:<\/p>\n<p>Tipo: Stolon<br \/>\nOrigem: Am\u00e9rica do Sul<br \/>\nTaxa de crescimento: Lento<br \/>\nAltura: 3 &#8211; 5+<br \/>\nDemanda leve: M\u00e9dia<br \/>\nCO2 : M\u00e9dia<\/p>","protected":false},"excerpt":{"rendered":"<p>Lilaeopsis brasiliensis da Am\u00e9rica do Sul pode crescer muito compacto, mas um &#8220;efeito gramado&#8221;&#8216; (4-7 cm de altura) s\u00f3 \u00e9 alcan\u00e7ado em alta intensidade de luz. Ao plantar no aqu\u00e1rio pequenas aglomera\u00e7\u00f5es (aproximadamente 1\/8 de pote) devem ser colocadas a alguns cent\u00edmetros de dist\u00e2ncia para ajudar as plantas a crescerem juntas mais rapidamente. Coloque em &hellip;<\/p>\n<p class=\"read-more\"> <a class=\"\" href=\"https:\/\/pfkeepers.com\/english\/product\/lilaeopsis-brasilliensis-pot-tropica\/\"> <span class=\"screen-reader-text\">Lilaeopsis brasilliensis Pot Tropica<\/span> Read More &raquo;<\/a><\/p>","protected":false},"featured_media":49664,"template":"","meta":{"site-sidebar-layout":"default","site-content-layout":"","ast-site-content-layout":"default","site-content-style":"default","site-sidebar-style":"default","ast-global-header-display":"","ast-banner-title-visibility":"","ast-main-header-display":"","ast-hfb-above-header-display":"","ast-hfb-below-header-display":"","ast-hfb-mobile-header-display":"","site-post-title":"","ast-breadcrumbs-content":"","ast-featured-img":"","footer-sml-layout":"","theme-transparent-header-meta":"default","adv-header-id-meta":"","stick-header-meta":"","header-above-stick-meta":"","header-main-stick-meta":"","header-below-stick-meta":"","astra-migrate-meta-layouts":"set"},"product_cat":[1511],"product_tag":[1064],"_links":{"self":[{"href":"https:\/\/pfkeepers.com\/english\/wp-json\/wp\/v2\/product\/49663"}],"collection":[{"href":"https:\/\/pfkeepers.com\/english\/wp-json\/wp\/v2\/product"}],"about":[{"href":"https:\/\/pfkeepers.com\/english\/wp-json\/wp\/v2\/types\/product"}],"wp:featuredmedia":[{"embeddable":true,"href":"https:\/\/pfkeepers.com\/english\/wp-json\/wp\/v2\/media\/49664"}],"wp:attachment":[{"href":"https:\/\/pfkeepers.com\/english\/wp-json\/wp\/v2\/media?parent=49663"}],"wp:term":[{"taxonomy":"product_cat","embeddable":true,"href":"https:\/\/pfkeepers.com\/english\/wp-json\/wp\/v2\/product_cat?post=49663"},{"taxonomy":"product_tag","embeddable":true,"href":"https:\/\/pfkeepers.com\/english\/wp-json\/wp\/v2\/product_tag?post=49663"}],"curies":[{"name":"wp","href":"https:\/\/api.w.org\/{rel}","templated":true}]}}