{"id":49661,"date":"2024-03-04T13:38:19","date_gmt":"2024-03-04T13:38:19","guid":{"rendered":"https:\/\/pfkeepers.com\/produto\/limnophila-sessiliflora-pot-tropica\/"},"modified":"2026-04-18T02:51:23","modified_gmt":"2026-04-18T02:51:23","slug":"limnophila-sessiliflora-pot-tropica","status":"publish","type":"product","link":"https:\/\/pfkeepers.com\/english\/product\/limnophila-sessiliflora-pot-tropica\/","title":{"rendered":"Limnophila sessiliflora Pot, Tropica"},"content":{"rendered":"<p>Limnophila sessiliflora \u00e9 uma planta bonita e pouco exigente do Sudeste Asi\u00e1tico. Uma \u00f3tima alternativa \u00e0 Cabomba, que requer muita luz. Os caules crescem rapidamente at\u00e9 40 cm de altura e t\u00eam 3-4 cm de largura. A planta geralmente fica pernalta com pouca luz, mas isso pode ser neutralizado at\u00e9 certo ponto estimulando o crescimento com a adi\u00e7\u00e3o de CO2. Mais bonito quando plantado em grupos. Em boas condi\u00e7\u00f5es de cultivo, ele envia corredores e espalha-se pelo fundo.<br \/>\nLimnophila sessiliflora costumava ser chamada de &#8220;Ambulia &#8221;.<\/p>\n<p>Informa\u00e7\u00e3o da planta:<\/p>\n<p>Tipo: Haste<br \/>\nOrigem: Asia<br \/>\nPa\u00eds ou continente onde uma planta \u00e9 mais comum. Os cultivares surgem ou s\u00e3o criados em cultivo.<br \/>\nTaxa de crescimento: alta<br \/>\nTaxa de crescimento da planta em compara\u00e7\u00e3o com outras plantas aqu\u00e1ticas.<br \/>\nAltura: 15 &#8211; 30+<br \/>\nAltura m\u00e9dia (cm) da planta ap\u00f3s dois meses no tanque.<br \/>\nDemanda leve: baixa<br \/>\nA demanda de luz m\u00e9dia ou m\u00e9dia de uma planta de aqu\u00e1rio \u00e9 0,5 W \/ L.<br \/>\nCO2: Baixo<br \/>\nUma necessidade m\u00e9dia de CO2 \u00e9 de 6 a 14 mg \/ L. Uma alta demanda de CO2 \u00e9 de aprox. 15-25 mg \/ L.<\/p>","protected":false},"excerpt":{"rendered":"<p>Limnophila sessiliflora \u00e9 uma planta bonita e pouco exigente do Sudeste Asi\u00e1tico. Uma \u00f3tima alternativa \u00e0 Cabomba, que requer muita luz. Os caules crescem rapidamente at\u00e9 40 cm de altura e t\u00eam 3-4 cm de largura. A planta geralmente fica pernalta com pouca luz, mas isso pode ser neutralizado at\u00e9 certo ponto estimulando o crescimento &hellip;<\/p>\n<p class=\"read-more\"> <a class=\"\" href=\"https:\/\/pfkeepers.com\/english\/product\/limnophila-sessiliflora-pot-tropica\/\"> <span class=\"screen-reader-text\">Limnophila sessiliflora Pot, Tropica<\/span> Read More &raquo;<\/a><\/p>","protected":false},"featured_media":49662,"template":"","meta":{"site-sidebar-layout":"default","site-content-layout":"","ast-site-content-layout":"default","site-content-style":"default","site-sidebar-style":"default","ast-global-header-display":"","ast-banner-title-visibility":"","ast-main-header-display":"","ast-hfb-above-header-display":"","ast-hfb-below-header-display":"","ast-hfb-mobile-header-display":"","site-post-title":"","ast-breadcrumbs-content":"","ast-featured-img":"","footer-sml-layout":"","theme-transparent-header-meta":"default","adv-header-id-meta":"","stick-header-meta":"","header-above-stick-meta":"","header-main-stick-meta":"","header-below-stick-meta":"","astra-migrate-meta-layouts":"set"},"product_cat":[1511],"product_tag":[1064],"_links":{"self":[{"href":"https:\/\/pfkeepers.com\/english\/wp-json\/wp\/v2\/product\/49661"}],"collection":[{"href":"https:\/\/pfkeepers.com\/english\/wp-json\/wp\/v2\/product"}],"about":[{"href":"https:\/\/pfkeepers.com\/english\/wp-json\/wp\/v2\/types\/product"}],"wp:featuredmedia":[{"embeddable":true,"href":"https:\/\/pfkeepers.com\/english\/wp-json\/wp\/v2\/media\/49662"}],"wp:attachment":[{"href":"https:\/\/pfkeepers.com\/english\/wp-json\/wp\/v2\/media?parent=49661"}],"wp:term":[{"taxonomy":"product_cat","embeddable":true,"href":"https:\/\/pfkeepers.com\/english\/wp-json\/wp\/v2\/product_cat?post=49661"},{"taxonomy":"product_tag","embeddable":true,"href":"https:\/\/pfkeepers.com\/english\/wp-json\/wp\/v2\/product_tag?post=49661"}],"curies":[{"name":"wp","href":"https:\/\/api.w.org\/{rel}","templated":true}]}}