{"id":49659,"date":"2024-03-04T13:38:16","date_gmt":"2024-03-04T13:38:16","guid":{"rendered":"https:\/\/pfkeepers.com\/produto\/sagittaria-subulata-pot-tropica\/"},"modified":"2025-02-27T20:25:28","modified_gmt":"2025-02-27T20:25:28","slug":"sagittaria-subulata-pot-tropica","status":"publish","type":"product","link":"https:\/\/pfkeepers.com\/english\/product\/sagittaria-subulata-pot-tropica\/","title":{"rendered":"Sagittaria subulata Pot, Tropica"},"content":{"rendered":"<p>Sagittaria subulata da Am\u00e9rica do Sul \u00e9 uma planta de primeiro plano ideal e pouco exigente, cujos corredores curtos formam um grupo compacto.<\/p>\n<p>Coloque as plantas individuais a 2-4 cm de dist\u00e2ncia. Esta planta pode causar problemas porque, em certas condi\u00e7\u00f5es, cresce subitamente at\u00e9 uma altura de 50 cm quando envelhece. Mas se for movido para segundo plano, pode ficar baixo novamente. No aqu\u00e1rio, \u00e0s vezes envia um longo caule de flores para a superf\u00edcie e pequenas flores brancas se desdobram logo acima da superf\u00edcie da \u00e1gua.<\/p>\n<p>Informa\u00e7\u00f5es da planta:<\/p>\n<p>Tipo: Stolon<br \/>\nOrigem: Am\u00e9rica do Sul<br \/>\nPa\u00eds ou continente onde uma planta \u00e9 a mais comum. Cultivares surgem ou s\u00e3o criados em cultivo.<br \/>\nTaxa de crescimento: alta<br \/>\nTaxa de crescimento da planta em compara\u00e7\u00e3o com outras plantas aqu\u00e1ticas.<br \/>\nAltura: 5 &#8211; 30+<br \/>\nAltura m\u00e9dia (cm) da planta ap\u00f3s dois meses no tanque.<br \/>\nDemanda de luz: Baixa<br \/>\nA demanda de luz m\u00e9dia ou m\u00e9dia de uma planta de aqu\u00e1rio \u00e9 de 0,5 W\/L.<br \/>\nCO2: M\u00e9dio<br \/>\nUma necessidade m\u00e9dia de CO2 \u00e9 de 6-14 mg\/L. Uma alta demanda de CO2 \u00e9 de aprox. 15-25 mg\/L.<\/p>","protected":false},"excerpt":{"rendered":"<p>Sagittaria subulata da Am\u00e9rica do Sul \u00e9 uma planta de primeiro plano ideal e pouco exigente, cujos corredores curtos formam um grupo compacto. Coloque as plantas individuais a 2-4 cm de dist\u00e2ncia. Esta planta pode causar problemas porque, em certas condi\u00e7\u00f5es, cresce subitamente at\u00e9 uma altura de 50 cm quando envelhece. Mas se for movido &hellip;<\/p>\n<p class=\"read-more\"> <a class=\"\" href=\"https:\/\/pfkeepers.com\/english\/product\/sagittaria-subulata-pot-tropica\/\"> <span class=\"screen-reader-text\">Sagittaria subulata Pot, Tropica<\/span> Read More &raquo;<\/a><\/p>","protected":false},"featured_media":49660,"template":"","meta":{"site-sidebar-layout":"default","site-content-layout":"","ast-site-content-layout":"default","site-content-style":"default","site-sidebar-style":"default","ast-global-header-display":"","ast-banner-title-visibility":"","ast-main-header-display":"","ast-hfb-above-header-display":"","ast-hfb-below-header-display":"","ast-hfb-mobile-header-display":"","site-post-title":"","ast-breadcrumbs-content":"","ast-featured-img":"","footer-sml-layout":"","theme-transparent-header-meta":"default","adv-header-id-meta":"","stick-header-meta":"","header-above-stick-meta":"","header-main-stick-meta":"","header-below-stick-meta":"","astra-migrate-meta-layouts":"set"},"product_cat":[1511],"product_tag":[1064],"_links":{"self":[{"href":"https:\/\/pfkeepers.com\/english\/wp-json\/wp\/v2\/product\/49659"}],"collection":[{"href":"https:\/\/pfkeepers.com\/english\/wp-json\/wp\/v2\/product"}],"about":[{"href":"https:\/\/pfkeepers.com\/english\/wp-json\/wp\/v2\/types\/product"}],"wp:featuredmedia":[{"embeddable":true,"href":"https:\/\/pfkeepers.com\/english\/wp-json\/wp\/v2\/media\/49660"}],"wp:attachment":[{"href":"https:\/\/pfkeepers.com\/english\/wp-json\/wp\/v2\/media?parent=49659"}],"wp:term":[{"taxonomy":"product_cat","embeddable":true,"href":"https:\/\/pfkeepers.com\/english\/wp-json\/wp\/v2\/product_cat?post=49659"},{"taxonomy":"product_tag","embeddable":true,"href":"https:\/\/pfkeepers.com\/english\/wp-json\/wp\/v2\/product_tag?post=49659"}],"curies":[{"name":"wp","href":"https:\/\/api.w.org\/{rel}","templated":true}]}}