{"id":49653,"date":"2024-03-04T13:38:07","date_gmt":"2024-03-04T13:38:07","guid":{"rendered":"https:\/\/pfkeepers.com\/produto\/cryptocoryne-x-willisii-pot-tropica\/"},"modified":"2026-04-18T02:51:05","modified_gmt":"2026-04-18T02:51:05","slug":"cryptocoryne-x-willisii-pot-tropica","status":"publish","type":"product","link":"https:\/\/pfkeepers.com\/english\/product\/cryptocoryne-x-willisii-pot-tropica\/","title":{"rendered":"Cryptocoryne x willisii Pot, Tropica"},"content":{"rendered":"<p>Este Cryptocoryne do Sri Lanka costumava (erroneamente) ser chamado de Cryptocoryne nevillii, mas este \u00e9 o nome de uma esp\u00e9cie que nunca foi usada em aqu\u00e1rios. Como muitos outros Cryptocorynes, n\u00e3o acontece muita coisa no primeiro m\u00eas ap\u00f3s o plantio. Mas ent\u00e3o come\u00e7a a crescer e produz de bom grado muitos corredores que formam um grupo compacto. A planta fica com 7-20 cm de altura e cada roseta com 7-15 cm de largura.<\/p>\n<p>Informa\u00e7\u00f5es da planta:<\/p>\n<p>Tipo: Rosulado<br \/>\nOrigem: \u00c1sia<br \/>\nPa\u00eds ou continente onde uma planta \u00e9 a mais comum. Cultivares surgem ou s\u00e3o criados em cultivo.<br \/>\nTaxa de crescimento: Lento<br \/>\nTaxa de crescimento da planta em compara\u00e7\u00e3o com outras plantas aqu\u00e1ticas.<br \/>\nAltura: 10 &#8211; 20+<br \/>\nAltura m\u00e9dia (cm) da planta ap\u00f3s dois meses no tanque.<br \/>\nDemanda de luz: Baixa<br \/>\nA demanda de luz m\u00e9dia ou m\u00e9dia de uma planta de aqu\u00e1rio \u00e9 de 0,5 W\/L.<br \/>\nCO2: Baixo<br \/>\nUma necessidade m\u00e9dia de CO2 \u00e9 de 6-14 mg\/L. Uma alta demanda de CO2 \u00e9 de aprox. 15-25 mg\/L.<\/p>","protected":false},"excerpt":{"rendered":"<p>Este Cryptocoryne do Sri Lanka costumava (erroneamente) ser chamado de Cryptocoryne nevillii, mas este \u00e9 o nome de uma esp\u00e9cie que nunca foi usada em aqu\u00e1rios. Como muitos outros Cryptocorynes, n\u00e3o acontece muita coisa no primeiro m\u00eas ap\u00f3s o plantio. Mas ent\u00e3o come\u00e7a a crescer e produz de bom grado muitos corredores que formam um &hellip;<\/p>\n<p class=\"read-more\"> <a class=\"\" href=\"https:\/\/pfkeepers.com\/english\/product\/cryptocoryne-x-willisii-pot-tropica\/\"> <span class=\"screen-reader-text\">Cryptocoryne x willisii Pot, Tropica<\/span> Read More &raquo;<\/a><\/p>","protected":false},"featured_media":49654,"template":"","meta":{"site-sidebar-layout":"default","site-content-layout":"","ast-site-content-layout":"default","site-content-style":"default","site-sidebar-style":"default","ast-global-header-display":"","ast-banner-title-visibility":"","ast-main-header-display":"","ast-hfb-above-header-display":"","ast-hfb-below-header-display":"","ast-hfb-mobile-header-display":"","site-post-title":"","ast-breadcrumbs-content":"","ast-featured-img":"","footer-sml-layout":"","theme-transparent-header-meta":"default","adv-header-id-meta":"","stick-header-meta":"","header-above-stick-meta":"","header-main-stick-meta":"","header-below-stick-meta":"","astra-migrate-meta-layouts":"set"},"product_cat":[1511],"product_tag":[1064],"_links":{"self":[{"href":"https:\/\/pfkeepers.com\/english\/wp-json\/wp\/v2\/product\/49653"}],"collection":[{"href":"https:\/\/pfkeepers.com\/english\/wp-json\/wp\/v2\/product"}],"about":[{"href":"https:\/\/pfkeepers.com\/english\/wp-json\/wp\/v2\/types\/product"}],"wp:featuredmedia":[{"embeddable":true,"href":"https:\/\/pfkeepers.com\/english\/wp-json\/wp\/v2\/media\/49654"}],"wp:attachment":[{"href":"https:\/\/pfkeepers.com\/english\/wp-json\/wp\/v2\/media?parent=49653"}],"wp:term":[{"taxonomy":"product_cat","embeddable":true,"href":"https:\/\/pfkeepers.com\/english\/wp-json\/wp\/v2\/product_cat?post=49653"},{"taxonomy":"product_tag","embeddable":true,"href":"https:\/\/pfkeepers.com\/english\/wp-json\/wp\/v2\/product_tag?post=49653"}],"curies":[{"name":"wp","href":"https:\/\/api.w.org\/{rel}","templated":true}]}}