{"id":49651,"date":"2024-03-04T13:38:04","date_gmt":"2024-03-04T13:38:04","guid":{"rendered":"https:\/\/pfkeepers.com\/produto\/cryptocoryne-wendtii-pot-tropica\/"},"modified":"2026-04-11T21:48:13","modified_gmt":"2026-04-11T21:48:13","slug":"cryptocoryne-wendtii-pot-tropica","status":"publish","type":"product","link":"https:\/\/pfkeepers.com\/english\/product\/cryptocoryne-wendtii-pot-tropica\/","title":{"rendered":"Cryptocoryne wendtii Pot Tropica &#8220;Green&#8221;"},"content":{"rendered":"<p>Cryptocoryne wendtii \u2018Green\u2019 \u00e9 adequado para pequenos aqu\u00e1rios com uma altura de 10-15 cm e uma roseta de 8-15 cm de largura. Quando cultivadas em um espa\u00e7o aberto, as folhas ficar\u00e3o virtualmente no fundo. Como a maioria dos outros criptoc\u00f3rnios do Sri Lanka, tamb\u00e9m cresce bem em \u00e1gua dura.<\/p>\n<p>Informa\u00e7\u00e3o da planta:<\/p>\n<p>Tipo: Rosulado<br \/>\nOrigem: Asia<br \/>\nPa\u00eds ou continente onde uma planta \u00e9 mais comum. Os cultivares surgem ou s\u00e3o criados em cultivo.<br \/>\nTaxa de crescimento: M\u00e9dia<br \/>\nTaxa de crescimento da planta em compara\u00e7\u00e3o com outras plantas aqu\u00e1ticas.<br \/>\nAltura: 10 &#8211; 30+<br \/>\nAltura m\u00e9dia (cm) da planta ap\u00f3s dois meses no tanque.<br \/>\nDemanda leve: baixa<br \/>\nA demanda de luz m\u00e9dia ou m\u00e9dia de uma planta de aqu\u00e1rio \u00e9 0,5 W \/ L.<br \/>\nCO2: Baixo<br \/>\nUma necessidade m\u00e9dia de CO2 \u00e9 de 6 a 14 mg \/ L. Uma alta demanda de CO2 \u00e9 de aprox. 15-25 mg \/ L.<\/p>","protected":false},"excerpt":{"rendered":"<p>Cryptocoryne wendtii \u2018Green\u2019 \u00e9 adequado para pequenos aqu\u00e1rios com uma altura de 10-15 cm e uma roseta de 8-15 cm de largura. Quando cultivadas em um espa\u00e7o aberto, as folhas ficar\u00e3o virtualmente no fundo. Como a maioria dos outros criptoc\u00f3rnios do Sri Lanka, tamb\u00e9m cresce bem em \u00e1gua dura. Informa\u00e7\u00e3o da planta: Tipo: Rosulado Origem: &hellip;<\/p>\n<p class=\"read-more\"> <a class=\"\" href=\"https:\/\/pfkeepers.com\/english\/product\/cryptocoryne-wendtii-pot-tropica\/\"> <span class=\"screen-reader-text\">Cryptocoryne wendtii Pot Tropica &#8220;Green&#8221;<\/span> Read More &raquo;<\/a><\/p>","protected":false},"featured_media":49652,"template":"","meta":{"site-sidebar-layout":"default","site-content-layout":"","ast-site-content-layout":"default","site-content-style":"default","site-sidebar-style":"default","ast-global-header-display":"","ast-banner-title-visibility":"","ast-main-header-display":"","ast-hfb-above-header-display":"","ast-hfb-below-header-display":"","ast-hfb-mobile-header-display":"","site-post-title":"","ast-breadcrumbs-content":"","ast-featured-img":"","footer-sml-layout":"","theme-transparent-header-meta":"default","adv-header-id-meta":"","stick-header-meta":"","header-above-stick-meta":"","header-main-stick-meta":"","header-below-stick-meta":"","astra-migrate-meta-layouts":"set"},"product_cat":[1511],"product_tag":[1064],"_links":{"self":[{"href":"https:\/\/pfkeepers.com\/english\/wp-json\/wp\/v2\/product\/49651"}],"collection":[{"href":"https:\/\/pfkeepers.com\/english\/wp-json\/wp\/v2\/product"}],"about":[{"href":"https:\/\/pfkeepers.com\/english\/wp-json\/wp\/v2\/types\/product"}],"wp:featuredmedia":[{"embeddable":true,"href":"https:\/\/pfkeepers.com\/english\/wp-json\/wp\/v2\/media\/49652"}],"wp:attachment":[{"href":"https:\/\/pfkeepers.com\/english\/wp-json\/wp\/v2\/media?parent=49651"}],"wp:term":[{"taxonomy":"product_cat","embeddable":true,"href":"https:\/\/pfkeepers.com\/english\/wp-json\/wp\/v2\/product_cat?post=49651"},{"taxonomy":"product_tag","embeddable":true,"href":"https:\/\/pfkeepers.com\/english\/wp-json\/wp\/v2\/product_tag?post=49651"}],"curies":[{"name":"wp","href":"https:\/\/api.w.org\/{rel}","templated":true}]}}