{"id":49649,"date":"2024-03-04T13:38:01","date_gmt":"2024-03-04T13:38:01","guid":{"rendered":"https:\/\/pfkeepers.com\/produto\/microsorum-pteropus-narrow-pot-tropica\/"},"modified":"2026-04-19T00:05:35","modified_gmt":"2026-04-19T00:05:35","slug":"microsorum-pteropus-narrow-pot-tropica","status":"publish","type":"product","link":"https:\/\/pfkeepers.com\/english\/product\/microsorum-pteropus-narrow-pot-tropica\/","title":{"rendered":"Microsorum pteropus &#8216;Narrow&#8217; Pot Tropica"},"content":{"rendered":"<p>Microsorum pteropus \u00e9 uma samambaia de \u00e1gua da \u00c1sia, 15-30 cm de altura. Para ser cultivado em uma raiz ou pedra, amarrado com linha de pesca at\u00e9 que ela se agarre. Se plantado no fundo, n\u00e3o cubra o rizoma, pois ele apodrecer\u00e1. F\u00e1cil de propagar dividindo o rizoma horizontal. Uma planta resistente que cresce em todas as condi\u00e7\u00f5es. As manchas pretas sob as folhas s\u00e3o espor\u00e2ngios (\u00f3rg\u00e3os reprodutivos), n\u00e3o sinais de doen\u00e7a, como muitos acreditam.<\/p>\n<p>Informa\u00e7\u00f5es da planta:<\/p>\n<p>Tipo: Rizomatoso<br \/>\nOrigem: \u00c1sia<br \/>\nPa\u00eds ou continente onde uma planta \u00e9 a mais comum. Cultivares surgem ou s\u00e3o criados em cultivo.<br \/>\nTaxa de crescimento: Lento<br \/>\nTaxa de crescimento da planta em compara\u00e7\u00e3o com outras plantas aqu\u00e1ticas.<br \/>\nAltura: 15 &#8211; 30+<br \/>\nAltura m\u00e9dia (cm) da planta ap\u00f3s dois meses no tanque.<br \/>\nDemanda de luz: Baixa<br \/>\nA demanda de luz m\u00e9dia ou m\u00e9dia de uma planta de aqu\u00e1rio \u00e9 de 0,5 W\/L.<br \/>\nCO2: Baixo<br \/>\nUma necessidade m\u00e9dia de CO2 \u00e9 de 6-14 mg\/L. Uma alta demanda de CO2 \u00e9 de aprox. 15-25 mg\/L.<\/p>","protected":false},"excerpt":{"rendered":"<p>Microsorum pteropus \u00e9 uma samambaia de \u00e1gua da \u00c1sia, 15-30 cm de altura. Para ser cultivado em uma raiz ou pedra, amarrado com linha de pesca at\u00e9 que ela se agarre. Se plantado no fundo, n\u00e3o cubra o rizoma, pois ele apodrecer\u00e1. F\u00e1cil de propagar dividindo o rizoma horizontal. Uma planta resistente que cresce em &hellip;<\/p>\n<p class=\"read-more\"> <a class=\"\" href=\"https:\/\/pfkeepers.com\/english\/product\/microsorum-pteropus-narrow-pot-tropica\/\"> <span class=\"screen-reader-text\">Microsorum pteropus &#8216;Narrow&#8217; Pot Tropica<\/span> Read More &raquo;<\/a><\/p>","protected":false},"featured_media":49650,"template":"","meta":{"site-sidebar-layout":"default","site-content-layout":"","ast-site-content-layout":"default","site-content-style":"default","site-sidebar-style":"default","ast-global-header-display":"","ast-banner-title-visibility":"","ast-main-header-display":"","ast-hfb-above-header-display":"","ast-hfb-below-header-display":"","ast-hfb-mobile-header-display":"","site-post-title":"","ast-breadcrumbs-content":"","ast-featured-img":"","footer-sml-layout":"","theme-transparent-header-meta":"default","adv-header-id-meta":"","stick-header-meta":"","header-above-stick-meta":"","header-main-stick-meta":"","header-below-stick-meta":"","astra-migrate-meta-layouts":"set"},"product_cat":[1511],"product_tag":[1064],"_links":{"self":[{"href":"https:\/\/pfkeepers.com\/english\/wp-json\/wp\/v2\/product\/49649"}],"collection":[{"href":"https:\/\/pfkeepers.com\/english\/wp-json\/wp\/v2\/product"}],"about":[{"href":"https:\/\/pfkeepers.com\/english\/wp-json\/wp\/v2\/types\/product"}],"wp:featuredmedia":[{"embeddable":true,"href":"https:\/\/pfkeepers.com\/english\/wp-json\/wp\/v2\/media\/49650"}],"wp:attachment":[{"href":"https:\/\/pfkeepers.com\/english\/wp-json\/wp\/v2\/media?parent=49649"}],"wp:term":[{"taxonomy":"product_cat","embeddable":true,"href":"https:\/\/pfkeepers.com\/english\/wp-json\/wp\/v2\/product_cat?post=49649"},{"taxonomy":"product_tag","embeddable":true,"href":"https:\/\/pfkeepers.com\/english\/wp-json\/wp\/v2\/product_tag?post=49649"}],"curies":[{"name":"wp","href":"https:\/\/api.w.org\/{rel}","templated":true}]}}