{"id":49647,"date":"2024-03-04T13:37:58","date_gmt":"2024-03-04T13:37:58","guid":{"rendered":"https:\/\/pfkeepers.com\/produto\/hygrophila-siamensis-53b-pot-tropica\/"},"modified":"2025-02-27T20:25:09","modified_gmt":"2025-02-27T20:25:09","slug":"hygrophila-siamensis-53b-pot-tropica","status":"publish","type":"product","link":"https:\/\/pfkeepers.com\/english\/product\/hygrophila-siamensis-53b-pot-tropica\/","title":{"rendered":"Hygrophila Siamensis 53B Pot, Tropica"},"content":{"rendered":"<p>Hygrophila corymbosa &#8216;Siamensis 53B&#8217; \u00e9 uma variedade de Hygrophila corymbosa &#8216;Siamensis&#8217;. Esta Hygrophila &#8216;Siamensis 53B&#8217; forma uma quantidade incr\u00edvel de brotos laterais e torna-se espessa com relativa rapidez.<\/p>\n<p>As hastes tornam-se 15-40 cm de altura e 7-12 cm de largura. Suas belas folhas verdes brilhantes s\u00e3o mais estreitas do que a &#8216;Siamensis&#8217; regular e pode obter folhas marrom-avermelhadas em boas condi\u00e7\u00f5es de luz. Uma planta pouco exigente e de crescimento r\u00e1pido que requer podas frequentes para manter um crescimento espesso. Replantar brotos cortados; eles logo formar\u00e3o novas ra\u00edzes e crescer\u00e3o.<\/p>\n<p>Informa\u00e7\u00f5es da planta:<\/p>\n<p>Tipo: Haste<br \/>\nOrigem: \u00c1sia<br \/>\nPa\u00eds ou continente onde uma planta \u00e9 a mais comum. Cultivares surgem ou s\u00e3o criados em cultivo.<br \/>\nTaxa de crescimento: m\u00e9dia<br \/>\nTaxa de crescimento da planta em compara\u00e7\u00e3o com outras plantas aqu\u00e1ticas.<br \/>\nAltura: 15 &#8211; 30+<br \/>\nAltura m\u00e9dia (cm) da planta ap\u00f3s dois meses no tanque.<br \/>\nDemanda de luz: Baixa<br \/>\nA demanda de luz m\u00e9dia ou m\u00e9dia de uma planta de aqu\u00e1rio \u00e9 de 0,5 W\/L.<br \/>\nCO2: Baixo<br \/>\nUma necessidade m\u00e9dia de CO2 \u00e9 de 6-14 mg\/L. Uma alta demanda de CO2 \u00e9 de aprox. 15-25 mg\/L.<\/p>","protected":false},"excerpt":{"rendered":"<p>Hygrophila corymbosa &#8216;Siamensis 53B&#8217; \u00e9 uma variedade de Hygrophila corymbosa &#8216;Siamensis&#8217;. Esta Hygrophila &#8216;Siamensis 53B&#8217; forma uma quantidade incr\u00edvel de brotos laterais e torna-se espessa com relativa rapidez. As hastes tornam-se 15-40 cm de altura e 7-12 cm de largura. Suas belas folhas verdes brilhantes s\u00e3o mais estreitas do que a &#8216;Siamensis&#8217; regular e pode &hellip;<\/p>\n<p class=\"read-more\"> <a class=\"\" href=\"https:\/\/pfkeepers.com\/english\/product\/hygrophila-siamensis-53b-pot-tropica\/\"> <span class=\"screen-reader-text\">Hygrophila Siamensis 53B Pot, Tropica<\/span> Read More &raquo;<\/a><\/p>","protected":false},"featured_media":49648,"template":"","meta":{"site-sidebar-layout":"default","site-content-layout":"","ast-site-content-layout":"default","site-content-style":"default","site-sidebar-style":"default","ast-global-header-display":"","ast-banner-title-visibility":"","ast-main-header-display":"","ast-hfb-above-header-display":"","ast-hfb-below-header-display":"","ast-hfb-mobile-header-display":"","site-post-title":"","ast-breadcrumbs-content":"","ast-featured-img":"","footer-sml-layout":"","theme-transparent-header-meta":"default","adv-header-id-meta":"","stick-header-meta":"","header-above-stick-meta":"","header-main-stick-meta":"","header-below-stick-meta":"","astra-migrate-meta-layouts":"set"},"product_cat":[1511],"product_tag":[1064],"_links":{"self":[{"href":"https:\/\/pfkeepers.com\/english\/wp-json\/wp\/v2\/product\/49647"}],"collection":[{"href":"https:\/\/pfkeepers.com\/english\/wp-json\/wp\/v2\/product"}],"about":[{"href":"https:\/\/pfkeepers.com\/english\/wp-json\/wp\/v2\/types\/product"}],"wp:featuredmedia":[{"embeddable":true,"href":"https:\/\/pfkeepers.com\/english\/wp-json\/wp\/v2\/media\/49648"}],"wp:attachment":[{"href":"https:\/\/pfkeepers.com\/english\/wp-json\/wp\/v2\/media?parent=49647"}],"wp:term":[{"taxonomy":"product_cat","embeddable":true,"href":"https:\/\/pfkeepers.com\/english\/wp-json\/wp\/v2\/product_cat?post=49647"},{"taxonomy":"product_tag","embeddable":true,"href":"https:\/\/pfkeepers.com\/english\/wp-json\/wp\/v2\/product_tag?post=49647"}],"curies":[{"name":"wp","href":"https:\/\/api.w.org\/{rel}","templated":true}]}}